
{"id":141317,"date":"2026-03-24T11:44:24","date_gmt":"2026-03-24T11:44:24","guid":{"rendered":"https:\/\/gevelridder.nl\/product\/the-cannon-elevador-de-instalacao-compacto-75-250-kg-branco\/"},"modified":"2026-05-08T12:51:55","modified_gmt":"2026-05-08T12:51:55","slug":"the-cannon-elevador-de-instalacao-compacto-75-250-kg-branco","status":"publish","type":"product","link":"https:\/\/gevelridder.nl\/pt-pt\/produto\/the-cannon-elevador-de-instalacao-compacto-75-250-kg-branco\/","title":{"rendered":"The Cannon &#8211; Elevador de instala\u00e7\u00e3o compacto (75-250 kg) branco"},"content":{"rendered":"\n<h3 class=\"wp-block-heading\"><strong>GEVELRIDDER Mini grua leve The Cannon &#8211; A eleva\u00e7\u00e3o inteligente come\u00e7a aqui<\/strong><\/h3>\n\n<p>Procuras uma solu\u00e7\u00e3o de eleva\u00e7\u00e3o compacta, \u00e1gil e potente para vidros, caixilhos de janelas ou azulejos? Ent\u00e3o, a <strong>mini-guindaste leve GEVELRIDDER The Cannon<\/strong> \u00e9 a solu\u00e7\u00e3o perfeita para os profissionais da constru\u00e7\u00e3o, dos acabamentos e do envidra\u00e7amento. Esta inovadora mini-guindaste combina for\u00e7a, flexibilidade e facilidade de utiliza\u00e7\u00e3o numa unidade compacta.  <\/p>\n\n<p>Com um limite de carga de trabalho de 75 a 250 kg, The Cannon \u00e9 ideal para instalar pain\u00e9is de vidro pesados, caixilhos de janelas ou elementos de pavimento. Gra\u00e7as ao seu baixo peso total de apenas 58 kg, a <strong>mini-grua leve GEVELRIDDER The Cannon<\/strong> pode ser facilmente transportada numa pequena carrinha, como uma Caddy. Apenas uma pessoa \u00e9 necess\u00e1ria para montar e operar o aparelho.  <\/p>\n\n<p>O que verdadeiramente distingue esta mini-guindaste \u00e9 a combina\u00e7\u00e3o inteligente de um mastro ajust\u00e1vel horizontalmente e uma ventosa montada com fio. Isto d\u00e1-te mais velocidade, seguran\u00e7a e precis\u00e3o durante a instala\u00e7\u00e3o &#8211; sem esfor\u00e7o para as costas. \u00c9 perfeita para levantar estruturas em A ou reboques, ou para colocar pain\u00e9is de vidro pesados no ch\u00e3o.  <\/p>\n\n<p>A <strong>mini-guindaste leve GEVELRIDDER The Cannon<\/strong> possui rodas girat\u00f3rias com trav\u00f5es, um mastro ajust\u00e1vel acionado por um berbequim sem fios e um sistema de lastro que utiliza discos de peso separados. Cada unidade \u00e9 fabricada \u00e0 m\u00e3o nos Pa\u00edses Baixos e concebida para ser dur\u00e1vel e confort\u00e1vel para o utilizador. <\/p>\n\n<p><strong>Aplica\u00e7\u00f5es:<\/strong><\/p>\n\n<ul class=\"wp-block-list\">\n<li>Instala\u00e7\u00e3o de vidros, incluindo vidros triplos<\/li>\n\n\n\n<li>Fixa\u00e7\u00e3o do caixilho da janela<\/li>\n\n\n\n<li>Coloca\u00e7\u00e3o de azulejos (pavimentos e paredes)<\/li>\n\n\n\n<li>Constru\u00e7\u00e3o de fachadas e interiores<\/li>\n<\/ul>\n\n<p><strong>Porqu\u00ea escolher o The Cannon?<\/strong><\/p>\n\n<ul class=\"wp-block-list\">\n<li>Leve e compacto<\/li>\n\n\n\n<li>Ergon\u00f3mico e amigo das costas<\/li>\n\n\n\n<li>Operado por uma \u00fanica pessoa<\/li>\n\n\n\n<li>Fabricado de forma sustent\u00e1vel nos Pa\u00edses Baixos<\/li>\n\n\n\n<li>Faz parte da gama de produtos GEVELRIDDER<\/li>\n<\/ul>\n\n<p>Torna o teu trabalho mais f\u00e1cil, mais seguro e mais eficiente com a <strong>mini-guindaste leve GEVELRIDDER The Cannon<\/strong> &#8211; a solu\u00e7\u00e3o de eleva\u00e7\u00e3o inteligente para todos os locais de trabalho.<\/p>\n","protected":false},"excerpt":{"rendered":"<h3 class=\"ai-optimize-70\" data-start=\"63\" data-end=\"123\"><strong data-start=\"67\" data-end=\"121\">The Cannon &#8211; Elevador de instala\u00e7\u00e3o compacto (75-250 kg)<\/strong><\/h3>\n<p class=\"ai-optimize-71\" data-start=\"124\" data-end=\"434\">O Cannon \u00e9 um elevador de instala\u00e7\u00e3o leve e port\u00e1til, concebido para manusear vidro, caixilhos de janelas e azulejos. O seu design inteligente permite a eleva\u00e7\u00e3o sem esfor\u00e7o de at\u00e9 250 kg. Cabe numa pequena carrinha e pode ser operado por uma \u00fanica pessoa, o que o torna ideal para uma eleva\u00e7\u00e3o precisa e ergon\u00f3mica em estaleiros de constru\u00e7\u00e3o.  <\/p>\n<p class=\"ai-optimize-72\" data-start=\"436\" data-end=\"455\"><strong data-start=\"436\" data-end=\"455\">Especifica\u00e7\u00f5es:<\/strong><\/p>\n<p class=\"ai-optimize-74\" data-start=\"459\" data-end=\"500\"><strong data-start=\"459\" data-end=\"488\"><b>Limite <\/b>de carga de trabalho (WLL):<\/strong> 75-250 kg<\/p>\n<p class=\"ai-optimize-76\" data-start=\"503\" data-end=\"547\"><strong data-start=\"503\" data-end=\"518\">Peso pr\u00f3prio:<\/strong> 39 kg (base), 19 kg (lan\u00e7a)<\/p>\n<p class=\"ai-optimize-78\" data-start=\"550\" data-end=\"587\"><strong data-start=\"550\" data-end=\"577\">Altura m\u00e1xima de eleva\u00e7\u00e3o:<\/strong> 2480 mm<\/p>\n<p class=\"ai-optimize-80\" data-start=\"590\" data-end=\"618\"><strong data-start=\"590\" data-end=\"608\">Alcance m\u00e1ximo:<\/strong> 1150 mm<\/p>\n<p class=\"ai-optimize-82\" data-start=\"621\" data-end=\"667\"><strong data-start=\"621\" data-end=\"644\"><b>\u2714 <\/b> (C\u00d7L\u00d7A):<\/strong> 1330 \u00d7 800 \u00d7 1130 mm<\/p>\n<p class=\"ai-optimize-84\" data-start=\"670\" data-end=\"706\"><strong data-start=\"670\" data-end=\"683\">Material:<\/strong> Alum\u00ednio de alta qualidade<\/p>\n<p class=\"ai-optimize-86\" data-start=\"709\" data-end=\"736\"><strong data-start=\"709\" data-end=\"719\">Cor:<\/strong> preto \/ laranja<\/p>\n<p class=\"ai-optimize-88\" data-start=\"739\" data-end=\"770\"><strong data-start=\"739\" data-end=\"751\"><b>Lastro <\/b>:<\/strong> 10 discos de 9 kg<\/p>\n<p class=\"ai-optimize-90\" data-start=\"773\" data-end=\"814\"><strong data-start=\"773\" data-end=\"786\"><b>Mobilidade<\/b>:<\/strong> Rodas girat\u00f3rias com trav\u00f5es<\/p>\n<p class=\"ai-optimize-92\" data-start=\"817\" data-end=\"873\"><strong data-start=\"817\" data-end=\"834\">Sistema de acionamento:<\/strong> Guincho de cinta acionado por berbequim sem fios<\/p>\n<p class=\"ai-optimize-58\" data-start=\"817\" data-end=\"873\"><strong data-start=\"817\" data-end=\"834\"><b>Feito na Holanda<\/b><\/strong><\/p>\n","protected":false},"featured_media":0,"template":"","meta":{"_acf_changed":false,"_seopress_robots_primary_cat":"none","_seopress_titles_title":"","_seopress_titles_desc":"","_seopress_robots_index":""},"product_brand":[],"product_cat":[2714,2978,2927,2949,2750],"product_tag":[2936,2953,2772,2932,2933,2661,2941,2944,2940,2937,2826,2769,2938,2939,2981,2979,2980,2934,2832,2982,2943,2942,2945,2771,2754,2760],"class_list":{"0":"post-141317","1":"product","2":"type-product","3":"status-publish","5":"product_cat-carrinhos","6":"product_cat-elevadores-de-vidro","7":"product_cat-gevelridder-glasslift","8":"product_cat-gevelridder-glasslift-2","9":"product_cat-mini-grua","10":"product_tag-aluguer-de-elevadores-de-vidro","11":"product_tag-ar-condicionado-de-elevacao","12":"product_tag-caixilho-da-janela","13":"product_tag-cavaleiro-de-fachada-gevelridder-m","14":"product_tag-cavaleiro-de-fachada-hibrido-eletrico-gevelridder","15":"product_tag-colocacao-do-vidro","16":"product_tag-comerciante","17":"product_tag-desabafa","18":"product_tag-elevador-de-escada","19":"product_tag-elevador-de-vidro-2","20":"product_tag-elevador-de-vidro","21":"product_tag-glaser","22":"product_tag-glasslifting","23":"product_tag-griplift","24":"product_tag-instalar-ar-condicionado","25":"product_tag-inversor-de-elevacao-de-paineis-solares","26":"product_tag-inversor-monetario","27":"product_tag-levanta-te","28":"product_tag-miroiterapia","29":"product_tag-montagem-de-toldos","30":"product_tag-protetor-solar","31":"product_tag-sirliftalot","32":"product_tag-viavac","33":"product_tag-vidraceiro","34":"product_tag-vidro-de-elevacao-novo","35":"product_tag-vidro-de-montagem","36":"product_shipping_class-gevelridder-m","38":"first","39":"instock","40":"taxable","41":"shipping-taxable","42":"purchasable","43":"product-type-simple"},"acf":[],"_links":{"self":[{"href":"https:\/\/gevelridder.nl\/pt-pt\/wp-json\/wp\/v2\/product\/141317","targetHints":{"allow":["GET"]}}],"collection":[{"href":"https:\/\/gevelridder.nl\/pt-pt\/wp-json\/wp\/v2\/product"}],"about":[{"href":"https:\/\/gevelridder.nl\/pt-pt\/wp-json\/wp\/v2\/types\/product"}],"wp:attachment":[{"href":"https:\/\/gevelridder.nl\/pt-pt\/wp-json\/wp\/v2\/media?parent=141317"}],"wp:term":[{"taxonomy":"product_brand","embeddable":true,"href":"https:\/\/gevelridder.nl\/pt-pt\/wp-json\/wp\/v2\/product_brand?post=141317"},{"taxonomy":"product_cat","embeddable":true,"href":"https:\/\/gevelridder.nl\/pt-pt\/wp-json\/wp\/v2\/product_cat?post=141317"},{"taxonomy":"product_tag","embeddable":true,"href":"https:\/\/gevelridder.nl\/pt-pt\/wp-json\/wp\/v2\/product_tag?post=141317"}],"curies":[{"name":"wp","href":"https:\/\/api.w.org\/{rel}","templated":true}]}}