
{"id":141315,"date":"2026-03-24T08:17:09","date_gmt":"2026-03-24T08:17:09","guid":{"rendered":"https:\/\/gevelridder.nl\/product\/pistao-da-bomba-manual-de-vacuo-automatica-kim23-plus\/"},"modified":"2026-05-08T12:51:28","modified_gmt":"2026-05-08T12:51:28","slug":"pistao-da-bomba-manual-de-vacuo-automatica-kim23-plus","status":"publish","type":"product","link":"https:\/\/gevelridder.nl\/pt-pt\/produto\/pistao-da-bomba-manual-de-vacuo-automatica-kim23-plus\/","title":{"rendered":"Pist\u00e3o da bomba manual de v\u00e1cuo autom\u00e1tica KIM23 Plus"},"content":{"rendered":"\n<h2 class=\"wp-block-heading\">Facade Knight (Gevelridder) apresenta o KIM23<\/h2>\n\n<p>Os pist\u00f5es pretos da bomba podem deixar marcas no vidro, mas se utilizares esta vers\u00e3o cinzenta n\u00e3o ter\u00e1s este problema. Os pist\u00f5es t\u00eam um punho de borracha para uma prote\u00e7\u00e3o extra dos bordos. Este pist\u00e3o de bomba avan\u00e7ado \u00e9 alimentado por uma bateria interna de l\u00edtio, que tamb\u00e9m \u00e9 mais pesada do que a vers\u00e3o kim75. O elevador de v\u00e1cuo foi concebido especificamente para levantar superf\u00edcies n\u00e3o porosas. O KIM23 Plus est\u00e1 equipado com um sistema de v\u00e1cuo autom\u00e1tico, incluindo um visor digital para um desempenho \u00f3timo e facilidade de utiliza\u00e7\u00e3o.    <\/p>\n\n<p>Levantador de azulejos\/vidro\/madeira com fun\u00e7\u00e3o de aspira\u00e7\u00e3o autom\u00e1tica O KIM120 Plus \u00e9 uma adi\u00e7\u00e3o valiosa \u00e0 nossa crescente gama de produtos de v\u00e1cuo, especialmente no segmento acess\u00edvel. A um pre\u00e7o imbat\u00edvel, este elevador a v\u00e1cuo pode levantar sem esfor\u00e7o at\u00e9 um m\u00e1ximo de 120 kg na horizontal e 100 kg na vertical. Possui uma fun\u00e7\u00e3o de v\u00e1cuo autom\u00e1tica, em que a bomba se liga automaticamente assim que a press\u00e3o de v\u00e1cuo atinge cerca de \u00b1 -0,5 bar. Quando a press\u00e3o negativa desejada \u00e9 atingida, a bomba desliga-se automaticamente.   <\/p>\n\n<p>O aspirador de bomba KIM120 Plus foi concebido em conjunto com as dicas da Fa\u00e7ade Knight e baseia-se numa tecnologia de v\u00e1cuo comprovada. O novo KIM23 foi melhorado em todas as frentes. Apresenta um pr\u00e1tico visor LED que mostra informa\u00e7\u00f5es importantes com c\u00f3digos de cores &#8211; verde para o n\u00edvel de v\u00e1cuo e vermelho para o n\u00edvel da bateria. Isto mant\u00e9m-te sempre informado sobre o estado do KIM23.   <\/p>\n\n<p>Ventosa de bomba KIM23+ para superf\u00edcies n\u00e3o porosas A KIM23+ oferece uma solu\u00e7\u00e3o muito econ\u00f3mica, mas tem em aten\u00e7\u00e3o que esta ventosa s\u00f3 \u00e9 adequada para levantar materiais n\u00e3o porosos e lisos, como placas de vidro, azulejos de cer\u00e2mica e outras superf\u00edcies lisas.<\/p>\n\n<p>Alimentado por uma bateria de l\u00edtio mais potente Uma melhoria em rela\u00e7\u00e3o a outras marcas \u00e9 o facto de o KIM120 Plus ser alimentado por uma bateria interna de l\u00edtio com uma capacidade de <strong>5600 mAh<\/strong>. Ap\u00f3s um tempo de carregamento de cerca de 8 horas, esta bateria oferece at\u00e9 16 horas de utiliza\u00e7\u00e3o cont\u00ednua (na pr\u00e1tica, ser\u00e3o dias). O carregamento \u00e9 f\u00e1cil com o cabo USB-C compat\u00edvel com a UE inclu\u00eddo, e podes simplesmente usar o adaptador do teu smartphone.  <\/p>\n\n<p><strong>\u2714 <\/strong>Fornecido completo O KIM23 Plus \u00e9 fornecido como um pacote completo, incluindo:<\/p>\n\n<ul class=\"wp-block-list\">\n<li>Aspirador KIM23 Plus com borracha cinzenta<\/li>\n\n\n\n<li>Cabo de carregamento (USB-C, em conformidade com a norma da UE) e fonte de alimenta\u00e7\u00e3o!<\/li>\n\n\n\n<li>Conjunto de filtros de reserva (com 3 filtros soltos)<\/li>\n\n\n\n<li>Escova de limpeza<\/li>\n\n\n\n<li>Manual do utilizador em ingl\u00eas<\/li>\n\n\n\n<li>Mala de transporte<\/li>\n<\/ul>\n\n<p><strong>GRANDE VANTAGEM<\/strong><\/p>\n\n<ul class=\"wp-block-list\">\n<li>Uma ventosa de borracha preta pode deixar an\u00e9is em superf\u00edcies de vidro, com o kim120 n\u00e3o ter\u00e1s este problema devido \u00e0 borracha cinzenta. Ap\u00f3s a utiliza\u00e7\u00e3o, a superf\u00edcie mant\u00e9m-se sem riscos. <\/li>\n<\/ul>\n\n<h4 class=\"wp-block-heading\">Aspirar<\/h4>\n\n<p>Trabalhar com elevadores a v\u00e1cuo em tempo h\u00famido ou molhado \u00e9 arriscado. A humidade na superf\u00edcie do vidro pode fazer com que as ventosas percam a ader\u00eancia, o que pode fazer com que o vidro se solte inesperadamente. Isto aumenta o risco de acidentes e danos.  <\/p>\n\n<p>Al\u00e9m disso, a humidade ou a sujidade podem ser arrastadas para a c\u00e2mara de v\u00e1cuo do elevador. Isto perturba a veda\u00e7\u00e3o e pode levar \u00e0 contamina\u00e7\u00e3o dos bordos de veda\u00e7\u00e3o ou dos filtros, o que, com o tempo, prejudica o desempenho do sistema. <\/p>\n\n<p>Quando o vapor de \u00e1gua est\u00e1 presente no v\u00e1cuo, o ponto de ebuli\u00e7\u00e3o diminui, fazendo com que a humidade se evapore mais rapidamente. Como resultado, a press\u00e3o do vapor no interior do sistema de v\u00e1cuo aumenta, reduzindo efetivamente o n\u00edvel de v\u00e1cuo. Isto diminui a press\u00e3o negativa (a diferen\u00e7a entre a press\u00e3o interna e externa) e, por conseguinte, tamb\u00e9m diminui o poder de suc\u00e7\u00e3o e a ader\u00eancia do elevador. Este efeito torna os elevadores a v\u00e1cuo ainda menos fi\u00e1veis em condi\u00e7\u00f5es de humidade.   <\/p>\n\n<p>Por este motivo, desaconselha-se vivamente a utiliza\u00e7\u00e3o de elevadores a v\u00e1cuo com chuva, condensa\u00e7\u00e3o ou em vidros h\u00famidos.<\/p>\n","protected":false},"excerpt":{"rendered":"<p>Um potente aspirador el\u00e9trico para autom\u00f3veis com bomba manual que n\u00e3o deixa marcas, muito adequado para vidros, entre outras coisas.<\/p>\n<p><strong>\u2714 <\/strong><strong>Almofada especial de borracha cinzenta macia<\/strong><\/p>\n<p><strong>Menos bombagem el\u00e9ctrica, prolonga a vida \u00fatil<\/strong><\/p>\n<p><strong>\u2714 <\/strong><strong>Peso l\u00edquido 75 kg<\/strong><\/p>\n<p><strong>\u2714 <\/strong><strong>Prote\u00e7\u00e3o adicional atrav\u00e9s de um punho de borracha<\/strong><\/p>\n<p><strong>\u2714 <\/strong><strong>V\u00e1lvula de p\u00f3 de recuo interno<\/strong><\/p>\n<p><strong>Sistema de v\u00e1cuo autom\u00e1tico<\/strong><\/p>\n<p><strong>USB C recarreg\u00e1vel<\/strong><\/p>\n<p><strong>Aspirador de ecr\u00e3 LED e bateria<\/strong><\/p>\n<p><strong>Inclui estojo, carregador! e cabo.<\/strong><\/p>\n","protected":false},"featured_media":0,"template":"","meta":{"_acf_changed":false,"_seopress_robots_primary_cat":"none","_seopress_titles_title":"","_seopress_titles_desc":"","_seopress_robots_index":""},"product_brand":[],"product_cat":[2671,2672,3193,3179,3191,2655,2654,3187],"product_tag":[3201,3194,3196,3195,3197,3198,3199,2667,2833,2831,2829,2827,2764],"class_list":{"0":"post-141315","1":"product","2":"type-product","3":"status-publish","5":"product_cat-ferramentas","6":"product_cat-ferramentas-de-vidro","7":"product_cat-grabo","8":"product_cat-kim","9":"product_cat-pistoes-da-bomba-2","10":"product_cat-pistoes-da-bomba","11":"product_cat-suportes-de-vidro","12":"product_cat-veribor","13":"product_tag-aspirador-de-po-2","14":"product_tag-aspirar-automaticamente","15":"product_tag-auto-vac-cuum","16":"product_tag-autovac","17":"product_tag-autovacuum","18":"product_tag-grabo","19":"product_tag-loja","20":"product_tag-move-te","21":"product_tag-novo","22":"product_tag-pistao-da-bomba","23":"product_tag-pistao-de-vacuo","24":"product_tag-pistao-recarregavel-por-usb","25":"product_tag-vidro","26":"product_shipping_class-pakket-45-35-25","28":"first","29":"instock","30":"taxable","31":"shipping-taxable","32":"purchasable","33":"product-type-simple"},"acf":[],"_links":{"self":[{"href":"https:\/\/gevelridder.nl\/pt-pt\/wp-json\/wp\/v2\/product\/141315","targetHints":{"allow":["GET"]}}],"collection":[{"href":"https:\/\/gevelridder.nl\/pt-pt\/wp-json\/wp\/v2\/product"}],"about":[{"href":"https:\/\/gevelridder.nl\/pt-pt\/wp-json\/wp\/v2\/types\/product"}],"wp:attachment":[{"href":"https:\/\/gevelridder.nl\/pt-pt\/wp-json\/wp\/v2\/media?parent=141315"}],"wp:term":[{"taxonomy":"product_brand","embeddable":true,"href":"https:\/\/gevelridder.nl\/pt-pt\/wp-json\/wp\/v2\/product_brand?post=141315"},{"taxonomy":"product_cat","embeddable":true,"href":"https:\/\/gevelridder.nl\/pt-pt\/wp-json\/wp\/v2\/product_cat?post=141315"},{"taxonomy":"product_tag","embeddable":true,"href":"https:\/\/gevelridder.nl\/pt-pt\/wp-json\/wp\/v2\/product_tag?post=141315"}],"curies":[{"name":"wp","href":"https:\/\/api.w.org\/{rel}","templated":true}]}}