
{"id":141312,"date":"2026-04-03T09:37:20","date_gmt":"2026-04-03T09:37:20","guid":{"rendered":"https:\/\/gevelridder.nl\/product\/sir-liftalot2-rotativo-com-pistoes-da-bomba\/"},"modified":"2026-05-08T12:51:28","modified_gmt":"2026-05-08T12:51:28","slug":"sir-liftalot2-rotativo-com-pistoes-da-bomba","status":"publish","type":"product","link":"https:\/\/gevelridder.nl\/pt-pt\/produto\/sir-liftalot2-rotativo-com-pistoes-da-bomba\/","title":{"rendered":"Sir Liftalot2 rotativo com pist\u00f5es da bomba"},"content":{"rendered":"\n<h2 class=\"wp-block-heading\">Sir Liftalot2 rotativo com pist\u00f5es da bomba<\/h2>\n\n<p>Para qualquer trabalhador da constru\u00e7\u00e3o civil que procure a ferramenta perfeita para manter o seu trabalho tranquilo e seguro, apresentamos-te Sir Liftalot2, o dispositivo de eleva\u00e7\u00e3o rotativo a v\u00e1cuo. A comodidade que este dispositivo oferece \u00e9 um fator de mudan\u00e7a no mundo da constru\u00e7\u00e3o. Sir Liftalot2 n\u00e3o \u00e9 apenas mais um aparelho de eleva\u00e7\u00e3o. Tem duas robustas <a href=\"https:\/\/gevelridder.nl\/product\/aaaaaanbieding-powr-grip-pompzuiger-lexaan\/\">camp\u00e2nulas de v\u00e1cuo manuais<\/a> que podem suportar um total de 150 kg. Quer precises de levantar, virar ou colocar folhas de vidro pesadas, este dispositivo facilitar\u00e1 muito o teu trabalho. E o melhor de tudo? Gira at\u00e9 360 graus. Isto significa que podes manobrar o vidro para qualquer posi\u00e7\u00e3o que queiras sem qualquer esfor\u00e7o. A for\u00e7a do Sir Liftalot2 reside no design simples e cuidadoso do aspirador de m\u00e3o de lexano. O Lexane \u00e9 conhecido pela sua durabilidade e resist\u00eancia. Estes pist\u00f5es da bomba manual permitem uma ader\u00eancia firme ao material, reduzindo significativamente o risco de acidentes ou danos.          <\/p>\n\n<h2 class=\"wp-block-heading\">Porque deves escolher Sir Liftalot2?<\/h2>\n\n<ol class=\"wp-block-list\">\n<li><strong>Seguran\u00e7a em primeiro lugar:<\/strong> Com uma capacidade de eleva\u00e7\u00e3o de 150 kg, tens a garantia de uma forma est\u00e1vel e segura de manusear o vidro.<\/li>\n\n\n\n<li><strong>Controlo total:<\/strong> A fun\u00e7\u00e3o girat\u00f3ria de 360 graus significa que podes rodar o copo em qualquer dire\u00e7\u00e3o, assegurando uma coloca\u00e7\u00e3o precisa.<\/li>\n\n\n\n<li><strong>Suc\u00e7\u00e3o potente:<\/strong> Os pist\u00f5es da bomba manual em lexan garantem uma ader\u00eancia firme e minimizam o risco de acidentes.<\/li>\n\n\n\n<li><strong>F\u00e1cil de utilizar:<\/strong> N\u00e3o precisas de instru\u00e7\u00f5es complicadas ou de forma\u00e7\u00e3o. Sir Liftalot2 \u00e9 f\u00e1cil de utilizar, mesmo para os principiantes. <\/li>\n<\/ol>\n\n<p>Para os trabalhadores da constru\u00e7\u00e3o civil que apreciam qualidade e comodidade no local de trabalho, Sir Liftalot2 \u00e9 a ferramenta ideal. Prepara-te para levar os teus projectos para o pr\u00f3ximo n\u00edvel com este dispositivo rotativo de eleva\u00e7\u00e3o por v\u00e1cuo. <\/p>\n","protected":false},"excerpt":{"rendered":"<div class=\"woocommerce-product-details__short-description\">\n<p>Levanta, roda e coloca o vidro com seguran\u00e7a e facilidade. Os pist\u00f5es dur\u00e1veis da bomba manual Lexan garantem uma ader\u00eancia firme e estabilidade. Para efici\u00eancia e seguran\u00e7a no local de trabalho, escolhe Sir Liftalot2.  <\/p>\n<\/div>\n","protected":false},"featured_media":0,"template":"","meta":{"_acf_changed":false,"_seopress_robots_primary_cat":"none","_seopress_titles_title":"","_seopress_titles_desc":"","_seopress_robots_index":""},"product_brand":[],"product_cat":[2824],"product_tag":[3114,3113,3115,2764],"class_list":{"0":"post-141312","1":"product","2":"type-product","3":"status-publish","5":"product_cat-levantadores-de-vidro-a-vacuo","6":"product_tag-lugares","7":"product_tag-pistoes-rotativos","8":"product_tag-sirliftalot-rotativo-150-kg","9":"product_tag-vidro","10":"product_shipping_class-pakket-80-50-20","12":"first","13":"instock","14":"taxable","15":"shipping-taxable","16":"purchasable","17":"product-type-simple"},"acf":[],"_links":{"self":[{"href":"https:\/\/gevelridder.nl\/pt-pt\/wp-json\/wp\/v2\/product\/141312","targetHints":{"allow":["GET"]}}],"collection":[{"href":"https:\/\/gevelridder.nl\/pt-pt\/wp-json\/wp\/v2\/product"}],"about":[{"href":"https:\/\/gevelridder.nl\/pt-pt\/wp-json\/wp\/v2\/types\/product"}],"wp:attachment":[{"href":"https:\/\/gevelridder.nl\/pt-pt\/wp-json\/wp\/v2\/media?parent=141312"}],"wp:term":[{"taxonomy":"product_brand","embeddable":true,"href":"https:\/\/gevelridder.nl\/pt-pt\/wp-json\/wp\/v2\/product_brand?post=141312"},{"taxonomy":"product_cat","embeddable":true,"href":"https:\/\/gevelridder.nl\/pt-pt\/wp-json\/wp\/v2\/product_cat?post=141312"},{"taxonomy":"product_tag","embeddable":true,"href":"https:\/\/gevelridder.nl\/pt-pt\/wp-json\/wp\/v2\/product_tag?post=141312"}],"curies":[{"name":"wp","href":"https:\/\/api.w.org\/{rel}","templated":true}]}}