
{"id":141311,"date":"2026-03-24T11:33:09","date_gmt":"2026-03-24T11:33:09","guid":{"rendered":"https:\/\/gevelridder.nl\/product\/pistao-da-bomba-powr-grip-lexan-57-kg\/"},"modified":"2026-05-08T12:51:27","modified_gmt":"2026-05-08T12:51:27","slug":"pistao-da-bomba-powr-grip-lexan-57-kg","status":"publish","type":"product","link":"https:\/\/gevelridder.nl\/pt-pt\/produto\/pistao-da-bomba-powr-grip-lexan-57-kg\/","title":{"rendered":"Pist\u00e3o da bomba Powr-Grip Lexan 57 kg"},"content":{"rendered":"\n<h2 class=\"wp-block-heading\"><strong>O sugador de vidro Knightly da Woods Power Grip<\/strong><\/h2>\n\n<p>Entra na era do cavalheirismo com o elevador de suc\u00e7\u00e3o de vidro Woods Power Grip. Este nobre elevador de suc\u00e7\u00e3o, com a sua pega de pl\u00e1stico leve, \u00e9 o teu fiel escudeiro na luta contra o transporte de material plano e \u00e0 prova de g\u00e1s. O seu anel vermelho monitoriza incansavelmente o v\u00e1cuo, mantendo-te sempre no controlo. Adequado para v\u00e1rios materiais, como vidro, pl\u00e1stico e metal. O elevador de v\u00e1cuo n\u00e3o \u00e9 apenas potente, mas tamb\u00e9m elegante e funcional, oferecendo-te um controlo visual do v\u00e1cuo. <strong>Especifica\u00e7\u00f5es<\/strong>:    <\/p>\n\n<ul class=\"wp-block-list\">\n<li>Disco de aspira\u00e7\u00e3o: \u00d8 200 mm<\/li>\n\n\n\n<li>N\u00famero de discos de suc\u00e7\u00e3o: 1<\/li>\n\n\n\n<li>Capacidade de carga: uns impressionantes 57 kg<\/li>\n\n\n\n<li>Dire\u00e7\u00e3o do rolamento: Paralelo<\/li>\n\n\n\n<li>Material: Pl\u00e1stico resistente<\/li>\n\n\n\n<li>Peso: Apenas 1,5 kg<\/li>\n<\/ul>\n\n<p>Cada compra vem completa numa caixa de pl\u00e1stico real, para que o teu aspirador esteja sempre protegido durante as suas aventuras. Entra no reino da efici\u00eancia e do estilo com o aspirador de vidro Woods Power Grip. A tua solu\u00e7\u00e3o cavalheiresca para os desafios de transporte!  <\/p>\n","protected":false},"excerpt":{"rendered":"<p>A bomba de v\u00e1cuo Powr-Grip com a robusta pega em Lexan \u00e9 a solu\u00e7\u00e3o para o transporte seguro e f\u00e1cil de vidros e planos. Com o pr\u00e1tico anel vermelho, fica sempre atento ao estado do v\u00e1cuo. \u00c9 fornecido em caixas de pl\u00e1stico resistentes da Fa\u00e7ade Knight.  <\/p>\n","protected":false},"featured_media":0,"template":"","meta":{"_acf_changed":false,"_seopress_robots_primary_cat":"none","_seopress_titles_title":"","_seopress_titles_desc":"","_seopress_robots_index":""},"product_brand":[],"product_cat":[2655,3191,2654],"product_tag":[3164,3188,2826,3189,2769,2831,3190,2743,2738,2771],"class_list":{"0":"post-141311","1":"product","2":"type-product","3":"status-publish","5":"product_cat-pistoes-da-bomba","6":"product_cat-pistoes-da-bomba-2","7":"product_cat-suportes-de-vidro","8":"product_tag-bohle","9":"product_tag-crl","10":"product_tag-elevador-de-vidro","11":"product_tag-geleira","12":"product_tag-glaser","13":"product_tag-pistao-da-bomba","14":"product_tag-powr-grip","15":"product_tag-suporte-de-vidro","16":"product_tag-tudo-para-o-vidro","17":"product_tag-vidraceiro","18":"product_shipping_class-pakket-45-35-25","20":"first","21":"instock","22":"taxable","23":"shipping-taxable","24":"purchasable","25":"product-type-simple"},"acf":[],"_links":{"self":[{"href":"https:\/\/gevelridder.nl\/pt-pt\/wp-json\/wp\/v2\/product\/141311","targetHints":{"allow":["GET"]}}],"collection":[{"href":"https:\/\/gevelridder.nl\/pt-pt\/wp-json\/wp\/v2\/product"}],"about":[{"href":"https:\/\/gevelridder.nl\/pt-pt\/wp-json\/wp\/v2\/types\/product"}],"wp:attachment":[{"href":"https:\/\/gevelridder.nl\/pt-pt\/wp-json\/wp\/v2\/media?parent=141311"}],"wp:term":[{"taxonomy":"product_brand","embeddable":true,"href":"https:\/\/gevelridder.nl\/pt-pt\/wp-json\/wp\/v2\/product_brand?post=141311"},{"taxonomy":"product_cat","embeddable":true,"href":"https:\/\/gevelridder.nl\/pt-pt\/wp-json\/wp\/v2\/product_cat?post=141311"},{"taxonomy":"product_tag","embeddable":true,"href":"https:\/\/gevelridder.nl\/pt-pt\/wp-json\/wp\/v2\/product_tag?post=141311"}],"curies":[{"name":"wp","href":"https:\/\/api.w.org\/{rel}","templated":true}]}}