
{"id":141310,"date":"2026-03-24T08:17:08","date_gmt":"2026-03-24T08:17:08","guid":{"rendered":"https:\/\/gevelridder.nl\/product\/sirliftalot4-250kg\/"},"modified":"2026-05-08T12:51:28","modified_gmt":"2026-05-08T12:51:28","slug":"sirliftalot4-250kg","status":"publish","type":"product","link":"https:\/\/gevelridder.nl\/pt-pt\/produto\/sirliftalot4-250kg\/","title":{"rendered":"SirLiftAlot4 250kg"},"content":{"rendered":"\n<h2 class=\"wp-block-heading\">SirLiftAlot4 250kg Pist\u00e3o de vidro ou suporte de vidro<\/h2>\n\n<p>SirLiftAlot4 250kg Glass Piston ou Glass Carrier \u00e9 o pist\u00e3o de v\u00e1cuo mais vendido da Gevelridder. Com 4 pist\u00f5es de bomba manual de Lexan, o &#8220;LiftAlot4&#8221; \u00e9 leve e tem um equador de 100 cm de largura. Este dispositivo de eleva\u00e7\u00e3o a v\u00e1cuo est\u00e1 ligado ao Gevelridder, pode rodar 360 graus e elevar em 3 posi\u00e7\u00f5es.  <\/p>\n\n<h2 class=\"wp-block-heading\">Os vidraceiros utilizam o SirliftAlot4<\/h2>\n\n<p>O produto \u00e9 ideal para vidraceiros, empreiteiros e subempreiteiros na montagem de materiais pesados na vertical ou na horizontal. Trabalho seguro e amigo da sa\u00fade e da seguran\u00e7a, o aspirador de vidro \u00e9 tamb\u00e9m recomendado pelo <a href=\"https:\/\/avh-leverancier.volandis.nl\/alle-producten\/gevelridder-model-s\/\">site Arbovriendelijke hulpmiddelen<\/a>. <\/p>\n\n<h2 class=\"wp-block-heading\">Prote\u00e7\u00e3o contra quedas SirliftAlot4 Pist\u00e3o de vidro<\/h2>\n\n<p>Gra\u00e7as \u00e0 prote\u00e7\u00e3o contra quedas, o pist\u00e3o de eleva\u00e7\u00e3o de empena tamb\u00e9m pode ser utilizado para elevar objectos a uma altura superior ao n\u00edvel do solo. Al\u00e9m disso, este produto tamb\u00e9m pode ser utilizado como elevador de eleva\u00e7\u00e3o para, por exemplo, toldos ou persianas. O produto tamb\u00e9m est\u00e1 dispon\u00edvel com <a href=\"https:\/\/gevelridder.nl\/kim75-vacuumzuiger\/\">sinal ac\u00fastico<\/a>. As ventosas s\u00e3o da marca <a href=\"https:\/\/gevelridder.nl\/product\/aaaaaanbieding-powr-grip-pompzuiger-lexaan\/\">Powr-Grip lexan<\/a> <a href=\"https:\/\/gevelridder.nl\/product\/aaaaaanbieding-powr-grip-pompzuiger-lexaan\/\">.<\/a>   <\/p>\n\n<p>UK: Aspirador com 4 ventosas Powr-Grip, alum\u00ednio.<br\/>Os pre\u00e7os n\u00e3o incluem custos de envio para clientes fora dos Pa\u00edses Baixos e da B\u00e9lgica.<br\/>DE: Vakuumheber 4 Powr- Grip sauger, Aluminium.<br\/>Die Preise beinhalten keine Versandkosten f\u00fcr Kunden au\u00dferhalb der Niederlande und Belgien.<br\/>FR: Ventouse 4 Powr-Grip hand succursal, l&#8217;aluminum.<br\/>Les prix ne comprennent pas les frais de livraison pour les clients en dehors des Pays-Bas et en Belgique.<\/p>\n","protected":false},"excerpt":{"rendered":"<p>O aspirador Facade Knight com 4 ventosas manuais \u00e9 leve e tem um equador de +\/- 130x30x15 cm.<\/p>\n<p>Este aspirador pode ser utilizado em 3 posi\u00e7\u00f5es devido aos seus 3 olhos de eleva\u00e7\u00e3o.<\/p>\n","protected":false},"featured_media":0,"template":"","meta":{"_acf_changed":false,"_seopress_robots_primary_cat":"none","_seopress_titles_title":"","_seopress_titles_desc":"","_seopress_robots_index":""},"product_brand":[],"product_cat":[2824,2763],"product_tag":[2936,2772,2659,2834,2944,3181,2835,2826,2769,2938,2662,2970,2929,2832,2831,3182,2739,3168,2771,3180],"class_list":{"0":"post-141310","1":"product","2":"type-product","3":"status-publish","5":"product_cat-levantadores-de-vidro-a-vacuo","6":"product_cat-mais-vendidos","7":"product_tag-aluguer-de-elevadores-de-vidro","8":"product_tag-caixilho-da-janela","9":"product_tag-cavaleiro-de-fachada-gevelridder","10":"product_tag-comerciantes","11":"product_tag-desabafa","12":"product_tag-elevacao","13":"product_tag-elevador-de-aluminio","14":"product_tag-elevador-de-vidro","15":"product_tag-glaser","16":"product_tag-glasslifting","17":"product_tag-guincho","18":"product_tag-icamento","19":"product_tag-levanta","20":"product_tag-miroiterapia","21":"product_tag-pistao-da-bomba","22":"product_tag-sirliftalot4","23":"product_tag-transporte","24":"product_tag-vakuumsauger","25":"product_tag-vidraceiro","26":"product_tag-vidro-2","27":"product_shipping_class-pakket-80-50-20","29":"first","30":"instock","31":"taxable","32":"shipping-taxable","33":"purchasable","34":"product-type-simple"},"acf":[],"_links":{"self":[{"href":"https:\/\/gevelridder.nl\/pt-pt\/wp-json\/wp\/v2\/product\/141310","targetHints":{"allow":["GET"]}}],"collection":[{"href":"https:\/\/gevelridder.nl\/pt-pt\/wp-json\/wp\/v2\/product"}],"about":[{"href":"https:\/\/gevelridder.nl\/pt-pt\/wp-json\/wp\/v2\/types\/product"}],"wp:attachment":[{"href":"https:\/\/gevelridder.nl\/pt-pt\/wp-json\/wp\/v2\/media?parent=141310"}],"wp:term":[{"taxonomy":"product_brand","embeddable":true,"href":"https:\/\/gevelridder.nl\/pt-pt\/wp-json\/wp\/v2\/product_brand?post=141310"},{"taxonomy":"product_cat","embeddable":true,"href":"https:\/\/gevelridder.nl\/pt-pt\/wp-json\/wp\/v2\/product_cat?post=141310"},{"taxonomy":"product_tag","embeddable":true,"href":"https:\/\/gevelridder.nl\/pt-pt\/wp-json\/wp\/v2\/product_tag?post=141310"}],"curies":[{"name":"wp","href":"https:\/\/api.w.org\/{rel}","templated":true}]}}