
{"id":141308,"date":"2026-03-24T08:17:10","date_gmt":"2026-03-24T08:17:10","guid":{"rendered":"https:\/\/gevelridder.nl\/product\/bomba-electrica-kim150\/"},"modified":"2026-05-08T12:51:28","modified_gmt":"2026-05-08T12:51:28","slug":"bomba-electrica-kim150","status":"publish","type":"product","link":"https:\/\/gevelridder.nl\/pt-pt\/produto\/bomba-electrica-kim150\/","title":{"rendered":"Bomba el\u00e9ctrica Kim150"},"content":{"rendered":"\n<h2 class=\"wp-block-heading\"><strong>Kim150 Plus &#8211; O aspirador de p\u00f3 mais leve do mundo com esta capacidade<\/strong><\/h2>\n\n<p>O <strong>Kim150 Plus<\/strong> \u00e9 o <strong>elevador a v\u00e1cuo mais leve<\/strong> da sua classe. Gra\u00e7as \u00e0 sua <strong>estrutura de alum\u00ednio ultra-leve<\/strong> e \u00e0s duas potentes <strong>ventosas Kim120 Plus<\/strong>, este elevador a v\u00e1cuo \u00e9 ideal para <strong>levantar materiais pesados e n\u00e3o porosos<\/strong>, como <strong>vidro, azulejos de cer\u00e2mica, pain\u00e9is e superf\u00edcies met\u00e1licas lisas<\/strong>, com seguran\u00e7a e sem esfor\u00e7o. <\/p>\n\n<p>Com <strong>dimens\u00f5es de 23 x 63 cm e apenas 9 cm de espessura<\/strong> (incluindo as ventosas), este inovador elevador a v\u00e1cuo oferece <strong>a m\u00e1xima flexibilidade<\/strong> para <strong>vidraceiros, empreiteiros e profissionais da constru\u00e7\u00e3o<\/strong>. Al\u00e9m disso, as <strong>duas ventosas de v\u00e1cuo Kim120 Plus<\/strong> podem ser facilmente removidas da estrutura e utilizadas separadamente &#8211; duas<strong>ferramentas numa s\u00f3!<\/strong> <\/p>\n\n<hr class=\"wp-block-separator has-alpha-channel-opacity\"\/>\n\n<h2 class=\"wp-block-heading\"><strong>Kim150 Plus: M\u00e1xima pot\u00eancia de suc\u00e7\u00e3o num design compacto<\/strong><\/h2>\n\n<p>O <strong>Kim150 Plus<\/strong> possui <strong>duas ventosas de v\u00e1cuo Kim120 Plus (vers\u00e3o 3.0)<\/strong>, alimentadas por uma <strong>bateria interna de l\u00edtio<\/strong>. Este <strong>sistema de v\u00e1cuo autom\u00e1tico<\/strong> ativa-se quando a press\u00e3o desce <strong>para cerca de -0,5 bar<\/strong>, tornando o processo de eleva\u00e7\u00e3o <strong>totalmente automatizado<\/strong>, sem risco de perda de press\u00e3o. <\/p>\n\n<h3 class=\"wp-block-heading\"><strong>Principais vantagens:<\/strong><\/h3>\n\n<p>\u2705 O <strong>elevador a v\u00e1cuo mais leve do mundo com uma capacidade de 150 kg<\/strong><br\/>\u2705 <strong>Sistema de v\u00e1cuo autom\u00e1tico<\/strong> &#8211; auto-ativa\u00e7\u00e3o para uma seguran\u00e7a \u00f3ptima<br\/>\u2705 <strong>Bateria de l\u00edtio potente (5000 mAh)<\/strong> &#8211; at\u00e9 <strong>16 horas de utiliza\u00e7\u00e3o cont\u00ednua<\/strong> ap\u00f3s apenas <strong>8 horas de carregamento<\/strong><br\/>\u2705 <strong>Ecr\u00e3 LED com indicadores de cor<\/strong> &#8211; sabe sempre o n\u00edvel de v\u00e1cuo (verde) e o estado da bateria (vermelho)<br\/>\u2705 <strong>Borracha cinzenta<\/strong> &#8211; evita marcas ou riscos em vidro e superf\u00edcies lisas<\/p>\n\n<p>O <strong>elevador a v\u00e1cuo Kim150 Plus<\/strong> adere facilmente a materiais como:<br\/>? Vidro<br\/>? Azulejos de cer\u00e2mica<br\/>? Pain\u00e9is met\u00e1licos lisos<br\/>? M\u00f3veis, bancadas e muito mais    <\/p>\n\n<hr class=\"wp-block-separator has-alpha-channel-opacity\"\/>\n\n<h2 class=\"wp-block-heading\"><strong>Carregamento e funcionamento: Simples e eficiente<\/strong><\/h2>\n\n<p>O <strong>Kim150 Plus<\/strong> \u00e9 carregado atrav\u00e9s de um <strong>cabo USB-C<\/strong>, que cumpre <strong>as normas da UE<\/strong>. Isto permite um carregamento conveniente utilizando um <strong>adaptador de smartphone padr\u00e3o<\/strong>. <strong>Carrega totalmente em 8 horas<\/strong>, proporcionando at\u00e9 <strong>16 horas de utiliza\u00e7\u00e3o ininterrupta<\/strong>. <\/p>\n\n<h3 class=\"wp-block-heading\"><strong>Inclu\u00eddo no pacote:<\/strong><\/h3>\n\n<p>\u2714 <strong>Ventosas de v\u00e1cuo Kim120 Plus (x2)<\/strong><br\/>\u2714 <strong>Cabo de carregamento USB-C<\/strong><br\/>\u2714 <strong>Filtros de substitui\u00e7\u00e3o (conjunto de 3)<\/strong><br\/>\u2714 <strong>Escova de limpeza<\/strong><br\/>\u2714 <strong>Manual do utilizador (EN &amp; NL)<\/strong><br\/>\u2714 <strong>Mala de transporte dur\u00e1vel gratuita<\/strong><\/p>\n\n<hr class=\"wp-block-separator has-alpha-channel-opacity\"\/>\n\n<h2 class=\"wp-block-heading\"><strong>Porque \u00e9 que o Kim150 Plus \u00e9 ideal para vidraceiros e profissionais da constru\u00e7\u00e3o<\/strong><\/h2>\n\n<p>O <strong>elevador a v\u00e1cuo Kim150 Plus<\/strong> \u00e9 uma <strong>ferramenta essencial<\/strong> para <strong>vidraceiros, empreiteiros e subempreiteiros<\/strong> que necessitam de <strong>levantar materiais pesados de forma segura e ergon\u00f3mica<\/strong>. Gra\u00e7as ao seu <strong>design leve<\/strong> e <strong>forte poder de suc\u00e7\u00e3o<\/strong>, este elevador a v\u00e1cuo \u00e9 perfeito para <strong>montagem horizontal e vertical<\/strong>. <\/p>\n\n<p>? <strong>Manuseamento seguro e ergon\u00f3mico<\/strong> &#8211; recomendado por <strong>especialistas em sa\u00fade e seguran\u00e7a no trabalho<\/strong><br\/>? Poupa <strong>tempo<\/strong> &#8211; trabalha de forma <strong>mais r\u00e1pida e eficiente<\/strong> com menos esfor\u00e7o<br\/>? <strong>M\u00e1xima ader\u00eancia e estabilidade<\/strong> &#8211; evita danos no vidro e noutros materiais<\/p>\n\n<hr class=\"wp-block-separator has-alpha-channel-opacity\"\/>\n\n<h2 class=\"wp-block-heading\"><strong>Prote\u00e7\u00e3o contra quedas: Seguran\u00e7a extra nas alturas<\/strong><\/h2>\n\n<p>O <strong>elevador a v\u00e1cuo Kim150 Plus<\/strong> est\u00e1 equipado com <strong>pontos de montagem especiais<\/strong> para <strong>prote\u00e7\u00e3o obrigat\u00f3ria contra quedas<\/strong>. Isto torna-o adequado para a <strong>eleva\u00e7\u00e3o de objectos acima de 1,2 metros<\/strong>, garantindo o cumprimento das <strong>normas de seguran\u00e7a para trabalhos em altura<\/strong>. <\/p>\n\n<p>Com o <strong>Kim150 Plus<\/strong>, trabalhar\u00e1s n\u00e3o s\u00f3 <strong>mais depressa<\/strong>, mas tamb\u00e9m <strong>com mais seguran\u00e7a<\/strong>.<\/p>\n\n<hr class=\"wp-block-separator has-alpha-channel-opacity\"\/>\n\n<h2 class=\"wp-block-heading\"><strong>Encomenda hoje o aspirador de p\u00f3 mais leve do mundo!<\/strong><\/h2>\n\n<p>Procura a mais recente <strong>tecnologia de v\u00e1cuo leve<\/strong> para levantar materiais pesados sem esfor\u00e7o? Encomenda hoje o <strong>elevador a v\u00e1cuo Kim150 Plus<\/strong> e experimenta <strong>a m\u00e1xima efici\u00eancia e seguran\u00e7a<\/strong>. <\/p>\n\n<p>? <strong>Encomenda agora atrav\u00e9s do Gevelridder.nl e descobre o poder do Kim150 Plus!<\/strong>?<\/p>\n","protected":false},"excerpt":{"rendered":"<h3><strong>Kim150 PLUS &#8211; O Aspirador de 150 kg mais leve do mundo<\/strong><\/h3>\n<p>O <strong>Kim150 PLUS<\/strong> \u00e9 um <strong>elevador el\u00e9trico a v\u00e1cuo ultraleve<\/strong> que inclui <strong>duas potentes ventosas a v\u00e1cuo Kim120<\/strong> numa <strong>estrutura de alum\u00ednio robusta<\/strong>. Perfeito para <strong>vidraceiros, empreiteiros e profissionais da constru\u00e7\u00e3o<\/strong> que precisam de levantar materiais pesados de <strong>forma segura e eficiente<\/strong>. <\/p>\n<p><strong>Pesa apenas 5 kg<\/strong> &#8211; o <strong>elevador de v\u00e1cuo de 150 kg<\/strong> mais leve do mundo!<br \/>\n<strong>Recarreg\u00e1vel por USB-C<\/strong> &#8211; at\u00e9 <strong>16 horas de utiliza\u00e7\u00e3o<\/strong> com um \u00fanico carregamento<br \/>\n<strong>Borracha cinzenta<\/strong> &#8211; evita riscos no vidro e em superf\u00edcies lisas<br \/>\n<strong>Ecr\u00e3 LED<\/strong> &#8211; estado do v\u00e1cuo e da bateria em tempo real<br \/>\n<strong>Tr\u00eas modos de funcionamento<\/strong> &#8211; adapt\u00e1vel a v\u00e1rias aplica\u00e7\u00f5es<br \/>\n<strong>Ventosas de v\u00e1cuo Kim120<\/strong> &#8211; tamb\u00e9m podem ser utilizadas separadamente como <strong>aspirador de m\u00e3o<\/strong><\/p>\n","protected":false},"featured_media":0,"template":"","meta":{"_acf_changed":false,"_seopress_robots_primary_cat":"none","_seopress_titles_title":"","_seopress_titles_desc":"","_seopress_robots_index":""},"product_brand":[],"product_cat":[3179,2824,2654],"product_tag":[2936,3183,2772,2659,2834,2944,3181,2835,2826,2769,2938,2662,2970,2929,3184,2832,2831,3182,2739,3186,3185,3168,2771,3180],"class_list":{"0":"post-141308","1":"product","2":"type-product","3":"status-publish","5":"product_cat-kim","6":"product_cat-levantadores-de-vidro-a-vacuo","7":"product_cat-suportes-de-vidro","8":"product_tag-aluguer-de-elevadores-de-vidro","9":"product_tag-auto","10":"product_tag-caixilho-da-janela","11":"product_tag-cavaleiro-de-fachada-gevelridder","12":"product_tag-comerciantes","13":"product_tag-desabafa","14":"product_tag-elevacao","15":"product_tag-elevador-de-aluminio","16":"product_tag-elevador-de-vidro","17":"product_tag-glaser","18":"product_tag-glasslifting","19":"product_tag-guincho","20":"product_tag-icamento","21":"product_tag-levanta","22":"product_tag-mais","23":"product_tag-miroiterapia","24":"product_tag-pistao-da-bomba","25":"product_tag-sirliftalot4","26":"product_tag-transporte","27":"product_tag-vacuo","28":"product_tag-vaga","29":"product_tag-vakuumsauger","30":"product_tag-vidraceiro","31":"product_tag-vidro-2","32":"product_shipping_class-pakket-80-50-20","34":"first","35":"instock","36":"taxable","37":"shipping-taxable","38":"purchasable","39":"product-type-simple"},"acf":[],"_links":{"self":[{"href":"https:\/\/gevelridder.nl\/pt-pt\/wp-json\/wp\/v2\/product\/141308","targetHints":{"allow":["GET"]}}],"collection":[{"href":"https:\/\/gevelridder.nl\/pt-pt\/wp-json\/wp\/v2\/product"}],"about":[{"href":"https:\/\/gevelridder.nl\/pt-pt\/wp-json\/wp\/v2\/types\/product"}],"wp:attachment":[{"href":"https:\/\/gevelridder.nl\/pt-pt\/wp-json\/wp\/v2\/media?parent=141308"}],"wp:term":[{"taxonomy":"product_brand","embeddable":true,"href":"https:\/\/gevelridder.nl\/pt-pt\/wp-json\/wp\/v2\/product_brand?post=141308"},{"taxonomy":"product_cat","embeddable":true,"href":"https:\/\/gevelridder.nl\/pt-pt\/wp-json\/wp\/v2\/product_cat?post=141308"},{"taxonomy":"product_tag","embeddable":true,"href":"https:\/\/gevelridder.nl\/pt-pt\/wp-json\/wp\/v2\/product_tag?post=141308"}],"curies":[{"name":"wp","href":"https:\/\/api.w.org\/{rel}","templated":true}]}}