
{"id":141306,"date":"2026-03-24T11:34:17","date_gmt":"2026-03-24T11:34:17","guid":{"rendered":"https:\/\/gevelridder.nl\/product\/bomba-electrica-kim250\/"},"modified":"2026-05-08T12:51:11","modified_gmt":"2026-05-08T12:51:11","slug":"bomba-electrica-kim250","status":"publish","type":"product","link":"https:\/\/gevelridder.nl\/pt-pt\/produto\/bomba-electrica-kim250\/","title":{"rendered":"Bomba el\u00e9ctrica Kim250"},"content":{"rendered":"\n<h2 class=\"wp-block-heading\">O Kim250 Plus &#8211; A solu\u00e7\u00e3o perfeita para uma eleva\u00e7\u00e3o eficiente<\/h2>\n\n<p>O Kim250 Plus \u00e9 um impressionante quadro de alum\u00ednio leve com quatro pist\u00f5es Kim75 Plus perfeitos para v\u00e1rias aplica\u00e7\u00f5es, medindo 23\u00d7112 cm e 9 cm de espessura, incluindo os pist\u00f5es. Apresentados pela Facade Knight (Gevelridder), estes pist\u00f5es de bomba avan\u00e7ados oferecem um desempenho inigual\u00e1vel e facilidade de utiliza\u00e7\u00e3o. Os dois pist\u00f5es kim75 plus incorporados podem ser retirados do quadro num instante. Isto permite-te utilizar os pist\u00f5es da bomba manual separadamente, dois coelhos com uma cajadada s\u00f3!   <\/p>\n\n<p><strong>Kim250 Plus: A bomba potente para superf\u00edcies n\u00e3o porosas<\/strong><\/p>\n\n<p>O quatro Kim75 Plus (vers\u00e3o 3.0) incorporado no Kim250 \u00e9 um pist\u00e3o de bomba inovador alimentado por uma bateria interna de l\u00edtio. Concebido especificamente para levantar superf\u00edcies n\u00e3o porosas, este pist\u00e3o tem uma s\u00e9rie de carater\u00edsticas impressionantes que o tornam uma adi\u00e7\u00e3o valiosa \u00e0 nossa crescente gama de produtos de v\u00e1cuo. Uma das carater\u00edsticas de destaque do Kim75 Plus \u00e9 o seu sistema de v\u00e1cuo autom\u00e1tico. Este sistema \u00e9 ativado automaticamente quando a press\u00e3o de v\u00e1cuo atinge cerca de \u00b1 -0,5 bar, tornando f\u00e1cil a eleva\u00e7\u00e3o de materiais pesados. Aspira com facilidade superf\u00edcies como vidro, azulejos de cer\u00e2mica e outros materiais lisos. Al\u00e9m disso, os quatro Kim75s Plus no Kim250 plus possuem um pr\u00e1tico ecr\u00e3 LED que mostra informa\u00e7\u00f5es importantes em c\u00f3digos de cores. O verde indica o n\u00edvel de v\u00e1cuo, enquanto o vermelho indica o n\u00edvel da bateria. Com esta informa\u00e7\u00e3o, est\u00e1s sempre ciente do estado do aspirador. O Kim250 Plus \u00e9 alimentado por uma potente bateria de l\u00edtio com uma capacidade de 5000 mAh, proporcionando at\u00e9 16 horas de utiliza\u00e7\u00e3o cont\u00ednua ap\u00f3s apenas 8 horas de carregamento. O cabo USB-C inclu\u00eddo est\u00e1 em conformidade com a norma da UE e facilita o carregamento. Podes at\u00e9 usar o adaptador do teu smartphone.          <\/p>\n\n<p><strong>Fornecido completo para utiliza\u00e7\u00e3o imediata<\/strong><\/p>\n\n<p>Quando comprares o Kim75 Plus, receber\u00e1s um pacote completo, incluindo os seguintes itens:<\/p>\n\n<ul class=\"wp-block-list\">\n<li>Pist\u00e3o de v\u00e1cuo Kim75 Plus<\/li>\n\n\n\n<li>Cabo de carregamento (USB-C, compat\u00edvel com a norma da UE)<\/li>\n\n\n\n<li>Conjunto de filtros de reserva (com 3 filtros soltos)<\/li>\n\n\n\n<li>Escova de limpeza<\/li>\n\n\n\n<li>Manual do utilizador em neerland\u00eas e ingl\u00eas<\/li>\n\n\n\n<li>Mala de transporte gratuita para os pist\u00f5es.<\/li>\n<\/ul>\n\n<p><strong>Desvantagens e alternativas<\/strong><\/p>\n\n<p>\u00c9 importante ter em aten\u00e7\u00e3o que a ventosa de borracha do Kim75 Plus pode deixar c\u00edrculos nas superf\u00edcies de vidro. Felizmente, oferecemos-te produtos de limpeza de alta qualidade para resolveres este problema. Al\u00e9m disso, o Kim75 Plus \u00e9 sens\u00edvel \u00e0 humidade, por isso n\u00e3o o utilizes em situa\u00e7\u00f5es de chuva ou de humidade. Se a pilha estiver descarregada, n\u00e3o podes utilizar o desentupidor, porque a pilha n\u00e3o \u00e9 substitu\u00edvel.   <\/p>\n\n<p><strong>Vidraceiros e Kim250 Plus<\/strong><\/p>\n\n<p>O Kim150 Plus \u00e9 ideal para vidraceiros, empreiteiros e subempreiteiros que necessitam de montar materiais pesados tanto na vertical como na horizontal. A utiliza\u00e7\u00e3o do Kim150 Plus torna o trabalho seguro e amigo da sa\u00fade e da seguran\u00e7a, o que tamb\u00e9m \u00e9 recomendado pela Health and Safety Resources.Utiliza sempre um dispositivo de prote\u00e7\u00e3o contra quedas ao elevar acima de 1,8 metros. <\/p>\n\n<p><strong>Prote\u00e7\u00e3o contra quedas para o pist\u00e3o de vidro Kim250<\/strong><\/p>\n\n<p>Gra\u00e7as \u00e0 sua prote\u00e7\u00e3o anti-queda integrada, o Kim150 Plus tamb\u00e9m pode ser utilizado para elevar objectos a alturas superiores ao n\u00edvel do solo, tornando este aspirador ainda mais vers\u00e1til. Descobre hoje mesmo a pot\u00eancia dos novos Kim75 Plus e Kim150 Plus da Fa\u00e7ade Knight e torna a eleva\u00e7\u00e3o de materiais pesados f\u00e1cil. Aumenta a sua efici\u00eancia e produtividade com estes fi\u00e1veis aspiradores com bomba el\u00e9ctrica.  <\/p>\n","protected":false},"excerpt":{"rendered":"<p>O Kim250 PLUS, quatro potentes bombas de v\u00e1cuo manuais el\u00e9ctricas de auto v\u00e1cuo com punho de borracha numa estrutura de alum\u00ednio leve.<\/p>\n<p><strong>O pist\u00e3o de 250 kg mais leve do mundo pesa apenas 7,5 kg!<\/strong><\/p>\n<p><strong>USB C recarreg\u00e1vel<\/strong><\/p>\n<p><strong>Punho de borracha para maior prote\u00e7\u00e3o.<\/strong><\/p>\n<p><strong>Aspirador de ecr\u00e3 LED e bateria.<\/strong><\/p>\n<p><strong>Pode ser utilizado em tr\u00eas posi\u00e7\u00f5es.<\/strong><\/p>\n<p><strong>O Kims tamb\u00e9m pode ser utilizado como um aspirador manual separado.<\/strong><\/p>\n","protected":false},"featured_media":0,"template":"","meta":{"_acf_changed":false,"_seopress_robots_primary_cat":"none","_seopress_titles_title":"","_seopress_titles_desc":"","_seopress_robots_index":""},"product_brand":[],"product_cat":[3179,2824,2654],"product_tag":[2936,3183,2772,2659,2834,2944,3181,2835,2826,2769,2938,2662,2970,2929,3184,2832,2831,3182,2739,3186,3185,3168,2771,3180],"class_list":{"0":"post-141306","1":"product","2":"type-product","3":"status-publish","5":"product_cat-kim","6":"product_cat-levantadores-de-vidro-a-vacuo","7":"product_cat-suportes-de-vidro","8":"product_tag-aluguer-de-elevadores-de-vidro","9":"product_tag-auto","10":"product_tag-caixilho-da-janela","11":"product_tag-cavaleiro-de-fachada-gevelridder","12":"product_tag-comerciantes","13":"product_tag-desabafa","14":"product_tag-elevacao","15":"product_tag-elevador-de-aluminio","16":"product_tag-elevador-de-vidro","17":"product_tag-glaser","18":"product_tag-glasslifting","19":"product_tag-guincho","20":"product_tag-icamento","21":"product_tag-levanta","22":"product_tag-mais","23":"product_tag-miroiterapia","24":"product_tag-pistao-da-bomba","25":"product_tag-sirliftalot4","26":"product_tag-transporte","27":"product_tag-vacuo","28":"product_tag-vaga","29":"product_tag-vakuumsauger","30":"product_tag-vidraceiro","31":"product_tag-vidro-2","32":"product_shipping_class-pakket-80-50-20","34":"first","35":"instock","36":"taxable","37":"shipping-taxable","38":"purchasable","39":"product-type-simple"},"acf":[],"_links":{"self":[{"href":"https:\/\/gevelridder.nl\/pt-pt\/wp-json\/wp\/v2\/product\/141306","targetHints":{"allow":["GET"]}}],"collection":[{"href":"https:\/\/gevelridder.nl\/pt-pt\/wp-json\/wp\/v2\/product"}],"about":[{"href":"https:\/\/gevelridder.nl\/pt-pt\/wp-json\/wp\/v2\/types\/product"}],"wp:attachment":[{"href":"https:\/\/gevelridder.nl\/pt-pt\/wp-json\/wp\/v2\/media?parent=141306"}],"wp:term":[{"taxonomy":"product_brand","embeddable":true,"href":"https:\/\/gevelridder.nl\/pt-pt\/wp-json\/wp\/v2\/product_brand?post=141306"},{"taxonomy":"product_cat","embeddable":true,"href":"https:\/\/gevelridder.nl\/pt-pt\/wp-json\/wp\/v2\/product_cat?post=141306"},{"taxonomy":"product_tag","embeddable":true,"href":"https:\/\/gevelridder.nl\/pt-pt\/wp-json\/wp\/v2\/product_tag?post=141306"}],"curies":[{"name":"wp","href":"https:\/\/api.w.org\/{rel}","templated":true}]}}