
{"id":141304,"date":"2026-03-24T08:17:08","date_gmt":"2026-03-24T08:17:08","guid":{"rendered":"https:\/\/gevelridder.nl\/product\/sirliftalot2-150kg-pistoes-bomba-3-0\/"},"modified":"2026-05-08T12:51:11","modified_gmt":"2026-05-08T12:51:11","slug":"sirliftalot2-150kg-pistoes-bomba-3-0","status":"publish","type":"product","link":"https:\/\/gevelridder.nl\/pt-pt\/produto\/sirliftalot2-150kg-pistoes-bomba-3-0\/","title":{"rendered":"SirLiftAlot2 150kg pist\u00f5es bomba 3.0"},"content":{"rendered":"\n<h2 class=\"wp-block-heading\">SirLiftAlot2 150kg Pist\u00e3o de vidro ou suporte de vidro<\/h2>\n\n<p>O SirLiftAlot2, sugador de vidro ou porta-vidro com 2 ventosas manuais LiftAlot2 \u00e9 leve e tem um equalizador de 50 cm de largura. Este dispositivo de eleva\u00e7\u00e3o a v\u00e1cuo prende-se ao Facade Knight, pode rodar 360 graus e elevar em 3 posi\u00e7\u00f5es. Consciente, trabalha, trabalha, tamb\u00e9m o site <a href=\"https:\/\/avh-leverancier.volandis.nl\/alle-producten\/gevelridder-model-s\/\">de ferramentas de sa\u00fade e seguran\u00e7a no trabalho<\/a> recomenda os nossos produtos, por isso n\u00e3o corras riscos e come\u00e7a a trabalhar de forma segura e respons\u00e1vel com o SirLiftAlot2 Glass Sucker.  <\/p>\n\n<h2 class=\"wp-block-heading\">O vidraceiro utiliza o SirLiftAlot2<\/h2>\n\n<p>O produto \u00e9 ideal para vidraceiros, empreiteiros e subempreiteiros para a montagem de materiais pesados na vertical ou na horizontal.<\/p>\n\n<h2 class=\"wp-block-heading\">Prote\u00e7\u00e3o contra quedas SirLiftAlot2 Pist\u00e3o de vidro<\/h2>\n\n<p>Gra\u00e7as \u00e0 sua prote\u00e7\u00e3o contra quedas, o pist\u00e3o Facade Knight (Gevelridder) tamb\u00e9m pode ser utilizado para elevar objectos a uma altura superior ao n\u00edvel do solo. Al\u00e9m disso, este produto tamb\u00e9m pode ser utilizado como elevador de eleva\u00e7\u00e3o para, por exemplo, toldos ou persianas. O produto tamb\u00e9m est\u00e1 dispon\u00edvel com sinal ac\u00fastico. O produto \u00e9 feito de alum\u00ednio, as ventosas s\u00e3o da marca Powr-grip com um <a href=\"https:\/\/gevelridder.nl\/product\/aaaaaanbieding-powr-grip-pompzuiger-lexaan\/\">n\u00facleo de lexan<\/a>. O Glass Piston tamb\u00e9m pode ser equipado com <a href=\"https:\/\/gevelridder.nl\/kim75-vacuumzuiger\/\">ventosas alimentadas por bateria<\/a> que aspiram automaticamente. O SirLiftAlot2 tem um peso l\u00edquido de 150 kg. Para 250 kg, deves adquirir o <a href=\"https:\/\/gevelridder.nl\/en\/product\/sirliftalot4-250kg\/\">SirLifAlot4<\/a>.      <\/p>\n\n<p>UK: Aspirador com 4 ventosas Powr-Grip, alum\u00ednio.<br\/>Os pre\u00e7os n\u00e3o incluem custos de envio para clientes fora dos Pa\u00edses Baixos e da B\u00e9lgica.<br\/>DE: Vakuumheber 4 Powr- Grip sauger, Aluminium.<br\/>Die Preise beinhalten keine Versandkosten f\u00fcr Kunden au\u00dferhalb der Niederlande und Belgien.<br\/>FR: Ventouse 4 Powr-Grip hand succursal, l&#8217;aluminum.<br\/>Les prix ne comprennent pas les frais de livraison pour les clients en dehors des Pays-Bas et en Belgique.<\/p>\n","protected":false},"excerpt":{"rendered":"<p>O pist\u00e3o de v\u00e1cuo Facade Knight com 2 ventosas de m\u00e3o. Inclui duas capas de prote\u00e7\u00e3o para aspiradores. <strong>Para o transporte vertical de vidro<\/strong> <\/p>\n<p><strong>Peso leve 5 kg<\/strong><\/p>\n<p><strong>L= 70 cm, A=30 cm, L=8 cm<\/strong><\/p>\n<p><strong>\u2714<\/strong> <strong>WLL1<\/strong><strong>50 kg<\/strong> <strong>\u2714<\/strong><strong> 3 posi\u00e7\u00f5es<\/strong><\/p>\n","protected":false},"featured_media":0,"template":"","meta":{"_acf_changed":false,"_seopress_robots_primary_cat":"none","_seopress_titles_title":"","_seopress_titles_desc":"","_seopress_robots_index":""},"product_brand":[],"product_cat":[2824],"product_tag":[3170,3177,3164,2772,2834,2835,2826,2769,3172,3173,3174,2938,3175,2939,3167,2831,3166,3163,3171,2743,3168,3165,3176,2771,3178,3169],"class_list":{"0":"post-141304","1":"product","2":"type-product","3":"status-publish","5":"product_cat-levantadores-de-vidro-a-vacuo","6":"product_tag-accu-glaszuiger","7":"product_tag-aspirador-de-po","8":"product_tag-bohle","9":"product_tag-caixilho-da-janela","10":"product_tag-comerciantes","11":"product_tag-elevador-de-aluminio","12":"product_tag-elevador-de-vidro","13":"product_tag-glaser","14":"product_tag-glashijs","15":"product_tag-glasmontagem","16":"product_tag-glaspaneel-hijsen","17":"product_tag-glasslifting","18":"product_tag-glaszuiger","19":"product_tag-griplift","20":"product_tag-mitoiterapia","21":"product_tag-pistao-da-bomba","22":"product_tag-pistao-de-bomba-manual","23":"product_tag-powrgrip","24":"product_tag-sistema-de-aspiracao-duplo-en-13155","25":"product_tag-suporte-de-vidro","26":"product_tag-vakuumsauger","27":"product_tag-vida-de-vidraceiro-2","28":"product_tag-vidracas-de-vidro","29":"product_tag-vidraceiro","30":"product_tag-vidros-zuignap","31":"product_tag-wpg","32":"product_shipping_class-pakket-80-50-20","34":"first","35":"instock","36":"taxable","37":"shipping-taxable","38":"purchasable","39":"product-type-simple"},"acf":[],"_links":{"self":[{"href":"https:\/\/gevelridder.nl\/pt-pt\/wp-json\/wp\/v2\/product\/141304","targetHints":{"allow":["GET"]}}],"collection":[{"href":"https:\/\/gevelridder.nl\/pt-pt\/wp-json\/wp\/v2\/product"}],"about":[{"href":"https:\/\/gevelridder.nl\/pt-pt\/wp-json\/wp\/v2\/types\/product"}],"wp:attachment":[{"href":"https:\/\/gevelridder.nl\/pt-pt\/wp-json\/wp\/v2\/media?parent=141304"}],"wp:term":[{"taxonomy":"product_brand","embeddable":true,"href":"https:\/\/gevelridder.nl\/pt-pt\/wp-json\/wp\/v2\/product_brand?post=141304"},{"taxonomy":"product_cat","embeddable":true,"href":"https:\/\/gevelridder.nl\/pt-pt\/wp-json\/wp\/v2\/product_cat?post=141304"},{"taxonomy":"product_tag","embeddable":true,"href":"https:\/\/gevelridder.nl\/pt-pt\/wp-json\/wp\/v2\/product_tag?post=141304"}],"curies":[{"name":"wp","href":"https:\/\/api.w.org\/{rel}","templated":true}]}}