
{"id":141285,"date":"2026-04-08T12:58:20","date_gmt":"2026-04-08T12:58:20","guid":{"rendered":"https:\/\/gevelridder.nl\/product\/aspirador-de-vidro-v400\/"},"modified":"2026-05-08T12:47:30","modified_gmt":"2026-05-08T12:47:30","slug":"aspirador-de-vidro-v400","status":"publish","type":"product","link":"https:\/\/gevelridder.nl\/pt-pt\/produto\/aspirador-de-vidro-v400\/","title":{"rendered":"Aspirador de vidro V400"},"content":{"rendered":"\n<p><strong>O que podes esperar:<\/strong><\/p>\n\n<p>Este <strong>elevador a v\u00e1cuo<\/strong> est\u00e1 equipado com 4 ventosas pretas e \u00e9 adequado para elevar at\u00e9 400 kg. Gra\u00e7as ao olhal de eleva\u00e7\u00e3o montado centralmente, a m\u00e1quina roda e inclina-se facilmente dentro do mecanismo de eleva\u00e7\u00e3o. Uma das principais vantagens deste elevador de v\u00e1cuo \u00e9 o seu design leve, pesando apenas 30 kg.  <\/p>\n\n<p>O aparelho possui um sistema de v\u00e1cuo duplo com uma bomba, dois reservat\u00f3rios de v\u00e1cuo e duas ventosas por circuito. As dimens\u00f5es s\u00e3o 840 mm de largura e 650 mm de altura, com uma dist\u00e2ncia de 240 mm entre as ventosas. \u00c9 fornecido de s\u00e9rie com ventosas pretas concebidas para vidro e a\u00e7o.  <\/p>\n\n<p>Se precisares de levantar pain\u00e9is sandwich ou outros materiais com uma superf\u00edcie mais \u00e1spera, recomendamos as ventosas de borracha esponjosa macia cinzenta clara. Neste caso, a capacidade m\u00e1xima de eleva\u00e7\u00e3o \u00e9 reduzida para 200 kg. O dispositivo est\u00e1 equipado com pequenos p\u00e9s de apoio e s\u00e3o fornecidas capas de prote\u00e7\u00e3o verdes para as ventosas pretas. Se optares por ventosas de borracha cinzentas, estas s\u00e3o fornecidas com capas de couro artificial.   <\/p>\n","protected":false},"excerpt":{"rendered":"<p>Elevador a v\u00e1cuo leve (30 kg) com uma capacidade de 400 kg. Dispon\u00edvel em v\u00e1rios modelos com dep\u00f3sitos, bombas e controlo remoto para diversas necessidades de eleva\u00e7\u00e3o. <\/p>\n<p><span style=\"color: #5bbc3a;\">.<\/span><b><span style=\"color: #5bbc3a;\">Peso<\/span> l\u00edquido de 400 kg<\/b><\/p>\n<p><span style=\"color: #5bbc3a;\">.<\/span><b>Peso 30 kg<\/b><\/p>\n","protected":false},"featured_media":2735,"template":"","meta":{"_acf_changed":false,"_seopress_robots_primary_cat":"","_seopress_titles_title":"","_seopress_titles_desc":"Elevador a v\u00e1cuo leve (30 kg) com uma capacidade de 350 kg. Dispon\u00edvel em v\u00e1rios modelos com dep\u00f3sitos, bombas e controlo remoto para diversas necessidades de eleva\u00e7\u00e3o. ","_seopress_robots_index":""},"product_brand":[],"product_cat":[2824,2654],"product_tag":[3114,3113,3115,2764],"class_list":{"0":"post-141285","1":"product","2":"type-product","3":"status-publish","4":"has-post-thumbnail","6":"product_cat-levantadores-de-vidro-a-vacuo","7":"product_cat-suportes-de-vidro","8":"product_tag-lugares","9":"product_tag-pistoes-rotativos","10":"product_tag-sirliftalot-rotativo-150-kg","11":"product_tag-vidro","13":"first","14":"instock","15":"taxable","16":"shipping-taxable","17":"purchasable","18":"product-type-simple"},"acf":[],"_links":{"self":[{"href":"https:\/\/gevelridder.nl\/pt-pt\/wp-json\/wp\/v2\/product\/141285","targetHints":{"allow":["GET"]}}],"collection":[{"href":"https:\/\/gevelridder.nl\/pt-pt\/wp-json\/wp\/v2\/product"}],"about":[{"href":"https:\/\/gevelridder.nl\/pt-pt\/wp-json\/wp\/v2\/types\/product"}],"wp:featuredmedia":[{"embeddable":true,"href":"https:\/\/gevelridder.nl\/pt-pt\/wp-json\/wp\/v2\/media\/2735"}],"wp:attachment":[{"href":"https:\/\/gevelridder.nl\/pt-pt\/wp-json\/wp\/v2\/media?parent=141285"}],"wp:term":[{"taxonomy":"product_brand","embeddable":true,"href":"https:\/\/gevelridder.nl\/pt-pt\/wp-json\/wp\/v2\/product_brand?post=141285"},{"taxonomy":"product_cat","embeddable":true,"href":"https:\/\/gevelridder.nl\/pt-pt\/wp-json\/wp\/v2\/product_cat?post=141285"},{"taxonomy":"product_tag","embeddable":true,"href":"https:\/\/gevelridder.nl\/pt-pt\/wp-json\/wp\/v2\/product_tag?post=141285"}],"curies":[{"name":"wp","href":"https:\/\/api.w.org\/{rel}","templated":true}]}}