
{"id":141284,"date":"2026-04-08T13:04:19","date_gmt":"2026-04-08T13:04:19","guid":{"rendered":"https:\/\/gevelridder.nl\/product\/aspirador-de-vidro-rotante-v250t\/"},"modified":"2026-05-08T12:47:30","modified_gmt":"2026-05-08T12:47:30","slug":"aspirador-de-vidro-rotante-v250t","status":"publish","type":"product","link":"https:\/\/gevelridder.nl\/pt-pt\/produto\/aspirador-de-vidro-rotante-v250t\/","title":{"rendered":"Aspirador de vidro Rotante V250T"},"content":{"rendered":"\n<p><strong>Este elevador a v\u00e1cuo \u00e9 baseado no nosso bem sucedido elevador b\u00e1sico a pilhas.  <\/strong><\/p>\n\n<p>No entanto, este modelo oferece uma rota\u00e7\u00e3o de 360 graus e vem com um olhal de eleva\u00e7\u00e3o alargado e amov\u00edvel. O peso \u00e9 de apenas 20 kg e as dimens\u00f5es s\u00e3o 620 \u00d7 270 mm (C x L). A altura varia entre 450 e 580 mm. Peso l\u00edquido=250 kg   <\/p>\n","protected":false},"excerpt":{"rendered":"<p><span style=\"color: #5bbc3a;\">.<\/span><b><span style=\"color: #5bbc3a;\">\u2714<\/span> Peso l\u00edquido 250 kg<\/b><\/p>\n<p><b><span style=\"color: #5bbc3a;\">\u2714<\/span> rota\u00e7\u00e3o  <\/b><\/p>\n<p><b><span style=\"color: #5bbc3a;\">\u2714<\/span> estendido <\/b><b>olhal de eleva\u00e7\u00e3o amov\u00edvel<\/b><\/p>\n<p><span style=\"color: #5bbc3a;\">.<\/span><b><span style=\"color: #5bbc3a;\">pesa<\/span> 20 kg<\/b><\/p>\n","protected":false},"featured_media":132529,"template":"","meta":{"_acf_changed":false,"_seopress_robots_primary_cat":"","_seopress_titles_title":"","_seopress_titles_desc":"Levantador de v\u00e1cuo compacto com rota\u00e7\u00e3o de 360 graus. Leve (20 kg) com um olhal de eleva\u00e7\u00e3o destac\u00e1vel e alargado. Ideal para tarefas de eleva\u00e7\u00e3o precisas.  ","_seopress_robots_index":""},"product_brand":[],"product_cat":[2824,2654],"product_tag":[3114,3113,2764],"class_list":{"0":"post-141284","1":"product","2":"type-product","3":"status-publish","4":"has-post-thumbnail","6":"product_cat-levantadores-de-vidro-a-vacuo","7":"product_cat-suportes-de-vidro","8":"product_tag-lugares","9":"product_tag-pistoes-rotativos","10":"product_tag-vidro","12":"first","13":"instock","14":"taxable","15":"shipping-taxable","16":"purchasable","17":"product-type-simple"},"acf":[],"_links":{"self":[{"href":"https:\/\/gevelridder.nl\/pt-pt\/wp-json\/wp\/v2\/product\/141284","targetHints":{"allow":["GET"]}}],"collection":[{"href":"https:\/\/gevelridder.nl\/pt-pt\/wp-json\/wp\/v2\/product"}],"about":[{"href":"https:\/\/gevelridder.nl\/pt-pt\/wp-json\/wp\/v2\/types\/product"}],"wp:featuredmedia":[{"embeddable":true,"href":"https:\/\/gevelridder.nl\/pt-pt\/wp-json\/wp\/v2\/media\/132529"}],"wp:attachment":[{"href":"https:\/\/gevelridder.nl\/pt-pt\/wp-json\/wp\/v2\/media?parent=141284"}],"wp:term":[{"taxonomy":"product_brand","embeddable":true,"href":"https:\/\/gevelridder.nl\/pt-pt\/wp-json\/wp\/v2\/product_brand?post=141284"},{"taxonomy":"product_cat","embeddable":true,"href":"https:\/\/gevelridder.nl\/pt-pt\/wp-json\/wp\/v2\/product_cat?post=141284"},{"taxonomy":"product_tag","embeddable":true,"href":"https:\/\/gevelridder.nl\/pt-pt\/wp-json\/wp\/v2\/product_tag?post=141284"}],"curies":[{"name":"wp","href":"https:\/\/api.w.org\/{rel}","templated":true}]}}