
{"id":141282,"date":"2026-04-08T13:11:39","date_gmt":"2026-04-08T13:11:39","guid":{"rendered":"https:\/\/gevelridder.nl\/product\/aspirador-de-vidro-350-tt-doppio-girevole\/"},"modified":"2026-05-08T12:47:30","modified_gmt":"2026-05-08T12:47:30","slug":"aspirador-de-vidro-350-tt-doppio-girevole","status":"publish","type":"product","link":"https:\/\/gevelridder.nl\/pt-pt\/produto\/aspirador-de-vidro-350-tt-doppio-girevole\/","title":{"rendered":"Aspirador de vidro 350 TT Doppio girevole"},"content":{"rendered":"\n<p><strong>Levantador a v\u00e1cuo alimentado por bateria | 350 kg<\/strong><br\/>Perfeito para vidro, a\u00e7o e todas as superf\u00edcies lisas &#8211; levanta, inclina e roda com facilidade. Este elevador a v\u00e1cuo \u00e9 \u00fanico: compacto, leve (apenas 28 kg), mas suficientemente potente para lidar com cargas at\u00e9 350 kg. <\/p>\n\n<p><strong>O que \u00e9 que podes esperar?<\/strong><\/p>\n\n<ul class=\"wp-block-list\">\n<li><strong>Compacto e port\u00e1til<\/strong>: Cabe facilmente na tua carrinha ou ve\u00edculo pequeno.<\/li>\n\n\n\n<li><strong>F\u00e1cil<\/strong> de utilizar: simples de utilizar e recarregar.<\/li>\n\n\n\n<li><strong>Seguro e duradouro<\/strong>: Possui um dep\u00f3sito grande, pilhas fi\u00e1veis e uma bomba potente.<\/li>\n\n\n\n<li><strong>Materiais de primeira qualidade<\/strong>: Fabricado em a\u00e7o robusto para uma utiliza\u00e7\u00e3o duradoura.<\/li>\n\n\n\n<li><strong>Ventosas resistentes ao \u00f3leo<\/strong>: Ideal para placas de a\u00e7o e outros materiais dif\u00edceis.<\/li>\n<\/ul>\n\n<p><strong>Carater\u00edsticas principais:<\/strong><\/p>\n\n<ul class=\"wp-block-list\">\n<li>Funcionalidade de rota\u00e7\u00e3o e inclina\u00e7\u00e3o de 360 graus, tamb\u00e9m adequada para utiliza\u00e7\u00e3o horizontal em pisos e telhados.<\/li>\n\n\n\n<li>Dispon\u00edvel tamb\u00e9m numa vers\u00e3o de 250 kg.<\/li>\n<\/ul>\n\n<p><strong>Detalhes:<\/strong><\/p>\n\n<ul class=\"wp-block-list\">\n<li><strong>Dimens\u00f5es<\/strong>: 620 x 270 x 700 mm (C x L x A)<\/li>\n\n\n\n<li><strong>Peso<\/strong>: 28 kg<\/li>\n<\/ul>\n","protected":false},"excerpt":{"rendered":"<p><strong>Experimenta um poder de eleva\u00e7\u00e3o incompar\u00e1vel com o nosso elevador a v\u00e1cuo alimentado por bateria<\/strong> Leva as tuas tarefas de eleva\u00e7\u00e3o para o pr\u00f3ximo n\u00edvel com este elevador a v\u00e1cuo compacto e leve, concebido para suportar at\u00e9 350 kg sem esfor\u00e7o. Quer estejas a trabalhar com vidro, a\u00e7o ou qualquer superf\u00edcie lisa, esta ferramenta robusta oferece uma rota\u00e7\u00e3o de 360 graus, funcionalidade de inclina\u00e7\u00e3o e uma portabilidade sem paralelo. Concebida para seguran\u00e7a e durabilidade, \u00e9 perfeita para profissionais que exigem fiabilidade e efici\u00eancia. Pronto para tornar o teu trabalho mais f\u00e1cil? Descobre hoje o poder da inova\u00e7\u00e3o!    <\/p>\n","protected":false},"featured_media":2736,"template":"","meta":{"_acf_changed":false,"_seopress_robots_primary_cat":"","_seopress_titles_title":"","_seopress_titles_desc":"Levantador compacto a v\u00e1cuo alimentado por bateria para at\u00e9 350 kg. Ideal para vidro, a\u00e7o e superf\u00edcies lisas. Leve, seguro, dur\u00e1vel e com capacidade de rota\u00e7\u00e3o de 360 graus.  ","_seopress_robots_index":""},"product_brand":[],"product_cat":[2824,2654],"product_tag":[3114,3113,3115,2764],"class_list":{"0":"post-141282","1":"product","2":"type-product","3":"status-publish","4":"has-post-thumbnail","6":"product_cat-levantadores-de-vidro-a-vacuo","7":"product_cat-suportes-de-vidro","8":"product_tag-lugares","9":"product_tag-pistoes-rotativos","10":"product_tag-sirliftalot-rotativo-150-kg","11":"product_tag-vidro","13":"first","14":"instock","15":"taxable","16":"shipping-taxable","17":"purchasable","18":"product-type-simple"},"acf":[],"_links":{"self":[{"href":"https:\/\/gevelridder.nl\/pt-pt\/wp-json\/wp\/v2\/product\/141282","targetHints":{"allow":["GET"]}}],"collection":[{"href":"https:\/\/gevelridder.nl\/pt-pt\/wp-json\/wp\/v2\/product"}],"about":[{"href":"https:\/\/gevelridder.nl\/pt-pt\/wp-json\/wp\/v2\/types\/product"}],"wp:featuredmedia":[{"embeddable":true,"href":"https:\/\/gevelridder.nl\/pt-pt\/wp-json\/wp\/v2\/media\/2736"}],"wp:attachment":[{"href":"https:\/\/gevelridder.nl\/pt-pt\/wp-json\/wp\/v2\/media?parent=141282"}],"wp:term":[{"taxonomy":"product_brand","embeddable":true,"href":"https:\/\/gevelridder.nl\/pt-pt\/wp-json\/wp\/v2\/product_brand?post=141282"},{"taxonomy":"product_cat","embeddable":true,"href":"https:\/\/gevelridder.nl\/pt-pt\/wp-json\/wp\/v2\/product_cat?post=141282"},{"taxonomy":"product_tag","embeddable":true,"href":"https:\/\/gevelridder.nl\/pt-pt\/wp-json\/wp\/v2\/product_tag?post=141282"}],"curies":[{"name":"wp","href":"https:\/\/api.w.org\/{rel}","templated":true}]}}