
{"id":141263,"date":"2026-03-24T08:17:10","date_gmt":"2026-03-24T08:17:10","guid":{"rendered":"https:\/\/gevelridder.nl\/product\/perna-de-balaustrada-gevelridder\/"},"modified":"2026-05-08T12:41:51","modified_gmt":"2026-05-08T12:41:51","slug":"perna-de-balaustrada-gevelridder","status":"publish","type":"product","link":"https:\/\/gevelridder.nl\/pt-pt\/produto\/perna-de-balaustrada-gevelridder\/","title":{"rendered":"Perna de balaustrada Gevelridder"},"content":{"rendered":"\n<h2 class=\"wp-block-heading\">Perna de balaustrada Gevelridder<\/h2>\n\n<h3 class=\"wp-block-heading\">Cap\u00edtulo 1: Introdu\u00e7\u00e3o \u00e0 perna de balaustrada Gevelridder<\/h3>\n\n<p>O Gevelridder Balustrade Leg \u00e9 um suporte solto que pode ser montado no topo do Gevelridder S ou do Gevelridder M ou do Gevelridder M Hybrid, criando um elevador de balaustrada. Esta inova\u00e7\u00e3o proporciona uma solu\u00e7\u00e3o pr\u00e1tica para trabalhar em altura de forma segura e eficiente. Com um comprimento de 230 cm, o suporte atinge uma altura de trabalho de cerca de 2 metros, o que o torna num tamanho ideal para uma variedade de trabalhos.  <\/p>\n\n<h3 class=\"wp-block-heading\">Cap\u00edtulo 2: Especifica\u00e7\u00f5es t\u00e9cnicas<\/h3>\n\n<p>A carga m\u00e1xima do P\u00e9 de Balaustrada Gevelridder est\u00e1 fixada em 200 kg. Esta capacidade de carga n\u00e3o s\u00f3 torna poss\u00edvel a instala\u00e7\u00e3o de balaustradas de vidro, como tamb\u00e9m permite aos profissionais transportar em seguran\u00e7a folhas de vidro, portas ou outro material para o ch\u00e3o. O Carro de Vidro pode ser facilmente conduzido por baixo do elevador para que o material em folha possa ser colocado no carro e transportado posteriormente.  <\/p>\n\n<h3 class=\"wp-block-heading\">Cap\u00edtulo 3: Riscos de trabalhar sem ferramentas<\/h3>\n\n<p>O levantamento regular de pesos \u00e9 prejudicial para a tua sa\u00fade. Ao levantar objectos pesados, existe o risco de danificar os m\u00fasculos das costas, os ligamentos do tecido conjuntivo \u00e0 volta da coluna vertebral ou os discos intervertebrais. Quanto mais pesado for o levantamento, maior \u00e9 o risco de les\u00f5es. No entanto, mesmo o levantamento de objectos ligeiros pode provocar les\u00f5es, por exemplo, porque tem de ser feito numa posi\u00e7\u00e3o desfavor\u00e1vel (dobrado, torcido ou com os bra\u00e7os levantados) ou por levantar demasiadas vezes seguidas com pouco tempo de recupera\u00e7\u00e3o. Para mais informa\u00e7\u00f5es, consulta o Portal da Sa\u00fade e Seguran\u00e7a no Trabalho.    <\/p>\n\n<h3 class=\"wp-block-heading\">Cap\u00edtulo 4: Compatibilidade e op\u00e7\u00f5es de encomenda<\/h3>\n\n<p>\u00c9 importante notar que a perna de balaustrada n\u00e3o pode ser utilizada em conjunto com o Facade Knight (Gevelridder) L e XL. Para quem ainda n\u00e3o possui um Facade Knight (Gevelridder), existe a possibilidade de nos encomendar um conjunto completo. Isto garante que todas as pe\u00e7as necess\u00e1rias podem ser obtidas de uma s\u00f3 vez, o que pode otimizar ainda mais o processo de trabalho.  <\/p>\n\n<h3 class=\"wp-block-heading\">Cap\u00edtulo 5: Conclus\u00e3o<\/h3>\n\n<p>O p\u00e9 de balaustrada Gevelridder \u00e9 uma ferramenta essencial para a realiza\u00e7\u00e3o de trabalhos em altura. Proporciona um apoio firme e reduz os riscos associados \u00e0 eleva\u00e7\u00e3o de cargas pesadas. A perna faz parte de um sistema que aumenta a efici\u00eancia e reduz o esfor\u00e7o f\u00edsico dos trabalhadores, contribuindo para um ambiente de trabalho mais seguro e saud\u00e1vel. Esta solu\u00e7\u00e3o inovadora melhora os processos de trabalho e ajuda as empresas a cumprir os requisitos de sa\u00fade e seguran\u00e7a. Ao considerar o investimento na perna para balaustrada Gevelridder, est\u00e1 a investir na sa\u00fade e seguran\u00e7a dos trabalhadores e na qualidade do resultado final.    <\/p>\n","protected":false},"excerpt":{"rendered":"<p>Com o Gevelridder Balustrade Leg pode instalar balaustradas de vidro, mas tamb\u00e9m pensar no transporte de pain\u00e9is de vidro, portas ou outros materiais para o ch\u00e3o. Tamb\u00e9m podes passar facilmente o carrinho de empenas por baixo deste elevador para colocar o material em folha no carrinho e depois transport\u00e1-lo para o ch\u00e3o. A perna deve ir do ch\u00e3o at\u00e9 ao centro do tubo com 215 cm de altura.  <\/p>\n","protected":false},"featured_media":0,"template":"","meta":{"_acf_changed":false,"_seopress_robots_primary_cat":"none","_seopress_titles_title":"","_seopress_titles_desc":"","_seopress_robots_index":""},"product_brand":[],"product_cat":[2927,2949,2658],"product_tag":[2948,2659,2947,2946],"class_list":{"0":"post-141263","1":"product","2":"type-product","3":"status-publish","5":"product_cat-gevelridder-glasslift","6":"product_cat-gevelridder-glasslift-2","7":"product_cat-pecas","8":"product_tag-bem","9":"product_tag-cavaleiro-de-fachada-gevelridder","10":"product_tag-icamento-no-telhado","11":"product_tag-perna-de-balaustrada","12":"product_shipping_class-75-euros","14":"first","15":"instock","16":"taxable","17":"shipping-taxable","18":"purchasable","19":"product-type-simple"},"acf":[],"_links":{"self":[{"href":"https:\/\/gevelridder.nl\/pt-pt\/wp-json\/wp\/v2\/product\/141263","targetHints":{"allow":["GET"]}}],"collection":[{"href":"https:\/\/gevelridder.nl\/pt-pt\/wp-json\/wp\/v2\/product"}],"about":[{"href":"https:\/\/gevelridder.nl\/pt-pt\/wp-json\/wp\/v2\/types\/product"}],"wp:attachment":[{"href":"https:\/\/gevelridder.nl\/pt-pt\/wp-json\/wp\/v2\/media?parent=141263"}],"wp:term":[{"taxonomy":"product_brand","embeddable":true,"href":"https:\/\/gevelridder.nl\/pt-pt\/wp-json\/wp\/v2\/product_brand?post=141263"},{"taxonomy":"product_cat","embeddable":true,"href":"https:\/\/gevelridder.nl\/pt-pt\/wp-json\/wp\/v2\/product_cat?post=141263"},{"taxonomy":"product_tag","embeddable":true,"href":"https:\/\/gevelridder.nl\/pt-pt\/wp-json\/wp\/v2\/product_tag?post=141263"}],"curies":[{"name":"wp","href":"https:\/\/api.w.org\/{rel}","templated":true}]}}