
{"id":141261,"date":"2026-03-24T08:17:09","date_gmt":"2026-03-24T08:17:09","guid":{"rendered":"https:\/\/gevelridder.nl\/product\/gevelridder-basic-set-250kg\/"},"modified":"2026-05-08T12:41:51","modified_gmt":"2026-05-08T12:41:51","slug":"gevelridder-basic-set-250kg","status":"publish","type":"product","link":"https:\/\/gevelridder.nl\/pt-pt\/produto\/gevelridder-basic-set-250kg\/","title":{"rendered":"Gevelridder BASIC Set 250kg"},"content":{"rendered":"\n<h2 class=\"wp-block-heading\">Conjunto de cavaleiro de Gable 250 kg<\/h2>\n\n<p>Evita problemas de costas com este conjunto de Facade Rider, tens tudo para colocar e transportar vidros, caixilhos de janelas, estores, etc. at\u00e9 uma altura de 5,8 metros e um peso m\u00e1ximo de 200-250 kg. Al\u00e9m disso, este conjunto \u00e9 muito amigo da sa\u00fade e da seguran\u00e7a, pequeno em tamanho, leve e, portanto, f\u00e1cil de levar para o local de constru\u00e7\u00e3o. <\/p>\n\n<h2 class=\"wp-block-heading\">Gable Knight Set, a ferramenta contra as dores de costas<\/h2>\n\n<p>O <a href=\"https:\/\/gevelridder.nl\/nieuws\/gevelridder-m-hybride-milieu\/\" target=\"_blank\" rel=\"noreferrer noopener\">Gevelridder M Hybrid <\/a>. \u00c9 f\u00e1cil de transportar. Retrai-se 2,4 m, estende-se quase 4 m e, com o tubo de extens\u00e3o adicional, pode estender-se at\u00e9 uma altura m\u00e1xima de 5,8 m. Com o suporte de extens\u00e3o adicional, tamb\u00e9m pode ser utilizado para levantar pain\u00e9is de prateleiras ou do carro.   <\/p>\n\n<p>O leve <a href=\"https:\/\/gevelridder.nl\/en\/product\/sirliftalot4-250kg\/\">SirLiftAlot 4 <\/a>, que podes elevar em 3 posi\u00e7\u00f5es, tamb\u00e9m considera, por exemplo, os telhados de jardins de inverno. A ventosa funciona com ventosas de bomba Lexan; assim que quiseres levantar mais de 1,8 m (r\u00e9s do ch\u00e3o), tens de usar prote\u00e7\u00e3o contra quedas, mas os suportes de montagem para isso tamb\u00e9m est\u00e3o presentes. <\/p>\n\n<p><a href=\"https:\/\/gevelridder.nl\/product\/glaskar-250-platenwagen\/\" target=\"_blank\" rel=\"noreferrer noopener\">O carrinho de vidro em alum\u00ednio de 250 kg.<\/a>  Esta tamb\u00e9m tem um peso l\u00edquido de 13 kg, a estrutura \u00e9 de 100\u00d7100 cm, a profundidade da plataforma \u00e9 de 200 mm, 250 kg no m\u00e1ximo.<\/p>\n\n<p>Duas <a href=\"https:\/\/gevelridder.nl\/pt-pt\/produto\/bracadeira-de-tensao-para-glaskar-2-0-alu\/\">pin\u00e7as de tens\u00e3o<\/a> para o carrinho Gevelridder.<\/p>\n\n<h2 class=\"wp-block-heading\">Previne as dores de costas com o conjunto Geveridder<\/h2>\n\n<p>Evita dores nas costas com o Gable Knight, podes montar vidros, janelas e portas de forma eficiente e com as costas direitas. Tamb\u00e9m podes montar toldos facilmente. O Gevelridder \u00e9 f\u00e1cil de transportar e \u00e9 leve. Os profissionais que utilizam os produtos est\u00e3o satisfeitos. &#8220;J\u00e1 n\u00e3o te deitas no sof\u00e1 \u00e0 noite com dores nas costas, mas aproveitas a vida.&#8221;    <\/p>\n\n<h2 class=\"wp-block-heading\">Postura de trabalho pouco saud\u00e1vel e dores de costas<\/h2>\n\n<h3 class=\"wp-block-heading\">Evitar as dores nas costas com o conjunto Gable Knight<\/h3>\n\n<p>Na Gevelridder n\u00e3o nos preocupamos em vender os nossos produtos bonitos, N\u00c3O, preocupamo-nos com a sa\u00fade dos nossos clientes, pacientes, como lhes chamamos na brincadeira. Muitas vezes s\u00e3o as pequenas coisas da vida que fazem a diferen\u00e7a. Poupar um pequeno investimento pode muitas vezes afetar drasticamente a vida de um mec\u00e2nico. Os trabalhadores que trabalham frequentemente ou durante longos per\u00edodos de tempo em posi\u00e7\u00f5es de trabalho pouco saud\u00e1veis t\u00eam maior probabilidade de ter queixas (permanentes) ou doen\u00e7as profissionais dos m\u00fasculos, tend\u00f5es, ligamentos ou articula\u00e7\u00f5es. As posi\u00e7\u00f5es de trabalho pouco saud\u00e1veis incluem trabalhar curvado, com os bra\u00e7os levantados ou ajoelhado. Estas posi\u00e7\u00f5es implicam que os m\u00fasculos e os tend\u00f5es sejam esticados de forma prolongada ou forte. As posturas que envolvem uma posi\u00e7\u00e3o extrema das articula\u00e7\u00f5es tamb\u00e9m podem causar tens\u00e3o nos tend\u00f5es, ligamentos e m\u00fasculos.      <\/p>\n\n<h3 class=\"wp-block-heading\">Arboportal e Cavaleiro de Gable<\/h3>\n\n<p>Trabalhar em posturas pouco saud\u00e1veis pode levar \u00e0 fadiga ou mesmo a les\u00f5es. Por isso, \u00e9 importante limitar o mais poss\u00edvel este tipo de esfor\u00e7o f\u00edsico. As entidades patronais s\u00e3o obrigadas a tomar medidas para que os trabalhadores possam trabalhar em boas posturas, tanto quanto poss\u00edvel. Ver tamb\u00e9m: <a href=\"https:\/\/www.arboportaal.nl\/onderwerpen\/werkhoudingen\" target=\"_blank\" rel=\"noreferrer noopener\">postura de trabalho.<\/a>   <\/p>\n\n<p>Com as ferramentas da Facade Knight, os clientes tamb\u00e9m se tornam mais conscientes do trabalho que fazem. Ser\u00e1 que ainda posso fazer este trabalho daqui a 10 anos se tiver dores de costas constantes? \u00c9 por isso que a Facade Knight! Diverte-te a ir trabalhar.   <\/p>\n\n<h2 class=\"wp-block-heading\">Falta de pessoal devido a dores de costas<\/h2>\n\n<p>H\u00e1 anos que os empregadores fazem soar o alarme sobre a falta de pessoal. Uma das solu\u00e7\u00f5es para este problema consiste em, enquanto empres\u00e1rio, n\u00e3o te concentrares na quantidade, mas na qualidade do trabalho do pessoal. A Gevelridder desempenha um papel importante neste dom\u00ednio. Ao trabalhar de forma segura, eficiente, mas tamb\u00e9m ergon\u00f3mica no ch\u00e3o de f\u00e1brica, o artes\u00e3o n\u00e3o s\u00f3 desfrutar\u00e1 mais do seu trabalho, como as dores de costas e o absentismo diminuir\u00e3o.   <\/p>\n","protected":false},"excerpt":{"rendered":"<p><b>\u2714<\/b> <strong>Belo conjunto completo:<\/strong><\/p>\n<ol>\n<li>\n<ol>\n<li>Gable Knight H\u00edbrido M<\/li>\n<li>Tubo de extens\u00e3o<\/li>\n<li>Espa\u00e7ador<\/li>\n<li>Carrinho de vidro 250 kg<\/li>\n<li>Duas pin\u00e7as de tens\u00e3o em alum\u00ednio<\/li>\n<li>Levantador a v\u00e1cuo: SirLiftAlot 4 WLL 250 kg<\/li>\n<\/ol>\n<\/li>\n<\/ol>\n<p><strong>\u00c9 leve e pode ser transportado no autocarro.<\/strong><\/p>\n<p><strong>\u2714 <\/strong><strong>Comprimento de transporte 2400 mm.<\/strong><\/p>\n<p><strong>\u2714 <\/strong><strong>Extens\u00edvel ao m\u00e1ximo at\u00e9 5850 mm.<\/strong><\/p>\n","protected":false},"featured_media":0,"template":"","meta":{"_acf_changed":false,"_seopress_robots_primary_cat":"none","_seopress_titles_title":"","_seopress_titles_desc":"","_seopress_robots_index":""},"product_brand":[],"product_cat":[2927,2983],"product_tag":[2994,2659,2837,2989,2940,2990,2826,2995,2998,2662,2956,3003,3004,3009],"class_list":{"0":"post-141261","1":"product","2":"type-product","3":"status-publish","5":"product_cat-gevelridder-glasslift","6":"product_cat-pacotes","7":"product_tag-aluguer-de-gruas-de-vidro","8":"product_tag-cavaleiro-de-fachada-gevelridder","9":"product_tag-colocacao-do-vidro-2","10":"product_tag-conjunto-do-cavaleiro-de-fachada-gevelridder","11":"product_tag-elevador-de-escada","12":"product_tag-elevador-de-estrutura","13":"product_tag-elevador-de-vidro","14":"product_tag-elevador-de-vidro-3","15":"product_tag-escada-de-elevacao","16":"product_tag-guincho","17":"product_tag-guincho-de-escada","18":"product_tag-mini-elevador","19":"product_tag-reune","20":"product_tag-rugpijn","21":"product_shipping_class-gevelridder-m","23":"first","24":"instock","25":"sale","26":"taxable","27":"shipping-taxable","28":"purchasable","29":"product-type-simple"},"acf":[],"_links":{"self":[{"href":"https:\/\/gevelridder.nl\/pt-pt\/wp-json\/wp\/v2\/product\/141261","targetHints":{"allow":["GET"]}}],"collection":[{"href":"https:\/\/gevelridder.nl\/pt-pt\/wp-json\/wp\/v2\/product"}],"about":[{"href":"https:\/\/gevelridder.nl\/pt-pt\/wp-json\/wp\/v2\/types\/product"}],"wp:attachment":[{"href":"https:\/\/gevelridder.nl\/pt-pt\/wp-json\/wp\/v2\/media?parent=141261"}],"wp:term":[{"taxonomy":"product_brand","embeddable":true,"href":"https:\/\/gevelridder.nl\/pt-pt\/wp-json\/wp\/v2\/product_brand?post=141261"},{"taxonomy":"product_cat","embeddable":true,"href":"https:\/\/gevelridder.nl\/pt-pt\/wp-json\/wp\/v2\/product_cat?post=141261"},{"taxonomy":"product_tag","embeddable":true,"href":"https:\/\/gevelridder.nl\/pt-pt\/wp-json\/wp\/v2\/product_tag?post=141261"}],"curies":[{"name":"wp","href":"https:\/\/api.w.org\/{rel}","templated":true}]}}