
{"id":141260,"date":"2026-03-24T11:33:10","date_gmt":"2026-03-24T11:33:10","guid":{"rendered":"https:\/\/gevelridder.nl\/product\/conjunto-de-canhao-pro-250kg\/"},"modified":"2026-05-08T12:41:51","modified_gmt":"2026-05-08T12:41:51","slug":"conjunto-de-canhao-pro-250kg","status":"publish","type":"product","link":"https:\/\/gevelridder.nl\/pt-pt\/produto\/conjunto-de-canhao-pro-250kg\/","title":{"rendered":"Conjunto de canh\u00e3o PRO 250kg"},"content":{"rendered":"\n<h2 class=\"wp-block-heading\">Conjunto de gevelridder 250 kg<\/h2>\n\n<p>Evita problemas de costas com este conjunto de Facade Rider, tens tudo para colocar e transportar vidros, caixilhos de janelas, estores, etc. at\u00e9 uma altura de 5,8 metros e um peso m\u00e1ximo de 200-250 kg. Al\u00e9m disso, este conjunto \u00e9 muito amigo da sa\u00fade e da seguran\u00e7a, pequeno em tamanho, leve e, portanto, f\u00e1cil de levar para o local de constru\u00e7\u00e3o. <\/p>\n\n<h2 class=\"wp-block-heading\">Gevelridder Set, a ferramenta contra as dores de costas<\/h2>\n\n<p>O <a href=\"https:\/\/gevelridder.nl\/nieuws\/gevelridder-m-hybride-milieu\/\" target=\"_blank\" rel=\"noreferrer noopener\">Gevelridder M Hybrid <\/a>. Este \u00e9 f\u00e1cil de transportar. Retrai 2,4 metros, estende quase 4 metros e, com o tubo de extens\u00e3o extra, pode estender-se at\u00e9 5,8 metros. Com o suporte de extens\u00e3o extra, tamb\u00e9m pode ser utilizado para levantar pain\u00e9is de andaimes ou do carro. O <a href=\"https:\/\/gevelridder.nl\/en\/product\/sirliftalot4-250kg\/\">SirLiftAlot 4 <\/a>leve pode ser levantado em 3 posi\u00e7\u00f5es, por exemplo, para telhados de jardins de inverno. O pist\u00e3o funciona com pist\u00f5es de bomba Lexan, logo que pretendas elevar a uma altura superior a 1,8 metros (primeiro andar) tens de utilizar um trav\u00e3o de queda, mas tamb\u00e9m para isso est\u00e3o dispon\u00edveis os suportes de montagem.       <a href=\"https:\/\/gevelridder.nl\/product\/glaskar-250-platenwagen\/\" target=\"_blank\" rel=\"noreferrer noopener\">O Glaskar de alum\u00ednio 250 kg.<\/a>  Este tamb\u00e9m tem um peso pr\u00f3prio de 13 kg, a estrutura \u00e9 de 100\u00d7100 cm, a fixa\u00e7\u00e3o \u00e9 de 200 mm, 250 kg no m\u00e1ximo. Dois <a href=\"https:\/\/gevelridder.nl\/pt-pt\/produto\/bracadeira-de-tensao-para-glaskar-2-0-alu\/\">grampos de tens\u00e3o<\/a> para o carrinho Facade Knight (Gevelridder). <\/p>\n\n<h2 class=\"wp-block-heading\">Previne as dores de costas com o conjunto Geveridder<\/h2>\n\n<p>Evita dores nas costas com o Facade Knight (Gevelridder), podes montar facilmente vidros, janelas e portas de forma eficiente e com as costas direitas. Tamb\u00e9m podes montar toldos facilmente. O Gevelridder \u00e9 f\u00e1cil de transportar e \u00e9 leve. Os profissionais que utilizam os produtos est\u00e3o satisfeitos. &#8220;J\u00e1 n\u00e3o te deitas no sof\u00e1 \u00e0 noite com dores nas costas, mas aproveitas a vida.&#8221;    <\/p>\n\n<h2 class=\"wp-block-heading\">Postura de trabalho pouco saud\u00e1vel e dores de costas<\/h2>\n\n<h3 class=\"wp-block-heading\">Previne as dores de costas com o conjunto Gevelridder<\/h3>\n\n<p>Na Gevelridder n\u00e3o nos preocupamos em vender os nossos produtos bonitos, N\u00c3O, preocupamo-nos com a sa\u00fade dos nossos clientes, pacientes, como lhes chamamos na brincadeira. Muitas vezes s\u00e3o as pequenas coisas da vida que fazem a diferen\u00e7a. Poupar um pequeno investimento pode muitas vezes afetar drasticamente a vida de um mec\u00e2nico. Os trabalhadores que trabalham frequentemente ou durante longos per\u00edodos de tempo em posi\u00e7\u00f5es de trabalho pouco saud\u00e1veis s\u00e3o mais suscept\u00edveis de ter queixas (permanentes) ou doen\u00e7as profissionais dos m\u00fasculos, tend\u00f5es, ligamentos ou articula\u00e7\u00f5es. As posi\u00e7\u00f5es de trabalho pouco saud\u00e1veis incluem trabalhar curvado, com os bra\u00e7os levantados ou ajoelhado. Estas posi\u00e7\u00f5es implicam que os m\u00fasculos e os tend\u00f5es sejam esticados de forma prolongada ou forte. As posturas que envolvem uma posi\u00e7\u00e3o extrema das articula\u00e7\u00f5es tamb\u00e9m podem causar tens\u00e3o nos tend\u00f5es, ligamentos e m\u00fasculos.      <\/p>\n\n<h3 class=\"wp-block-heading\">Arboportal e Cavaleiro da Fachada (Gevelridder)<\/h3>\n\n<p>Por exemplo, trabalhar em posi\u00e7\u00f5es de trabalho pouco saud\u00e1veis pode levar \u00e0 fadiga ou mesmo a les\u00f5es. Por isso, \u00e9 importante limitar ao m\u00e1ximo esta forma de esfor\u00e7o f\u00edsico. As entidades patronais s\u00e3o obrigadas a tomar medidas para que os trabalhadores possam trabalhar, tanto quanto poss\u00edvel, em boas posturas. Ver tamb\u00e9m: <a href=\"https:\/\/www.arboportaal.nl\/onderwerpen\/werkhoudingen\" target=\"_blank\" rel=\"noreferrer noopener\">postura de trabalho. <\/a>Com as ferramentas da Gevelridder, os clientes tamb\u00e9m se tornam mais conscientes do trabalho que est\u00e3o a fazer. Ser\u00e1 que daqui a 10 anos ainda serei capaz de fazer este trabalho quando tiver dores de costas constantes? Por isso, Gevelridder! Para trabalhares com prazer.      <\/p>\n\n<h2 class=\"wp-block-heading\">Falta de pessoal devido a dores de costas<\/h2>\n\n<p>H\u00e1 anos que os empregadores fazem soar o alarme sobre a falta de pessoal. Uma das solu\u00e7\u00f5es para este problema consiste em, enquanto empres\u00e1rio, n\u00e3o te concentrares na quantidade, mas na qualidade do trabalho do pessoal. A Gevelridder desempenha um papel importante neste dom\u00ednio. Ao trabalhar de forma segura, eficiente, mas tamb\u00e9m ergon\u00f3mica no ch\u00e3o de f\u00e1brica, o artes\u00e3o n\u00e3o s\u00f3 desfrutar\u00e1 mais do seu trabalho, como as dores de costas e o absentismo diminuir\u00e3o.   <\/p>\n","protected":false},"excerpt":{"rendered":"<p><strong>Leve, pode ser levantado por uma pessoa.<\/strong><\/p>\n<p><b>\u2714<\/b> <strong>Belo conjunto completo:<\/strong><\/p>\n<ol>\n<li>O canh\u00e3o 75-250 kg<\/li>\n<li>10 blocos de lastro<\/li>\n<li>Carrinho de vidro 250 kg<\/li>\n<li>Duas pin\u00e7as de tens\u00e3o em alum\u00ednio<\/li>\n<li>Levantador a v\u00e1cuo: KIM250 el\u00e9trico<\/li>\n<\/ol>\n","protected":false},"featured_media":0,"template":"","meta":{"_acf_changed":false,"_seopress_robots_primary_cat":"none","_seopress_titles_title":"","_seopress_titles_desc":"","_seopress_robots_index":""},"product_brand":[],"product_cat":[2927,2983],"product_tag":[2994,3022,3018,2993,2659,2837,3016,3000,2989,2985,3013,2940,2990,2826,2995,3020,2998,3001,2662,3011,3002,3003,3024,3028,3026,3004,3009,3005,3006],"class_list":{"0":"post-141260","1":"product","2":"type-product","3":"status-publish","5":"product_cat-gevelridder-glasslift","6":"product_cat-pacotes","7":"product_tag-aluguer-de-gruas-de-vidro","8":"product_tag-canhao","9":"product_tag-carrinho-de-transporte-de-vidro","10":"product_tag-carrinho-de-vidro-250-kg","11":"product_tag-cavaleiro-de-fachada-gevelridder","12":"product_tag-colocacao-do-vidro-2","13":"product_tag-conjunto-completo-de-instalacao-de-vidro","14":"product_tag-conjunto-de-elevacao-para-vidros-e-caixilhos","15":"product_tag-conjunto-do-cavaleiro-de-fachada-gevelridder","16":"product_tag-define","17":"product_tag-elevacao-de-vidros-sem-grua","18":"product_tag-elevador-de-escada","19":"product_tag-elevador-de-estrutura","20":"product_tag-elevador-de-vidro","21":"product_tag-elevador-de-vidro-3","22":"product_tag-equipamento-para-vidraceiros-profissionais","23":"product_tag-escada-de-elevacao","24":"product_tag-ferramenta-para-prevenir-as-dores-de-costas","25":"product_tag-guincho","26":"product_tag-instalacao-ergonomica-do-vidro","27":"product_tag-mini-grua-para-vidro","28":"product_tag-mini-elevador","29":"product_tag-mini-guindaste-leve","30":"product_tag-o-canhao-preparado-pro","31":"product_tag-ocanhao","32":"product_tag-reune","33":"product_tag-rugpijn","34":"product_tag-tilhulpmiddel-glaszetten","35":"product_tag-tilhulpmiddelen-bouw-en-afbouw","36":"product_shipping_class-gevelridder-m","38":"first","39":"instock","40":"sale","41":"taxable","42":"shipping-taxable","43":"purchasable","44":"product-type-simple"},"acf":[],"_links":{"self":[{"href":"https:\/\/gevelridder.nl\/pt-pt\/wp-json\/wp\/v2\/product\/141260","targetHints":{"allow":["GET"]}}],"collection":[{"href":"https:\/\/gevelridder.nl\/pt-pt\/wp-json\/wp\/v2\/product"}],"about":[{"href":"https:\/\/gevelridder.nl\/pt-pt\/wp-json\/wp\/v2\/types\/product"}],"wp:attachment":[{"href":"https:\/\/gevelridder.nl\/pt-pt\/wp-json\/wp\/v2\/media?parent=141260"}],"wp:term":[{"taxonomy":"product_brand","embeddable":true,"href":"https:\/\/gevelridder.nl\/pt-pt\/wp-json\/wp\/v2\/product_brand?post=141260"},{"taxonomy":"product_cat","embeddable":true,"href":"https:\/\/gevelridder.nl\/pt-pt\/wp-json\/wp\/v2\/product_cat?post=141260"},{"taxonomy":"product_tag","embeddable":true,"href":"https:\/\/gevelridder.nl\/pt-pt\/wp-json\/wp\/v2\/product_tag?post=141260"}],"curies":[{"name":"wp","href":"https:\/\/api.w.org\/{rel}","templated":true}]}}