
{"id":141258,"date":"2026-03-24T11:44:24","date_gmt":"2026-03-24T11:44:24","guid":{"rendered":"https:\/\/gevelridder.nl\/product\/conjunto-de-cavaleiro-de-fachada-pro-250kg\/"},"modified":"2026-05-08T12:40:55","modified_gmt":"2026-05-08T12:40:55","slug":"conjunto-de-cavaleiro-de-fachada-pro-250kg","status":"publish","type":"product","link":"https:\/\/gevelridder.nl\/pt-pt\/produto\/conjunto-de-cavaleiro-de-fachada-pro-250kg\/","title":{"rendered":"Conjunto de cavaleiro de fachada PRO 250kg"},"content":{"rendered":"\n<h2 class=\"wp-block-heading\">Conjunto de cavaleiro de fachada 250 kg<\/h2>\n\n<p>Evita dores de costas com este conjunto Facade Knight, tens tudo para colocar e transportar vidros, caixilhos, toldos, etc. at\u00e9 5,8 metros de altura e um peso m\u00e1ximo de 200-250 kg. Al\u00e9m disso, este conjunto \u00e9 muito ergon\u00f3mico, compacto, leve e f\u00e1cil de levar para o local de constru\u00e7\u00e3o. <\/p>\n\n<h2 class=\"wp-block-heading\">Facade Knight Set, a ferramenta contra as dores de costas<\/h2>\n\n<p>O <a href=\"https:\/\/gevelridder.nl\/nieuws\/gevelridder-m-hybride-milieu\/\" target=\"_blank\" rel=\"noreferrer noopener\">Facade Knight M Hybrid <\/a>. \u00c9 f\u00e1cil de transportar. Desmonta 2,4 m, estende quase 4 m e, com o tubo de extens\u00e3o extra, pode estender-se at\u00e9 5,8 m de altura. Com o suporte de extens\u00e3o extra, tamb\u00e9m pode ser utilizado para levantar pain\u00e9is de prateleiras ou do carro.   <\/p>\n\n<p>O leve <a href=\"https:\/\/gevelridder.nl\/en\/product\/kim250-plus\/\">KIM250<\/a> que podes levantar em 3 posi\u00e7\u00f5es, pensa por exemplo em telhados de jardins de inverno. O pist\u00e3o funciona com quatro pist\u00f5es kim23 que bombeiam e voltam a bombear automaticamente quando o v\u00e1cuo \u00e9 demasiado baixo. O pist\u00e3o disp\u00f5e de recessos para fixar uma segunda prote\u00e7\u00e3o anti-queda.  <\/p>\n\n<p><a href=\"https:\/\/gevelridder.nl\/product\/glaskar-250-platenwagen\/\" target=\"_blank\" rel=\"noreferrer noopener\">O carrinho de vidro em alum\u00ednio de 250 kg.<\/a>  Tamb\u00e9m tem um peso de 13 kg, a estrutura \u00e9 de 100\u00d7100 cm, a configura\u00e7\u00e3o \u00e9 de 200 mm, 250 kg no m\u00e1ximo.<\/p>\n\n<p>Duas <a href=\"https:\/\/gevelridder.nl\/pt-pt\/produto\/bracadeira-de-tensao-para-glaskar-2-0-alu\/\">pin\u00e7as de tens\u00e3o<\/a> para o carrinho Facade Knight.<\/p>\n\n<h2 class=\"wp-block-heading\">Evita as dores de costas com o conjunto Facade Knight<\/h2>\n\n<p>Evita dores nas costas com Facade Knight, podes instalar vidros, janelas e portas de forma eficiente e f\u00e1cil com as costas direitas. Tamb\u00e9m podes instalar toldos facilmente. O Facade Knight \u00e9 f\u00e1cil de transportar e leve. Os profissionais que utilizam os produtos est\u00e3o satisfeitos. &#8220;\u00c0 noite, j\u00e1 n\u00e3o est\u00e1s deitado no sof\u00e1 com dores nas costas, mas a aproveitar a vida.&#8221;    <\/p>\n\n<h2 class=\"wp-block-heading\">Postura pouco saud\u00e1vel e dores de costas<\/h2>\n\n<h3 class=\"wp-block-heading\">Evitar as dores de costas com o conjunto Facade Knight<\/h3>\n\n<p>Na Facade Knight, n\u00e3o se trata de vender os nossos belos produtos, N\u00c3O, trata-se da sa\u00fade dos nossos clientes, a quem chamamos, em tom de brincadeira, pacientes. Muitas vezes, s\u00e3o as pequenas coisas na vida que fazem a diferen\u00e7a. Poupar um pequeno investimento pode muitas vezes ter um impacto negativo dr\u00e1stico na vida de um t\u00e9cnico. Os funcion\u00e1rios que trabalham frequentemente ou durante longos per\u00edodos em posturas pouco saud\u00e1veis t\u00eam maior probabilidade de desenvolver queixas (permanentes) ou doen\u00e7as profissionais que afectam os m\u00fasculos, tend\u00f5es, ligamentos ou articula\u00e7\u00f5es. Pensa em posturas pouco saud\u00e1veis, como trabalhar curvado, com os bra\u00e7os levantados ou ajoelhado. Nestas posi\u00e7\u00f5es, os m\u00fasculos e os tend\u00f5es est\u00e3o longos ou fortemente tensos. As posturas em que se assume uma posi\u00e7\u00e3o extrema da articula\u00e7\u00e3o tamb\u00e9m podem causar tens\u00e3o nos tend\u00f5es, ligamentos e m\u00fasculos.      <\/p>\n\n<h3 class=\"wp-block-heading\">Portal de sa\u00fade ocupacional e Facade Knight<\/h3>\n\n<p>Trabalhar em posturas pouco saud\u00e1veis pode levar \u00e0 fadiga ou mesmo a danos. Por isso, \u00e9 importante limitar ao m\u00e1ximo esta forma de esfor\u00e7o f\u00edsico. As entidades patronais s\u00e3o obrigadas a tomar medidas para que os trabalhadores possam trabalhar em boas posturas, tanto quanto poss\u00edvel. Ver tamb\u00e9m: <a href=\"https:\/\/www.arboportaal.nl\/onderwerpen\/werkhoudingen\" target=\"_blank\" rel=\"noreferrer noopener\">postura no trabalho.<\/a>   <\/p>\n\n<p>Com as ferramentas da Facade Knight, os clientes tamb\u00e9m se tornam mais conscientes do trabalho que fazem. Ser\u00e1 que ainda posso fazer este trabalho daqui a 10 anos se tiver dores de costas constantes? \u00c9 por isso que a Facade Knight! Diverte-te a ir trabalhar.   <\/p>\n\n<h2 class=\"wp-block-heading\">Falta de pessoal devido a dores de costas<\/h2>\n\n<p>H\u00e1 anos que os empregadores fazem soar o alarme sobre a falta de pessoal. Uma das solu\u00e7\u00f5es \u00e9 n\u00e3o te concentrares na quantidade como empres\u00e1rio, mas na qualidade do trabalho do pessoal. A Facade Knight desempenha um papel importante neste dom\u00ednio. Ao trabalhar de forma segura, eficiente e ergon\u00f3mica no local de trabalho, o profissional n\u00e3o s\u00f3 desfrutar\u00e1 mais do seu trabalho, como tamb\u00e9m diminuir\u00e1 as dores nas costas e, consequentemente, o absentismo.   <\/p>\n","protected":false},"excerpt":{"rendered":"<p><b>\u2714<\/b> <strong>Belo conjunto completo:<\/strong><\/p>\n<ol>\n<li>\n<ol>\n<li>Fachada Knight Hybrid M<\/li>\n<li>Espa\u00e7ador<\/li>\n<li>Tubo de extens\u00e3o<\/li>\n<li>Carrinho de vidro 250 kg<\/li>\n<li>Duas pin\u00e7as de tens\u00e3o em alum\u00ednio<\/li>\n<li>Levantador de v\u00e1cuo: Kim250 WLL 250 kg<\/li>\n<\/ol>\n<\/li>\n<\/ol>\n<p><strong>Leve, f\u00e1cil de transportar na carrinha.<\/strong><\/p>\n<p><strong>\u2714 <\/strong><strong>Comprimento de transporte 2400 mm.<\/strong><\/p>\n<p><strong>\u2714 <\/strong><strong>Extens\u00edvel ao m\u00e1ximo at\u00e9 5850 mm.<\/strong><\/p>\n","protected":false},"featured_media":0,"template":"","meta":{"_acf_changed":false,"_seopress_robots_primary_cat":"none","_seopress_titles_title":"","_seopress_titles_desc":"","_seopress_robots_index":""},"product_brand":[],"product_cat":[2927,2983],"product_tag":[2994,2659,2837,2989,2940,2990,2995,2826,2998,2662,2956,3003,3008,3004,3009],"class_list":{"0":"post-141258","1":"product","2":"type-product","3":"status-publish","5":"product_cat-gevelridder-glasslift","6":"product_cat-pacotes","7":"product_tag-aluguer-de-gruas-de-vidro","8":"product_tag-cavaleiro-de-fachada-gevelridder","9":"product_tag-colocacao-do-vidro-2","10":"product_tag-conjunto-do-cavaleiro-de-fachada-gevelridder","11":"product_tag-elevador-de-escada","12":"product_tag-elevador-de-estrutura","13":"product_tag-elevador-de-vidro-3","14":"product_tag-elevador-de-vidro","15":"product_tag-escada-de-elevacao","16":"product_tag-guincho","17":"product_tag-guincho-de-escada","18":"product_tag-mini-elevador","19":"product_tag-mini-guindaste","20":"product_tag-reune","21":"product_tag-rugpijn","22":"product_shipping_class-gevelridder-m","24":"first","25":"instock","26":"sale","27":"taxable","28":"shipping-taxable","29":"purchasable","30":"product-type-simple"},"acf":[],"_links":{"self":[{"href":"https:\/\/gevelridder.nl\/pt-pt\/wp-json\/wp\/v2\/product\/141258","targetHints":{"allow":["GET"]}}],"collection":[{"href":"https:\/\/gevelridder.nl\/pt-pt\/wp-json\/wp\/v2\/product"}],"about":[{"href":"https:\/\/gevelridder.nl\/pt-pt\/wp-json\/wp\/v2\/types\/product"}],"wp:attachment":[{"href":"https:\/\/gevelridder.nl\/pt-pt\/wp-json\/wp\/v2\/media?parent=141258"}],"wp:term":[{"taxonomy":"product_brand","embeddable":true,"href":"https:\/\/gevelridder.nl\/pt-pt\/wp-json\/wp\/v2\/product_brand?post=141258"},{"taxonomy":"product_cat","embeddable":true,"href":"https:\/\/gevelridder.nl\/pt-pt\/wp-json\/wp\/v2\/product_cat?post=141258"},{"taxonomy":"product_tag","embeddable":true,"href":"https:\/\/gevelridder.nl\/pt-pt\/wp-json\/wp\/v2\/product_tag?post=141258"}],"curies":[{"name":"wp","href":"https:\/\/api.w.org\/{rel}","templated":true}]}}