
{"id":141257,"date":"2026-03-24T11:39:17","date_gmt":"2026-03-24T11:39:17","guid":{"rendered":"https:\/\/gevelridder.nl\/product\/gevelridder-especial-versao-para-poco-de-elevador\/"},"modified":"2026-05-08T12:40:54","modified_gmt":"2026-05-08T12:40:54","slug":"gevelridder-especial-versao-para-poco-de-elevador","status":"publish","type":"product","link":"https:\/\/gevelridder.nl\/pt-pt\/produto\/gevelridder-especial-versao-para-poco-de-elevador\/","title":{"rendered":"Gevelridder especial: vers\u00e3o para po\u00e7o de elevador"},"content":{"rendered":"\n<h2 class=\"wp-block-heading\">Gevelridder especial: vers\u00e3o para po\u00e7o de elevador<\/h2>\n\n<p>O Gevelridder especial: A vers\u00e3o para po\u00e7o de elevador est\u00e1 equipada com ganchos de seguran\u00e7a especiais que podem ser rodados sobre a borda do po\u00e7o. Em combina\u00e7\u00e3o com um novo guincho leve, que pode ser operado com uma manivela, mas tamb\u00e9m com berbequins sem fios, este \u00e9 um dispositivo de eleva\u00e7\u00e3o ideal para utiliza\u00e7\u00e3o num po\u00e7o de elevador. O guincho \u00e9 montado no exterior do Facade Knight (Gevelridder), pelo que existe mais espa\u00e7o de trabalho debaixo do Facade Knight (Gevelridder). Este Facade Knight (Gevelridder) \u00e9 feito \u00e0 medida, o prazo de entrega \u00e9 de aproximadamente 2 semanas. \u00c9 um produto ideal para levantar objectos pesados, tanto no interior como no exterior. Usando o espa\u00e7ador inclu\u00eddo, podes levant\u00e1-lo facilmente sobre um peitoril de janela, por exemplo, ou colocar o Gevelridder a alguma dist\u00e2ncia da parede para que possas <a href=\"https:\/\/gevelridder.nl\/product\/glaskar-250-platenwagen\/\">conduzir<\/a> um <a href=\"https:\/\/gevelridder.nl\/product\/glaskar-250-platenwagen\/\">carrinho de vidro entre eles<\/a>. Neste Gevelridder especial: Lift Shaft, tamb\u00e9m \u00e9 poss\u00edvel colocar uma cabe\u00e7a de lan\u00e7a (opcional), criando espa\u00e7o para colocar um andaime rolante entre o Facade Knight (Gevelridder) e o Facade. Outra novidade \u00e9 que o contrapeso acima do gancho est\u00e1 protegido com uma manga de borracha para proteger o objeto que est\u00e1 a ser i\u00e7ado. Gra\u00e7as ao seu tamanho compacto retra\u00eddo, este tipo pode ser facilmente transportado num carro ou num pequeno autocarro.         . Comprimento de transporte 2400 mm, largura dos p\u00e9s 850 mm. Extens\u00edvel at\u00e9 4 metros em 2 partes (WLL 200 kg). Com a utiliza\u00e7\u00e3o da terceira parte, pode ser estendido at\u00e9 5850 mm (WLL 200 kg). <strong>Nota: Quando trabalhares com o Cavaleiro de Fachada (Gevelridder), nunca deves passar por baixo da carga. Para al\u00e9m da fixa\u00e7\u00e3o dos ganchos, o Facade Knight (Gevelridder) deve ser fixado ao ch\u00e3o num po\u00e7o de elevador com uma cinta de seguran\u00e7a.<\/strong>  <\/p>\n\n<h2 class=\"wp-block-heading\">Trabalha com o especial do Cavaleiro da Fachada (Gevelridder): Vers\u00e3o do po\u00e7o do elevador.<\/h2>\n\n<p>O levantamento de pesos \u00e9 muito exigente para o corpo, especialmente se for feito com frequ\u00eancia. Ao levantar objectos pesados, existe a possibilidade de danificar os m\u00fasculos das costas, os ligamentos do tecido conjuntivo \u00e0 volta da coluna vertebral ou os discos intervertebrais. Quanto mais pesado for o levantamento, maior \u00e9 o risco de danos. Mas mesmo levantar objectos leves pode provocar les\u00f5es, por exemplo, se tiveres de o fazer numa posi\u00e7\u00e3o desfavor\u00e1vel (dobrado, torcido ou com os bra\u00e7os levantados) ou se levantares demasiadas vezes seguidas sem tempo de recupera\u00e7\u00e3o suficiente. Para <a href=\"https:\/\/www.arboportaal.nl\/onderwerpen\/tillen-en-dragen\/wat-zijn-de-risico%E2%80%99s-van-tillen-en-dragen\" target=\"_blank\" rel=\"noreferrer noopener\">mais informa\u00e7\u00f5es. <\/a>A Giver Knight garante que o teu trabalho \u00e9 feito na vertical de forma eficiente e segura.    <\/p>\n","protected":false},"excerpt":{"rendered":"<h2>Gevelridder especial: vers\u00e3o para po\u00e7o de elevador<\/h2>\n<p>O Gevelridder especial: A vers\u00e3o para po\u00e7o de elevador est\u00e1 equipada com ganchos de seguran\u00e7a especiais que podem ser rodados sobre a borda do po\u00e7o. Em combina\u00e7\u00e3o com um novo guincho leve, que pode ser operado com uma manivela, mas tamb\u00e9m com berbequins sem fios, este \u00e9 um dispositivo de eleva\u00e7\u00e3o ideal para utiliza\u00e7\u00e3o num po\u00e7o de elevador. O guincho \u00e9 montado no exterior do Facade Knight (Gevelridder), pelo que existe mais espa\u00e7o de trabalho debaixo do Facade Knight (Gevelridder). Este Facade Knight (Gevelridder) \u00e9 feito \u00e0 medida, <strong>o prazo de entrega \u00e9 de aproximadamente 2 semanas.<\/strong> Gra\u00e7as ao tamanho compacto retra\u00eddo, este tipo pode ser facilmente transportado num carro ou num pequeno autocarro.    . Comprimento de transporte 2400 mm, largura dos p\u00e9s 850 mm. Extens\u00edvel at\u00e9 4 metros em 2 partes (WLL 200 kg). Com a utiliza\u00e7\u00e3o da terceira parte, pode ser estendido at\u00e9 5850 mm (WLL 200 kg). <strong>Nota: Quando trabalhares com o Cavaleiro de Fachada (Gevelridder), nunca deves passar por baixo da carga. Para al\u00e9m da fixa\u00e7\u00e3o dos ganchos, o Facade Knight (Gevelridder) deve ser fixado ao ch\u00e3o num po\u00e7o de elevador com uma cinta de seguran\u00e7a.<\/strong>  <\/p>\n","protected":false},"featured_media":0,"template":"","meta":{"_acf_changed":false,"_seopress_robots_primary_cat":"none","_seopress_titles_title":"","_seopress_titles_desc":"","_seopress_robots_index":""},"product_brand":[],"product_cat":[2999,2927,2949],"product_tag":[2936,2953,2772,2932,2933,2661,2941,2944,2940,2937,2826,2769,2938,2939,2981,2979,2980,2934,2832,2982,2943,2942,2945,2771,2760],"class_list":{"0":"post-141257","1":"product","2":"type-product","3":"status-publish","5":"product_cat-especiais","6":"product_cat-gevelridder-glasslift","7":"product_cat-gevelridder-glasslift-2","8":"product_tag-aluguer-de-elevadores-de-vidro","9":"product_tag-ar-condicionado-de-elevacao","10":"product_tag-caixilho-da-janela","11":"product_tag-cavaleiro-de-fachada-gevelridder-m","12":"product_tag-cavaleiro-de-fachada-hibrido-eletrico-gevelridder","13":"product_tag-colocacao-do-vidro","14":"product_tag-comerciante","15":"product_tag-desabafa","16":"product_tag-elevador-de-escada","17":"product_tag-elevador-de-vidro-2","18":"product_tag-elevador-de-vidro","19":"product_tag-glaser","20":"product_tag-glasslifting","21":"product_tag-griplift","22":"product_tag-instalar-ar-condicionado","23":"product_tag-inversor-de-elevacao-de-paineis-solares","24":"product_tag-inversor-monetario","25":"product_tag-levanta-te","26":"product_tag-miroiterapia","27":"product_tag-montagem-de-toldos","28":"product_tag-protetor-solar","29":"product_tag-sirliftalot","30":"product_tag-viavac","31":"product_tag-vidraceiro","32":"product_tag-vidro-de-montagem","33":"product_shipping_class-gevelridder-m","35":"first","36":"onbackorder","37":"taxable","38":"shipping-taxable","39":"purchasable","40":"product-type-simple"},"acf":[],"_links":{"self":[{"href":"https:\/\/gevelridder.nl\/pt-pt\/wp-json\/wp\/v2\/product\/141257","targetHints":{"allow":["GET"]}}],"collection":[{"href":"https:\/\/gevelridder.nl\/pt-pt\/wp-json\/wp\/v2\/product"}],"about":[{"href":"https:\/\/gevelridder.nl\/pt-pt\/wp-json\/wp\/v2\/types\/product"}],"wp:attachment":[{"href":"https:\/\/gevelridder.nl\/pt-pt\/wp-json\/wp\/v2\/media?parent=141257"}],"wp:term":[{"taxonomy":"product_brand","embeddable":true,"href":"https:\/\/gevelridder.nl\/pt-pt\/wp-json\/wp\/v2\/product_brand?post=141257"},{"taxonomy":"product_cat","embeddable":true,"href":"https:\/\/gevelridder.nl\/pt-pt\/wp-json\/wp\/v2\/product_cat?post=141257"},{"taxonomy":"product_tag","embeddable":true,"href":"https:\/\/gevelridder.nl\/pt-pt\/wp-json\/wp\/v2\/product_tag?post=141257"}],"curies":[{"name":"wp","href":"https:\/\/api.w.org\/{rel}","templated":true}]}}