
{"id":141255,"date":"2026-03-24T11:44:02","date_gmt":"2026-03-24T11:44:02","guid":{"rendered":"https:\/\/gevelridder.nl\/product\/gevelridder-lg-hybrid\/"},"modified":"2026-05-08T12:40:54","modified_gmt":"2026-05-08T12:40:54","slug":"gevelridder-lg-hybrid","status":"publish","type":"product","link":"https:\/\/gevelridder.nl\/pt-pt\/produto\/gevelridder-lg-hybrid\/","title":{"rendered":"GEVELRIDDER LG Hybrid"},"content":{"rendered":"\n<h2 class=\"wp-block-heading\">Gevelridder LG Hybrid<\/h2>\n\n<p>Este pr\u00e1tico dispositivo de eleva\u00e7\u00e3o facilita a eleva\u00e7\u00e3o de objectos pesados num ambiente exterior, como vidros e caixilhos de janelas. Prende a carga ao gancho de eleva\u00e7\u00e3o e p\u00f5e-na em movimento rodando o guincho. O guincho tamb\u00e9m pode ser acionado por um berbequim sem fios. Utilizando suportes distanciados no telhado, podes mesmo levantar objectos para al\u00e9m de uma caleira. Claro que sem esfor\u00e7ar as costas, o pesco\u00e7o e os ombros. At\u00e9 8,978 m1 de altura (rolo de cora\u00e7\u00e3o).     <\/p>\n\n<h2 class=\"wp-block-heading\">Riscos de trabalhar sem um equipamento auxiliar de eleva\u00e7\u00e3o<\/h2>\n\n<p>Levantar objectos \u00e9 muito desgastante para o corpo, especialmente se o fizeres com frequ\u00eancia. Ao levantar objectos pesados, existe o risco de danificar os m\u00fasculos das costas, os ligamentos do tecido conjuntivo \u00e0 volta da coluna vertebral ou os discos intervertebrais. Quanto maior for o peso que levantas, maior \u00e9 o risco de danos. Mas mesmo levantar objectos leves pode provocar les\u00f5es, por exemplo, porque tem de ser feito numa posi\u00e7\u00e3o desfavor\u00e1vel (dobrar, torcer ou com os bra\u00e7os levantados) ou por levantar demasiadas vezes seguidas e sem tempo de recupera\u00e7\u00e3o suficiente. Para mais informa\u00e7\u00f5es: <a href=\"https:\/\/www.arboportaal.nl\/\" target=\"_blank\" rel=\"noreferrer noopener\">ArboPortal<\/a>. Procura um tipo espec\u00edfico de Cavaleiro de Fachada? Contacta-nos. O Gevelridder garante que o teu trabalho seja feito na vertical de forma eficiente e segura. Recomendamos-te o <a href=\"https:\/\/gevelridder.nl\/product\/glaskar-250-platenwagen\/\">Gevelwagen de 250 kg<\/a> para o transporte horizontal. Como v\u00e1cuo, \u00e9 melhor comprares o <a href=\"https:\/\/gevelridder.nl\/en\/product\/sirliftalot4-250kg\/\">Sir LiftAlot4<\/a> &#8211; Cavaleiro de fachada.         <\/p>\n","protected":false},"excerpt":{"rendered":"<p><b>\u2714<\/b> <strong>Para i\u00e7ar vidros, toldos, instala\u00e7\u00f5es, etc.<\/strong><\/p>\n<p><strong>Para utiliza\u00e7\u00e3o at\u00e9 ao segundo andar<\/strong><\/p>\n<p><strong>\u2714 <\/strong><strong>De implanta\u00e7\u00e3o r\u00e1pida, com v\u00e1rias op\u00e7\u00f5es.<\/strong> <strong>Altura regul\u00e1vel<\/strong><\/p>\n<p><strong>\u2714 <\/strong><strong>Comprimento de transporte 540 cm<\/strong><\/p>\n<p><strong>\u2714 <\/strong><strong>Extens\u00e3o m\u00e1xima at\u00e9 890 cm.<\/strong><\/p>\n<p><strong>\u2714<\/strong> <strong>WLL250<\/strong><\/p>\n<p><strong>\u2714<\/strong> <strong>Guincho com manivela<\/strong><\/p>\n<p><strong>\u2714<\/strong> <strong>O guincho pode ser enrolado com um berbequim sem fios<\/strong><\/p>\n<p><strong>\u2714<\/strong><strong> Sem emiss\u00f5es<\/strong><\/p>\n","protected":false},"featured_media":0,"template":"","meta":{"_acf_changed":false,"_seopress_robots_primary_cat":"none","_seopress_titles_title":"","_seopress_titles_desc":"","_seopress_robots_index":""},"product_brand":[],"product_cat":[2927,2949],"product_tag":[2936,2959,2953,2960,2772,2951,2835,2940,2965,2826,2955,2769,2956,2954,2958,2934,2952,2963,2957,2961,2942,2962,2771,2964,2966],"class_list":{"0":"post-141255","1":"product","2":"type-product","3":"status-publish","5":"product_cat-gevelridder-glasslift","6":"product_cat-gevelridder-glasslift-2","7":"product_tag-aluguer-de-elevadores-de-vidro","8":"product_tag-amigo-dos-amigos","9":"product_tag-ar-condicionado-de-elevacao","10":"product_tag-arruma-te","11":"product_tag-caixilho-da-janela","12":"product_tag-cavaleiro-de-fachada-gevelridder-l","13":"product_tag-elevador-de-aluminio","14":"product_tag-elevador-de-escada","15":"product_tag-elevador-de-janelas","16":"product_tag-elevador-de-vidro","17":"product_tag-escada-lioft","18":"product_tag-glaser","19":"product_tag-guincho-de-escada","20":"product_tag-inversor-de-elevacao-painel-solar","21":"product_tag-inversores","22":"product_tag-levanta-te","23":"product_tag-levantador-de-vidro","24":"product_tag-mais-um-passo","25":"product_tag-monta-airoc","26":"product_tag-protetor-solar-2","27":"product_tag-sirliftalot","28":"product_tag-tilhulp","29":"product_tag-vidraceiro","30":"product_tag-volandis","31":"product_tag-zonwering-ophangen","32":"product_shipping_class-gevelridder-l","34":"first","35":"instock","36":"taxable","37":"shipping-taxable","38":"purchasable","39":"product-type-simple"},"acf":[],"_links":{"self":[{"href":"https:\/\/gevelridder.nl\/pt-pt\/wp-json\/wp\/v2\/product\/141255","targetHints":{"allow":["GET"]}}],"collection":[{"href":"https:\/\/gevelridder.nl\/pt-pt\/wp-json\/wp\/v2\/product"}],"about":[{"href":"https:\/\/gevelridder.nl\/pt-pt\/wp-json\/wp\/v2\/types\/product"}],"wp:attachment":[{"href":"https:\/\/gevelridder.nl\/pt-pt\/wp-json\/wp\/v2\/media?parent=141255"}],"wp:term":[{"taxonomy":"product_brand","embeddable":true,"href":"https:\/\/gevelridder.nl\/pt-pt\/wp-json\/wp\/v2\/product_brand?post=141255"},{"taxonomy":"product_cat","embeddable":true,"href":"https:\/\/gevelridder.nl\/pt-pt\/wp-json\/wp\/v2\/product_cat?post=141255"},{"taxonomy":"product_tag","embeddable":true,"href":"https:\/\/gevelridder.nl\/pt-pt\/wp-json\/wp\/v2\/product_tag?post=141255"}],"curies":[{"name":"wp","href":"https:\/\/api.w.org\/{rel}","templated":true}]}}