
{"id":141254,"date":"2026-03-24T11:35:38","date_gmt":"2026-03-24T11:35:38","guid":{"rendered":"https:\/\/gevelridder.nl\/product\/gevelridder-cabeca-hibrida\/"},"modified":"2026-05-08T12:40:55","modified_gmt":"2026-05-08T12:40:55","slug":"gevelridder-cabeca-hibrida","status":"publish","type":"product","link":"https:\/\/gevelridder.nl\/pt-pt\/produto\/gevelridder-cabeca-hibrida\/","title":{"rendered":"GEVELRIDDER Cabe\u00e7a h\u00edbrida"},"content":{"rendered":"\n<h2 class=\"wp-block-heading\">Cabe\u00e7a h\u00edbrida Gableknight<\/h2>\n\n<p>A Cabe\u00e7a H\u00edbrida Gevelridder \u00e9 um conjunto de cabe\u00e7a que vem de s\u00e9rie com a Gevelridder M. Se comprares uma Gevelridder Hybrid L e n\u00e3o tiveres uma Gevelridder Hybrid M, tens de comprar esta cabe\u00e7a ou a cabe\u00e7a da lan\u00e7a separadamente. A cabe\u00e7a \u00e9 leve e r\u00e1pida de montar. <\/p>\n","protected":false},"excerpt":{"rendered":"<div class=\"woocommerce-product-details__short-description\">\n<p>A cabe\u00e7a Gevelridder Hybrid \u00e9 um conjunto de cabe\u00e7a que vem de s\u00e9rie com o Gevelridder M. Se comprares um Gevelridder Hybrid L e n\u00e3o tiveres um Gevelridder Hybrid M, tens de comprar esta cabe\u00e7a ou a cabe\u00e7a do bra\u00e7o separadamente <a href=\"https:\/\/gevelridder.nl\/pt-pt\/produto\/lanca-hibrida-gevelridder\/\">.<\/a><\/p>\n<\/div>\n","protected":false},"featured_media":0,"template":"","meta":{"_acf_changed":false,"_seopress_robots_primary_cat":"none","_seopress_titles_title":"","_seopress_titles_desc":"","_seopress_robots_index":""},"product_brand":[],"product_cat":[2927,2658],"product_tag":[2936,2772,2932,2933,2661,2941,2944,2940,2937,2826,2935,2769,2938,2939,2934,2832,2943,2942,2945,2771,2760],"class_list":{"0":"post-141254","1":"product","2":"type-product","3":"status-publish","5":"product_cat-gevelridder-glasslift","6":"product_cat-pecas","7":"product_tag-aluguer-de-elevadores-de-vidro","8":"product_tag-caixilho-da-janela","9":"product_tag-cavaleiro-de-fachada-gevelridder-m","10":"product_tag-cavaleiro-de-fachada-hibrido-eletrico-gevelridder","11":"product_tag-colocacao-do-vidro","12":"product_tag-comerciante","13":"product_tag-desabafa","14":"product_tag-elevador-de-escada","15":"product_tag-elevador-de-vidro-2","16":"product_tag-elevador-de-vidro","17":"product_tag-estrondo","18":"product_tag-glaser","19":"product_tag-glasslifting","20":"product_tag-griplift","21":"product_tag-levanta-te","22":"product_tag-miroiterapia","23":"product_tag-protetor-solar","24":"product_tag-sirliftalot","25":"product_tag-viavac","26":"product_tag-vidraceiro","27":"product_tag-vidro-de-montagem","28":"product_shipping_class-35-euros","30":"first","31":"instock","32":"taxable","33":"shipping-taxable","34":"purchasable","35":"product-type-simple"},"acf":[],"_links":{"self":[{"href":"https:\/\/gevelridder.nl\/pt-pt\/wp-json\/wp\/v2\/product\/141254","targetHints":{"allow":["GET"]}}],"collection":[{"href":"https:\/\/gevelridder.nl\/pt-pt\/wp-json\/wp\/v2\/product"}],"about":[{"href":"https:\/\/gevelridder.nl\/pt-pt\/wp-json\/wp\/v2\/types\/product"}],"wp:attachment":[{"href":"https:\/\/gevelridder.nl\/pt-pt\/wp-json\/wp\/v2\/media?parent=141254"}],"wp:term":[{"taxonomy":"product_brand","embeddable":true,"href":"https:\/\/gevelridder.nl\/pt-pt\/wp-json\/wp\/v2\/product_brand?post=141254"},{"taxonomy":"product_cat","embeddable":true,"href":"https:\/\/gevelridder.nl\/pt-pt\/wp-json\/wp\/v2\/product_cat?post=141254"},{"taxonomy":"product_tag","embeddable":true,"href":"https:\/\/gevelridder.nl\/pt-pt\/wp-json\/wp\/v2\/product_tag?post=141254"}],"curies":[{"name":"wp","href":"https:\/\/api.w.org\/{rel}","templated":true}]}}