
{"id":141251,"date":"2026-03-24T11:44:24","date_gmt":"2026-03-24T11:44:24","guid":{"rendered":"https:\/\/gevelridder.nl\/product\/conjunto-de-cavaleiro-de-fachada-pro-150kg\/"},"modified":"2026-05-08T12:40:55","modified_gmt":"2026-05-08T12:40:55","slug":"conjunto-de-cavaleiro-de-fachada-pro-150kg","status":"publish","type":"product","link":"https:\/\/gevelridder.nl\/pt-pt\/produto\/conjunto-de-cavaleiro-de-fachada-pro-150kg\/","title":{"rendered":"Conjunto de cavaleiro de fachada PRO 150kg"},"content":{"rendered":"\n<h2 class=\"wp-block-heading\">Conjunto de Gevelridder 150kg<\/h2>\n\n<p>Com este conjunto Gevelridder Set 150kg tens tudo para colocar e transportar vidros, caixilhos de janelas, estores, etc. at\u00e9 5,8 m de altura e um peso m\u00e1ximo de 150 kg. Al\u00e9m disso, este conjunto \u00e9 muito amigo da sa\u00fade e da seguran\u00e7a, pequeno em tamanho, leve e, portanto, f\u00e1cil de levar para o local de constru\u00e7\u00e3o. Este conjunto \u00e9 composto por: O <a href=\"https:\/\/gevelridder.nl\/nieuws\/gevelridder-m-hybride-milieu\/\">h\u00edbrido M:<\/a> \u00c9 f\u00e1cil de transportar. Retrai 2,4 mtr, estende quase 4 mtr e, com o tubo de extens\u00e3o adicional, pode estender-se at\u00e9 uma altura m\u00e1xima de 5,8 mtr. Com o <strong>suporte de extens\u00e3o<\/strong> adicional, tamb\u00e9m pode ser utilizado para levantar pain\u00e9is de andaimes ou do carro. O <a href=\"https:\/\/gevelridder.nl\/product\/sirliftalot2-glaszuiger-glasdrager\/\">SirLiftAlot 2<\/a>: uma estrutura de suc\u00e7\u00e3o e eleva\u00e7\u00e3o de alum\u00ednio leve, que podes levantar em 3 posi\u00e7\u00f5es, por exemplo, para telhados de jardins de inverno. O pist\u00e3o funciona com dois pist\u00f5es de por\u00e3o, por isso, assim que quiseres i\u00e7ar a uma altura superior a 1,8 m (n\u00edvel do solo), tens de usar um trav\u00e3o de queda, mas tamb\u00e9m para isso est\u00e3o dispon\u00edveis os suportes de montagem. O <a href=\"https:\/\/gevelridder.nl\/pt-pt\/produto\/carrinho-de-vidro-e-carrinho-de-pratos-150kg-2-0\/\">carro de alum\u00ednio para empenas de eixo \u00fanico tem 150 kg<\/a>. Este tamb\u00e9m tem um peso pr\u00f3prio de 10 kg, a estrutura \u00e9 de 1000\u00d71000 mm, a fixa\u00e7\u00e3o \u00e9 de 200 mm, 150 kg no m\u00e1ximo.        <\/p>\n\n<p><strong>E um <\/strong><a href=\"https:\/\/gevelridder.nl\/pt-pt\/produto\/bracadeira-de-tensao-para-glaskar-2-0-alu\/\">SPANKLEM<\/a><strong>!<\/strong><\/p>\n\n<h2 class=\"wp-block-heading\">Evita as dores nas costas com o Conjunto Geveridder 150 kg<\/h2>\n\n<p>Evita dores nas costas com o Facade Knight (Gevelridder), podes montar facilmente vidros, janelas e portas de forma eficiente e com as costas direitas. Tamb\u00e9m podes montar toldos facilmente. O Facade Knight (Gevelridder) \u00e9 f\u00e1cil de transportar e \u00e9 leve. Os profissionais que utilizam os produtos est\u00e3o satisfeitos. &#8220;Deixa de estar deitado no sof\u00e1 \u00e0 noite com dores nas costas e passa a desfrutar da vida.&#8221;    <\/p>\n\n<h2 class=\"wp-block-heading\">Postura de trabalho pouco saud\u00e1vel e dores de costas<\/h2>\n\n<h3 class=\"wp-block-heading\">Previne as dores nas costas com o conjunto Facade Knight 150kg<\/h3>\n\n<p>Na Gevelridder n\u00e3o nos preocupamos em vender os nossos produtos bonitos, N\u00c3O, preocupamo-nos com a sa\u00fade dos nossos clientes, pacientes, como lhes chamamos na brincadeira. Muitas vezes s\u00e3o as pequenas coisas da vida que fazem a diferen\u00e7a. Poupar um pequeno investimento pode muitas vezes afetar drasticamente a vida de um mec\u00e2nico. Os trabalhadores que trabalham frequentemente ou durante longos per\u00edodos de tempo em posi\u00e7\u00f5es de trabalho pouco saud\u00e1veis t\u00eam maior probabilidade de ter queixas (permanentes) ou doen\u00e7as profissionais dos m\u00fasculos, tend\u00f5es, ligamentos ou articula\u00e7\u00f5es. As posi\u00e7\u00f5es de trabalho pouco saud\u00e1veis incluem trabalhar curvado, com os bra\u00e7os levantados ou ajoelhado. Estas posi\u00e7\u00f5es implicam que os m\u00fasculos e os tend\u00f5es sejam esticados de forma prolongada ou forte. As posturas que envolvem uma posi\u00e7\u00e3o extrema das articula\u00e7\u00f5es tamb\u00e9m podem causar tens\u00e3o nos tend\u00f5es, ligamentos e m\u00fasculos.      <\/p>\n\n<h3 class=\"wp-block-heading\">Arboportal e Cavaleiro da Fachada (Gevelridder)<\/h3>\n\n<p>Por exemplo, trabalhar em posi\u00e7\u00f5es de trabalho pouco saud\u00e1veis pode levar \u00e0 fadiga ou mesmo a les\u00f5es. Por isso, \u00e9 importante minimizar o mais poss\u00edvel esta forma de esfor\u00e7o f\u00edsico. Os empregadores s\u00e3o obrigados a tomar medidas para que os empregados possam trabalhar em boas posturas, tanto quanto poss\u00edvel. Ver tamb\u00e9m: <a href=\"https:\/\/www.arboportaal.nl\/onderwerpen\/werkhoudingen\">https:\/\/www.arboportaal.nl\/onderwerpen\/werkhoudingen<\/a> Com as ferramentas da Gevelridder, os clientes tamb\u00e9m se tornam mais conscientes do trabalho que est\u00e3o a fazer. Ser\u00e1 que daqui a 10 anos ainda poderei fazer este trabalho se me doerem constantemente as costas? Por isso, Gevelridder! Para trabalhares com prazer.      <\/p>\n\n<h2 class=\"wp-block-heading\">Falta de pessoal devido a dores nas costas, usa o Conjunto Facade Knight 150kg<\/h2>\n\n<p>H\u00e1 anos que os empregadores fazem soar o alarme sobre a falta de pessoal. Uma das solu\u00e7\u00f5es para este problema consiste em, enquanto empres\u00e1rio, n\u00e3o te concentrares na quantidade, mas na qualidade do trabalho do pessoal. A Gevelridder desempenha um papel importante neste dom\u00ednio. Ao trabalhar de forma segura, eficiente, mas tamb\u00e9m ergon\u00f3mica no ch\u00e3o de trabalho, o artes\u00e3o n\u00e3o s\u00f3 desfrutar\u00e1 mais do seu trabalho, como tamb\u00e9m diminuir\u00e1 as dores de costas e, consequentemente, as baixas por doen\u00e7a.   <\/p>\n","protected":false},"excerpt":{"rendered":"<p><b>\u2714<\/b> <strong>Belo conjunto completo:<\/strong><\/p>\n<ol>\n<li>\n<ol>\n<li>Fachada Knight Hybrid M<\/li>\n<li>Extens\u00e3o<\/li>\n<li>Espa\u00e7ador<\/li>\n<li>Carro de vidro 150 kg (eixo \u00fanico)<\/li>\n<li>Duas pin\u00e7as de tens\u00e3o em alum\u00ednio<\/li>\n<li>Levantador el\u00e9trico a v\u00e1cuo Kim150<\/li>\n<\/ol>\n<\/li>\n<\/ol>\n<p><strong>\u2714 <\/strong><strong>Comprimento de transporte 2400 mm.<\/strong><\/p>\n<p><strong>Leve, pode ser transportado na carrinha.<\/strong><\/p>\n<p><strong>\u2714 <\/strong><strong>Extens\u00e3o m\u00e1xima at\u00e9 5850 mm.<\/strong><\/p>\n","protected":false},"featured_media":0,"template":"","meta":{"_acf_changed":false,"_seopress_robots_primary_cat":"none","_seopress_titles_title":"","_seopress_titles_desc":"","_seopress_robots_index":""},"product_brand":[],"product_cat":[2983],"product_tag":[2984,2659,2985,2662,2929,2760],"class_list":{"0":"post-141251","1":"product","2":"type-product","3":"status-publish","5":"product_cat-pacotes","6":"product_tag-caixilhos-de-janelas","7":"product_tag-cavaleiro-de-fachada-gevelridder","8":"product_tag-define","9":"product_tag-guincho","10":"product_tag-levanta","11":"product_tag-vidro-de-montagem","12":"product_shipping_class-gevelridder-m","14":"first","15":"instock","16":"sale","17":"taxable","18":"shipping-taxable","19":"purchasable","20":"product-type-simple"},"acf":[],"_links":{"self":[{"href":"https:\/\/gevelridder.nl\/pt-pt\/wp-json\/wp\/v2\/product\/141251","targetHints":{"allow":["GET"]}}],"collection":[{"href":"https:\/\/gevelridder.nl\/pt-pt\/wp-json\/wp\/v2\/product"}],"about":[{"href":"https:\/\/gevelridder.nl\/pt-pt\/wp-json\/wp\/v2\/types\/product"}],"wp:attachment":[{"href":"https:\/\/gevelridder.nl\/pt-pt\/wp-json\/wp\/v2\/media?parent=141251"}],"wp:term":[{"taxonomy":"product_brand","embeddable":true,"href":"https:\/\/gevelridder.nl\/pt-pt\/wp-json\/wp\/v2\/product_brand?post=141251"},{"taxonomy":"product_cat","embeddable":true,"href":"https:\/\/gevelridder.nl\/pt-pt\/wp-json\/wp\/v2\/product_cat?post=141251"},{"taxonomy":"product_tag","embeddable":true,"href":"https:\/\/gevelridder.nl\/pt-pt\/wp-json\/wp\/v2\/product_tag?post=141251"}],"curies":[{"name":"wp","href":"https:\/\/api.w.org\/{rel}","templated":true}]}}