
{"id":141250,"date":"2026-03-24T08:17:08","date_gmt":"2026-03-24T08:17:08","guid":{"rendered":"https:\/\/gevelridder.nl\/product\/gevelridder-m-hibrido\/"},"modified":"2026-05-08T12:40:53","modified_gmt":"2026-05-08T12:40:53","slug":"gevelridder-m-hibrido","status":"publish","type":"product","link":"https:\/\/gevelridder.nl\/pt-pt\/produto\/gevelridder-m-hibrido\/","title":{"rendered":"Gevelridder M H\u00edbrido"},"content":{"rendered":"\n<h2 class=\"wp-block-heading\">Gevelridder M H\u00edbrido<\/h2>\n\n<p>O Gevelridder M Hybrid est\u00e1 equipado com um novo guincho leve, que pode ser acionado manualmente com uma manivela e operado com berbequins sem fios. O Facade Knight (Gevelridder) pode agora ser levantado eletricamente! O guincho est\u00e1 montado no exterior do Facade Knight (Gevelridder), o que permite mais espa\u00e7o de trabalho debaixo do Facade Knight (Gevelridder). \u00c9 um produto ideal para levantar objectos pesados, tanto no interior como no exterior. Utilizando o espa\u00e7ador fornecido, podes levant\u00e1-lo facilmente por cima de um peitoril de janela, por exemplo, ou colocar o Facade Knight a alguma dist\u00e2ncia da parede para que possas <a href=\"https:\/\/gevelridder.nl\/product\/glaskar-250-platenwagen\/\">conduzir<\/a> um <a href=\"https:\/\/gevelridder.nl\/product\/glaskar-250-platenwagen\/\">carrinho de vidro entre eles<\/a>. A novidade \u00e9 que tamb\u00e9m podes colocar uma cabe\u00e7a de lan\u00e7a (opcional) no Gevelridder M Hybrid, criando espa\u00e7o para colocar andaimes entre o Facade Knight (Gevelridder) e o Facade. Podes simplesmente retirar a pega do guincho e operar o Facade Knight (Gevelridder) com um berbequim sem fios. Outra carater\u00edstica nova \u00e9 que o contrapeso acima do gancho est\u00e1 protegido com uma manga de borracha para proteger o objeto que est\u00e1 a ser i\u00e7ado. O tamanho compacto retra\u00eddo facilita o transporte num carro ou numa carrinha pequena. O Facade Knight (Gevelridder) \u00e9 recomendado no Cat\u00e1logo de Sa\u00fade e Seguran\u00e7a para a repara\u00e7\u00e3o de vidro. Ao utilizar este produto, as tuas m\u00e3os ficam livres durante a montagem e deixas de correr perigo em escadas e escadotes. Comprimento de transporte 2400 mm, largura dos p\u00e9s 850 mm. Extens\u00edvel at\u00e9 4 metros em 2 partes (WLL 200 kg). Com a utiliza\u00e7\u00e3o da terceira parte, pode ser estendida at\u00e9 5850 mm (LPP 200 kg).             <\/p>\n\n<h2 class=\"wp-block-heading\">Trabalha sem o Gevelridder M Hybrid?<\/h2>\n\n<p>O levantamento de pesos \u00e9 muito exigente para o corpo, especialmente se for feito com frequ\u00eancia. Ao levantar objectos pesados, existe a possibilidade de danificar os m\u00fasculos das costas, os ligamentos do tecido conjuntivo \u00e0 volta da coluna vertebral ou os discos intervertebrais. Quanto mais pesado for o levantamento, maior \u00e9 o risco de danos. Mas mesmo levantar objectos leves pode provocar les\u00f5es, por exemplo, se tiveres de o fazer numa posi\u00e7\u00e3o desfavor\u00e1vel (dobrado, torcido ou com os bra\u00e7os levantados) ou se levantares demasiadas vezes seguidas sem tempo de recupera\u00e7\u00e3o suficiente. Para <a>mais informa\u00e7\u00f5es. <\/a>A Giver Knight garante que o teu trabalho \u00e9 feito na vertical de forma eficiente e segura.    <\/p>\n","protected":false},"excerpt":{"rendered":"<p><b>\u2714<\/b> <strong>Para i\u00e7ar vidros, toldos, instala\u00e7\u00f5es, etc.<\/strong><\/p>\n<p><b>\u2714 <\/b><b>Altura ajust\u00e1vel.<\/b><\/p>\n<p><b>\u2714 <\/b><b>T<\/b><b>e com o <\/b><strong>segundo andar para usares.<\/strong><\/p>\n<p><strong>\u2714 <\/strong><strong>R\u00e1pida implementa\u00e7\u00e3o, com v\u00e1rias op\u00e7\u00f5es.<\/strong><\/p>\n<p><strong>\u00c9 leve e pode ser transportado no autocarro.<\/strong><\/p>\n<p><strong>\u2714 <\/strong><strong>Comprimento de transporte 2500 mm.<\/strong><\/p>\n<p><strong>\u2714 <\/strong><strong>Extens\u00e3o m\u00e1xima at\u00e9 5850 mm.<\/strong><\/p>\n<p><strong>\u2714<\/strong> <strong>WLL250\/200 kg (retra\u00eddo\/extendido).<\/strong><\/p>\n<p><strong>\u2714<\/strong> <strong>Guincho com manivela.<\/strong><\/p>\n<p><strong>\u2714<\/strong> <strong>O guincho pode ser enrolado com um berbequim sem fios.<\/strong><\/p>\n<p><strong>\u2714<\/strong> <strong>Inclui pe\u00e7a de extens\u00e3o e espa\u00e7ador.<\/strong><\/p>\n<p><strong>\u2714<\/strong><strong> N\u00e3o emite.<\/strong><\/p>\n<p>Exclui <strong>a <a href=\"https:\/\/gevelridder.nl\/pt-pt\/produto\/lanca-hibrida-gevelridder\/\">cabe\u00e7a da lan\u00e7a<\/a> para andaimes.<\/strong><\/p>\n<p><strong>Tamb\u00e9m vais para o segundo andar? <\/strong><strong>Ent\u00e3o encomenda o <a href=\"https:\/\/gevelridder.nl\/en\/product\/gevelridder-l-hybrid\/\">Gevelridder L Hybrid<\/a> com ele.<\/strong><\/p>\n","protected":false},"featured_media":0,"template":"","meta":{"_acf_changed":false,"_seopress_robots_primary_cat":"none","_seopress_titles_title":"","_seopress_titles_desc":"","_seopress_robots_index":""},"product_brand":[],"product_cat":[2978,2927,2949,2763],"product_tag":[2936,2953,2772,2932,2933,2661,2941,2944,2940,2826,2937,2769,2938,2939,2981,2979,2980,2934,2832,2982,2943,2942,2945,2771,2754,2760],"class_list":{"0":"post-141250","1":"product","2":"type-product","3":"status-publish","5":"product_cat-elevadores-de-vidro","6":"product_cat-gevelridder-glasslift","7":"product_cat-gevelridder-glasslift-2","8":"product_cat-mais-vendidos","9":"product_tag-aluguer-de-elevadores-de-vidro","10":"product_tag-ar-condicionado-de-elevacao","11":"product_tag-caixilho-da-janela","12":"product_tag-cavaleiro-de-fachada-gevelridder-m","13":"product_tag-cavaleiro-de-fachada-hibrido-eletrico-gevelridder","14":"product_tag-colocacao-do-vidro","15":"product_tag-comerciante","16":"product_tag-desabafa","17":"product_tag-elevador-de-escada","18":"product_tag-elevador-de-vidro","19":"product_tag-elevador-de-vidro-2","20":"product_tag-glaser","21":"product_tag-glasslifting","22":"product_tag-griplift","23":"product_tag-instalar-ar-condicionado","24":"product_tag-inversor-de-elevacao-de-paineis-solares","25":"product_tag-inversor-monetario","26":"product_tag-levanta-te","27":"product_tag-miroiterapia","28":"product_tag-montagem-de-toldos","29":"product_tag-protetor-solar","30":"product_tag-sirliftalot","31":"product_tag-viavac","32":"product_tag-vidraceiro","33":"product_tag-vidro-de-elevacao-novo","34":"product_tag-vidro-de-montagem","35":"product_shipping_class-gevelridder-m","37":"first","38":"instock","39":"taxable","40":"shipping-taxable","41":"purchasable","42":"product-type-simple"},"acf":[],"_links":{"self":[{"href":"https:\/\/gevelridder.nl\/pt-pt\/wp-json\/wp\/v2\/product\/141250","targetHints":{"allow":["GET"]}}],"collection":[{"href":"https:\/\/gevelridder.nl\/pt-pt\/wp-json\/wp\/v2\/product"}],"about":[{"href":"https:\/\/gevelridder.nl\/pt-pt\/wp-json\/wp\/v2\/types\/product"}],"wp:attachment":[{"href":"https:\/\/gevelridder.nl\/pt-pt\/wp-json\/wp\/v2\/media?parent=141250"}],"wp:term":[{"taxonomy":"product_brand","embeddable":true,"href":"https:\/\/gevelridder.nl\/pt-pt\/wp-json\/wp\/v2\/product_brand?post=141250"},{"taxonomy":"product_cat","embeddable":true,"href":"https:\/\/gevelridder.nl\/pt-pt\/wp-json\/wp\/v2\/product_cat?post=141250"},{"taxonomy":"product_tag","embeddable":true,"href":"https:\/\/gevelridder.nl\/pt-pt\/wp-json\/wp\/v2\/product_tag?post=141250"}],"curies":[{"name":"wp","href":"https:\/\/api.w.org\/{rel}","templated":true}]}}