
{"id":141248,"date":"2026-03-24T08:17:10","date_gmt":"2026-03-24T08:17:10","guid":{"rendered":"https:\/\/gevelridder.nl\/product\/lanca-hibrida-gevelridder\/"},"modified":"2026-05-08T12:36:59","modified_gmt":"2026-05-08T12:36:59","slug":"lanca-hibrida-gevelridder","status":"publish","type":"product","link":"https:\/\/gevelridder.nl\/pt-pt\/produto\/lanca-hibrida-gevelridder\/","title":{"rendered":"Lan\u00e7a h\u00edbrida Gevelridder"},"content":{"rendered":"\n<h2 class=\"wp-block-heading\">Lan\u00e7a h\u00edbrida Gevelridder<\/h2>\n\n<h2 class=\"wp-block-heading\">O Gevelridder Hybrid Boom \u00e9 um conjunto de lan\u00e7a que pode ser colocado no Gevelridder Hybrid M e L.<\/h2>\n\n<p>\u00c9 um produto ideal para i\u00e7ar sobre andaimes. A lan\u00e7a \u00e9 leve e f\u00e1cil de transportar num autocarro. O Gevelridder \u00e9 recomendado no Cat\u00e1logo de Seguran\u00e7a e Sa\u00fade para Vidros. A utiliza\u00e7\u00e3o deste produto deixa as tuas m\u00e3os livres durante a montagem e elimina o perigo de escadas e escadotes. Comprimento de transporte 2400 mm, largura dos p\u00e9s 850 mm. Extens\u00edvel at\u00e9 4 metros em 2 partes (WLL 200 kg). Utiliza a terceira parte extens\u00edvel at\u00e9 5850 mm (LPC 200 kg).      <\/p>\n\n<h2 class=\"wp-block-heading\">Trabalha sem o Gevelridder M Hybrid?<\/h2>\n\n<p>Levantar objectos \u00e9 muito desgastante para o corpo, especialmente se o fizeres com frequ\u00eancia. Ao levantar objectos pesados, existe o risco de danificar os m\u00fasculos das costas, o tecido conjuntivo \u00e0 volta da coluna vertebral ou os discos intervertebrais. Quanto maior for o peso que levantas, maior \u00e9 o risco de danos. Mas mesmo levantar objectos leves pode provocar les\u00f5es, por exemplo, porque tem de ser feito numa posi\u00e7\u00e3o desfavor\u00e1vel (agachado, virado ou com os bra\u00e7os levantados) ou se levantares demasiadas vezes seguidas e com pouco tempo de recupera\u00e7\u00e3o. Para <a href=\"https:\/\/www.arboportaal.nl\/onderwerpen\/tillen-en-dragen\/wat-zijn-de-risico%E2%80%99s-van-tillen-en-dragen\">mais informa\u00e7\u00f5es<\/a>. O Facade Knight (Gevelridder) garante que o teu trabalho seja feito verticalmente de forma eficiente e segura. Para o transporte horizontal, recomendamos o nosso <a href=\"https:\/\/gevelridder.nl\/pt-pt\/produto\/bracadeira-de-tensao-para-glaskar-2-0-alu\/\">cami\u00e3o para vidros<\/a>.      <\/p>\n","protected":false},"excerpt":{"rendered":"<p>A cabe\u00e7a solta do Gevelridder M Hybrid pode agora ser facilmente trocada por uma cabe\u00e7a de lan\u00e7a, desta forma podes facilmente colocar o teu andaime entre o Gevelridder e o Gevel. Para al\u00e9m de trabalhares de forma segura e saud\u00e1vel com este Gevelridder, o Hybrid \u00e9 um produto que se enquadra nas regras do nitrog\u00e9nio, sem movimentos de tr\u00e1fego adicionais porque o levas contigo no teu autocarro e sem emiss\u00f5es de motores, o que \u00e9 um b\u00f3nus nos tempos que correm. <\/p>\n","protected":false},"featured_media":0,"template":"","meta":{"_acf_changed":false,"_seopress_robots_primary_cat":"none","_seopress_titles_title":"","_seopress_titles_desc":"","_seopress_robots_index":""},"product_brand":[],"product_cat":[2927,2658],"product_tag":[2936,2772,2932,2933,2661,2941,2944,2940,2937,2826,2935,2769,2938,2939,2934,2832,2943,2942,2945,2771,2760],"class_list":{"0":"post-141248","1":"product","2":"type-product","3":"status-publish","5":"product_cat-gevelridder-glasslift","6":"product_cat-pecas","7":"product_tag-aluguer-de-elevadores-de-vidro","8":"product_tag-caixilho-da-janela","9":"product_tag-cavaleiro-de-fachada-gevelridder-m","10":"product_tag-cavaleiro-de-fachada-hibrido-eletrico-gevelridder","11":"product_tag-colocacao-do-vidro","12":"product_tag-comerciante","13":"product_tag-desabafa","14":"product_tag-elevador-de-escada","15":"product_tag-elevador-de-vidro-2","16":"product_tag-elevador-de-vidro","17":"product_tag-estrondo","18":"product_tag-glaser","19":"product_tag-glasslifting","20":"product_tag-griplift","21":"product_tag-levanta-te","22":"product_tag-miroiterapia","23":"product_tag-protetor-solar","24":"product_tag-sirliftalot","25":"product_tag-viavac","26":"product_tag-vidraceiro","27":"product_tag-vidro-de-montagem","28":"product_shipping_class-75-euros","30":"first","31":"instock","32":"taxable","33":"shipping-taxable","34":"purchasable","35":"product-type-simple"},"acf":[],"_links":{"self":[{"href":"https:\/\/gevelridder.nl\/pt-pt\/wp-json\/wp\/v2\/product\/141248","targetHints":{"allow":["GET"]}}],"collection":[{"href":"https:\/\/gevelridder.nl\/pt-pt\/wp-json\/wp\/v2\/product"}],"about":[{"href":"https:\/\/gevelridder.nl\/pt-pt\/wp-json\/wp\/v2\/types\/product"}],"wp:attachment":[{"href":"https:\/\/gevelridder.nl\/pt-pt\/wp-json\/wp\/v2\/media?parent=141248"}],"wp:term":[{"taxonomy":"product_brand","embeddable":true,"href":"https:\/\/gevelridder.nl\/pt-pt\/wp-json\/wp\/v2\/product_brand?post=141248"},{"taxonomy":"product_cat","embeddable":true,"href":"https:\/\/gevelridder.nl\/pt-pt\/wp-json\/wp\/v2\/product_cat?post=141248"},{"taxonomy":"product_tag","embeddable":true,"href":"https:\/\/gevelridder.nl\/pt-pt\/wp-json\/wp\/v2\/product_tag?post=141248"}],"curies":[{"name":"wp","href":"https:\/\/api.w.org\/{rel}","templated":true}]}}