
{"id":141247,"date":"2026-03-24T11:33:32","date_gmt":"2026-03-24T11:33:32","guid":{"rendered":"https:\/\/gevelridder.nl\/product\/gevelridder-s-nautic\/"},"modified":"2026-05-08T12:36:59","modified_gmt":"2026-05-08T12:36:59","slug":"gevelridder-s-nautic","status":"publish","type":"product","link":"https:\/\/gevelridder.nl\/pt-pt\/produto\/gevelridder-s-nautic\/","title":{"rendered":"Gevelridder S Nautic"},"content":{"rendered":"\n<h2 class=\"wp-block-heading\">Gevelridder S Nautic<\/h2>\n\n<p>O Gevelridder S Nautic \u00e9 um dispositivo compacto e simples com instala\u00e7\u00e3o pull-up especialmente concebido para mudar janelas e vigias pesadas no mar. A diferen\u00e7a em rela\u00e7\u00e3o ao antigo Geverridder S \u00e9 que neste Gevelridder Nautic a roldana \u00e9 montada no exterior. Na g\u00e1vea, mas tamb\u00e9m a bordo, temos de lidar com um espa\u00e7o reduzido. Com o SirLiftAlot Nautic tens mais espa\u00e7o para colocar, por exemplo, o nosso<a href=\"https:\/\/gevelridder.nl\/pt-pt\/produto\/carrinho-de-vidro-e-carrinho-de-pratos-150kg-2-0\/\"> carrinho de vidro<\/a>. A liga\u00e7\u00e3o e o contrapeso do Facade Knight (Gevelridder) Nautic est\u00e3o protegidos com borracha e, por isso, s\u00e3o mais resistentes \u00e0 \u00e1gua do mar.    <\/p>\n\n<h2 class=\"wp-block-heading\">Que Gevelridder S Nautic utilizas e em que situa\u00e7\u00e3o?<\/h2>\n\n<ol class=\"wp-block-list\">\n<li><a href=\"https:\/\/gevelridder.nl\/nieuws\/gevelridder-2-0-serie\/\">Gevelridder M Hybrid<\/a> O Gevelridder M \u00e9 o Gevelridder mais vendido, com um comprimento de transporte de 2,4 metros pode ser utilizado tanto no interior como no exterior. Com a pe\u00e7a de extens\u00e3o inclu\u00edda, podes colocar uma janela no segundo andar. O comprimento m\u00e1ximo extens\u00edvel \u00e9 de 5,9 metros.  <\/li>\n\n\n\n<li><a href=\"https:\/\/gevelridder.nl\/en\/product\/gevelridder-lg-hybrid\/\">Gevelridder L<\/a> O Gevelridder L tem um comprimento retra\u00eddo de 5,25 metros e um comprimento estendido de 9,5 metros. Este Gevelridder leve pode ser utilizado para colocar vidro at\u00e9 ao segundo andar. Neste Gevelridder encaixa a cabe\u00e7a de um Gevelridder M. Tamb\u00e9m podes colocar a <a href=\"https:\/\/gevelridder.nl\/en\/product\/gevelridder-hybrid-boom\/\">cabe\u00e7a da lan\u00e7a<\/a> para fazer um Gevelridder XL.  <\/li>\n\n\n\n<li><a href=\"https:\/\/gevelridder.nl\/de\/product\/gable-knight-s-nautic\/\">O Gevelridder Nautic<\/a> \u00e9 ideal para ser utilizado em espa\u00e7os pequenos. Uma vez que o guincho est\u00e1 fixado no exterior, tens mais espa\u00e7o entre o Gevelridder e a parede para trabalhar. O comprimento recolhido \u00e9 de 2,17 metros e o comprimento estendido \u00e9 de at\u00e9 3,44 metros.  <\/li>\n<\/ol>\n\n<h2 class=\"wp-block-heading\">No Cat\u00e1logo de Sa\u00fade e Seguran\u00e7a<\/h2>\n\n<p>Prende a carga (o objeto) ao gancho de eleva\u00e7\u00e3o e p\u00f5e-na em movimento rodando o guincho. Isto permite-te levar o objeto para o local de trabalho sem dificuldade. Gra\u00e7as ao seu tamanho compacto retra\u00eddo, este tipo pode ser facilmente transportado num carro ou numa pequena carrinha. O Gevelridder S Nautic \u00e9 recomendado no<a href=\"https:\/\/arbocatalogus-vlakglas.nl\/\"> Cat\u00e1logo de Sa\u00fade e Seguran\u00e7a para a repara\u00e7\u00e3o de vidros<\/a>.   <\/p>\n\n<h2 class=\"wp-block-heading\">Muito prazer com o teu Cavaleiro de Fachada (Gevelridder)<\/h2>\n\n<p>Normalmente, o cabo de um Facade Knight (Gevelridder) tem de ser substitu\u00eddo primeiro. Isto acontece frequentemente porque o cabo \u00e9 descarregado e n\u00e3o \u00e9 enrolado corretamente. Isto pode criar la\u00e7os no tambor. Quando o cabo volta a ficar sob tens\u00e3o, pode danificar o cabo. Por isso, aconselhamos-te a enrolar o cabo com firmeza e aten\u00e7\u00e3o. Est\u00e1s \u00e0 procura de um tipo espec\u00edfico de Gevelridder ou de uma aplica\u00e7\u00e3o espec\u00edfica? Consulta este s\u00edtio Web ou contacta-nos.      <\/p>\n","protected":false},"excerpt":{"rendered":"<p><b>\u2714<\/b> <strong>Para i\u00e7ar janelas de navios, instala\u00e7\u00f5es, etc.<\/strong> <b>\u2714<\/b> <strong>Para espa\u00e7os apertados.<\/strong> <strong>Para utiliza\u00e7\u00e3o no interior e no exterior.<\/strong> <strong>Altura ajust\u00e1vel .<\/strong><strong>.<\/strong> <strong>\u00c9 leve (18 kg).<\/strong> <strong>\u2714 <\/strong><strong>Comprimento de transporte 230 cm.<\/strong> <strong>Altura m\u00e1xima do gancho.  <\/strong><strong>344 cm.<\/strong> <strong>\u2714<\/strong> <strong>WLL 250 kg.<\/strong> <strong>\u2714<\/strong> <strong>Guincho com manivela.<\/strong> <strong>\u2714<\/strong><strong>  Com espa\u00e7ador (PI).<\/strong> <strong>\u2714<\/strong><strong>  N\u00e3o emite gases de escape.<\/strong><\/p>\n","protected":false},"featured_media":0,"template":"","meta":{"_acf_changed":false,"_seopress_robots_primary_cat":"none","_seopress_titles_title":"","_seopress_titles_desc":"","_seopress_robots_index":""},"product_brand":[],"product_cat":[2927,2949],"product_tag":[2936,2659,2944,2835,2968,2940,2971,2826,2937,2769,2938,2956,2970,2934,2952,2972,2832,2973,2974,2969,2975,2942,2830,2771],"class_list":{"0":"post-141247","1":"product","2":"type-product","3":"status-publish","5":"product_cat-gevelridder-glasslift","6":"product_cat-gevelridder-glasslift-2","7":"product_tag-aluguer-de-elevadores-de-vidro","8":"product_tag-cavaleiro-de-fachada-gevelridder","9":"product_tag-desabafa","10":"product_tag-elevador-de-aluminio","11":"product_tag-elevador-de-barcos","12":"product_tag-elevador-de-escada","13":"product_tag-elevador-de-escada-2","14":"product_tag-elevador-de-vidro","15":"product_tag-elevador-de-vidro-2","16":"product_tag-glaser","17":"product_tag-glasslifting","18":"product_tag-guincho-de-escada","19":"product_tag-icamento","20":"product_tag-levanta-te","21":"product_tag-levantador-de-vidro","22":"product_tag-minicruzeiros","23":"product_tag-miroiterapia","24":"product_tag-mudancas","25":"product_tag-nautico","26":"product_tag-saude-e-seguranca","27":"product_tag-schepen","28":"product_tag-sirliftalot","29":"product_tag-vida-de-vidraceiro","30":"product_tag-vidraceiro","31":"product_shipping_class-gevelridder-m","33":"first","34":"instock","35":"taxable","36":"shipping-taxable","37":"purchasable","38":"product-type-simple"},"acf":[],"_links":{"self":[{"href":"https:\/\/gevelridder.nl\/pt-pt\/wp-json\/wp\/v2\/product\/141247","targetHints":{"allow":["GET"]}}],"collection":[{"href":"https:\/\/gevelridder.nl\/pt-pt\/wp-json\/wp\/v2\/product"}],"about":[{"href":"https:\/\/gevelridder.nl\/pt-pt\/wp-json\/wp\/v2\/types\/product"}],"wp:attachment":[{"href":"https:\/\/gevelridder.nl\/pt-pt\/wp-json\/wp\/v2\/media?parent=141247"}],"wp:term":[{"taxonomy":"product_brand","embeddable":true,"href":"https:\/\/gevelridder.nl\/pt-pt\/wp-json\/wp\/v2\/product_brand?post=141247"},{"taxonomy":"product_cat","embeddable":true,"href":"https:\/\/gevelridder.nl\/pt-pt\/wp-json\/wp\/v2\/product_cat?post=141247"},{"taxonomy":"product_tag","embeddable":true,"href":"https:\/\/gevelridder.nl\/pt-pt\/wp-json\/wp\/v2\/product_tag?post=141247"}],"curies":[{"name":"wp","href":"https:\/\/api.w.org\/{rel}","templated":true}]}}