
{"id":141243,"date":"2026-03-24T11:35:38","date_gmt":"2026-03-24T11:35:38","guid":{"rendered":"https:\/\/gevelridder.nl\/product\/extensao-gable-ridder\/"},"modified":"2026-05-08T12:35:44","modified_gmt":"2026-05-08T12:35:44","slug":"extensao-gable-ridder","status":"publish","type":"product","link":"https:\/\/gevelridder.nl\/pt-pt\/produto\/extensao-gable-ridder\/","title":{"rendered":"Extens\u00e3o GABLE RIDDER"},"content":{"rendered":"\n<h2 class=\"wp-block-heading\">Extens\u00e3o do Cavaleiro de Fachada (Gevelridder)<\/h2>\n\n<p>A Extens\u00e3o Gevelridder pode ser utilizada para o Gevelridder M. \u00c9 um produto ideal para elevar at\u00e9 ao segundo andar. Gra\u00e7as ao seu tamanho compacto retra\u00eddo, pode ser facilmente transportado num carro ou numa carrinha pequena. O Gevelridder \u00e9 recomendado no Cat\u00e1logo de Sa\u00fade e Seguran\u00e7a para a repara\u00e7\u00e3o de vidros. Ao utilizar este produto, as tuas m\u00e3os ficam livres durante a montagem e deixas de correr perigo em escadas e escadotes. Comprimento de transporte 2400 mm, largura dos p\u00e9s 850 mm. Extens\u00edvel at\u00e9 4 metros em 2 partes (WLL 200 kg). Com a utiliza\u00e7\u00e3o da terceira parte, pode ser estendida at\u00e9 5850 mm (LPC 200 kg).      <\/p>\n\n<h2 class=\"wp-block-heading\">Trabalhar sem uma extens\u00e3o do Cavaleiro de Fachada (Gevelridder)?<\/h2>\n\n<p>O levantamento de pesos \u00e9 muito exigente para o corpo, especialmente se for feito com frequ\u00eancia. Ao levantar objectos pesados, existe a possibilidade de danificar os m\u00fasculos das costas, os ligamentos do tecido conjuntivo \u00e0 volta da coluna vertebral ou os discos intervertebrais. Quanto mais pesado for o levantamento, maior \u00e9 o risco de danos. Mas mesmo levantar objectos leves pode provocar les\u00f5es, por exemplo, se tiveres de o fazer numa posi\u00e7\u00e3o desfavor\u00e1vel (dobrado, torcido ou com os bra\u00e7os levantados) ou se levantares demasiadas vezes seguidas sem tempo de recupera\u00e7\u00e3o suficiente. Para <a href=\"https:\/\/www.arboportaal.nl\/onderwerpen\/tillen-en-dragen\/wat-zijn-de-risico%E2%80%99s-van-tillen-en-dragen\" target=\"_blank\" rel=\"noreferrer noopener\">mais informa\u00e7\u00f5es. <\/a>O Geverridder garante que o teu trabalho seja feito verticalmente de forma eficiente e segura. Para o transporte horizontal, recomendamos-te o nosso <a href=\"https:\/\/gevelridder.nl\/product\/glaskar-250-platenwagen\/\" target=\"_blank\" rel=\"noreferrer noopener\">carrinho de vidro.<\/a> Como pist\u00e3o, o melhor \u00e9 comprares o <a href=\"https:\/\/gevelridder.nl\/product\/sirliftalot2-glaszuiger-glasdrager\/\">SirLiftAlot 2<\/a> ou <a href=\"https:\/\/gevelridder.nl\/product\/sir-liftalot4-vacuumzuiger-glass-vacuum-lifter-vantouse-vakuumheber\/\">o SirliftAlot 4<\/a>. <strong>DE:<\/strong> Fachada Ritter, versenkbaren Hebevorrichtung alumium, bis 5.85 mtr 200 kg. Os pre\u00e7os n\u00e3o incluem quaisquer custos de envio para os clientes da Noruega e da B\u00e9lgica. <strong>FR:<\/strong> Fachada Chevalier L&#8217;\u00e9l\u00e9vateur de aluminium, sur 5.85 mtr, 200 kg. Os pre\u00e7os n\u00e3o incluem as despesas de envio para os clientes nos Pa\u00edses Baixos e na B\u00e9lgica. <strong>REINO UNIDO:<\/strong> Sir LiftAlot, Facade Knight, Elevador de alum\u00ednio at\u00e9 5,85 mtr, 200 kg. Os pre\u00e7os n\u00e3o incluem os custos de envio para os clientes fora dos Pa\u00edses Baixos e da B\u00e9lgica.          <\/p>\n","protected":false},"excerpt":{"rendered":"<div class=\"woocommerce-product-details__short-description\">\n<p>Extens\u00e3o para o Cavaleiro de Fachada (Gevelridder) M<\/p>\n<\/div>\n","protected":false},"featured_media":0,"template":"","meta":{"_acf_changed":false,"_seopress_robots_primary_cat":"none","_seopress_titles_title":"","_seopress_titles_desc":"","_seopress_robots_index":""},"product_brand":[],"product_cat":[2658],"product_tag":[2936,2772,2932,2933,2661,2941,2944,2940,2937,2826,2935,2769,2938,2939,2934,2832,2943,2942,2945,2771,2760],"class_list":{"0":"post-141243","1":"product","2":"type-product","3":"status-publish","5":"product_cat-pecas","6":"product_tag-aluguer-de-elevadores-de-vidro","7":"product_tag-caixilho-da-janela","8":"product_tag-cavaleiro-de-fachada-gevelridder-m","9":"product_tag-cavaleiro-de-fachada-hibrido-eletrico-gevelridder","10":"product_tag-colocacao-do-vidro","11":"product_tag-comerciante","12":"product_tag-desabafa","13":"product_tag-elevador-de-escada","14":"product_tag-elevador-de-vidro-2","15":"product_tag-elevador-de-vidro","16":"product_tag-estrondo","17":"product_tag-glaser","18":"product_tag-glasslifting","19":"product_tag-griplift","20":"product_tag-levanta-te","21":"product_tag-miroiterapia","22":"product_tag-protetor-solar","23":"product_tag-sirliftalot","24":"product_tag-viavac","25":"product_tag-vidraceiro","26":"product_tag-vidro-de-montagem","27":"product_shipping_class-75-euros","29":"first","30":"instock","31":"taxable","32":"shipping-taxable","33":"purchasable","34":"product-type-simple"},"acf":[],"_links":{"self":[{"href":"https:\/\/gevelridder.nl\/pt-pt\/wp-json\/wp\/v2\/product\/141243","targetHints":{"allow":["GET"]}}],"collection":[{"href":"https:\/\/gevelridder.nl\/pt-pt\/wp-json\/wp\/v2\/product"}],"about":[{"href":"https:\/\/gevelridder.nl\/pt-pt\/wp-json\/wp\/v2\/types\/product"}],"wp:attachment":[{"href":"https:\/\/gevelridder.nl\/pt-pt\/wp-json\/wp\/v2\/media?parent=141243"}],"wp:term":[{"taxonomy":"product_brand","embeddable":true,"href":"https:\/\/gevelridder.nl\/pt-pt\/wp-json\/wp\/v2\/product_brand?post=141243"},{"taxonomy":"product_cat","embeddable":true,"href":"https:\/\/gevelridder.nl\/pt-pt\/wp-json\/wp\/v2\/product_cat?post=141243"},{"taxonomy":"product_tag","embeddable":true,"href":"https:\/\/gevelridder.nl\/pt-pt\/wp-json\/wp\/v2\/product_tag?post=141243"}],"curies":[{"name":"wp","href":"https:\/\/api.w.org\/{rel}","templated":true}]}}