
{"id":141242,"date":"2026-03-24T11:36:30","date_gmt":"2026-03-24T11:36:30","guid":{"rendered":"https:\/\/gevelridder.nl\/product\/cavaleiro-de-portal\/"},"modified":"2026-05-08T12:35:43","modified_gmt":"2026-05-08T12:35:43","slug":"cavaleiro-de-portal","status":"publish","type":"product","link":"https:\/\/gevelridder.nl\/pt-pt\/produto\/cavaleiro-de-portal\/","title":{"rendered":"Cavaleiro de Portal"},"content":{"rendered":"\n<h2 class=\"wp-block-heading\">Cavaleiro de Portal<\/h2>\n\n<p>O Facade Knight Portal Knight consiste num equalizador com uma roldana no meio para ligar dois <a href=\"https:\/\/gevelridder.nl\/product\/gevelridder-m-hybride\/\">Facade Knights Hybrid<\/a>. Isto permite o i\u00e7amento independente, criando um elevador para i\u00e7ar o vidro de um cavalete de vidro, por exemplo. O comprimento do equalizador \u00e9 de 200 cm. O equalizador tem 30 cm de largura.   <\/p>\n\n<h2 class=\"wp-block-heading\">Carga m\u00e1xima Cavaleiro do Portal<\/h2>\n\n<p>A carga m\u00e1xima \u00e9 de 150\/250 kg, consoante a dist\u00e2ncia. \u00c9 importante que a carga fique sempre pendurada no meio dos dois Facade Knight (Gevelridder) s. <\/p>\n\n<h2 class=\"wp-block-heading\">Riscos de trabalhar sem um equipamento auxiliar de eleva\u00e7\u00e3o<\/h2>\n\n<p>\u00c9 mau fazer levantamentos regulares e pesados. Ao levantar objectos pesados, corre o risco de danificar os m\u00fasculos das costas. As bandas de tecido conjuntivo que envolvem a coluna vertebral ou os discos intervertebrais. Quanto mais pesado for o teu levantamento, maior \u00e9 o risco de les\u00e3o. Mas mesmo levantar objectos leves pode causar danos, por exemplo, porque tem de ser feito numa posi\u00e7\u00e3o desfavor\u00e1vel (dobrar, torcer ou com os bra\u00e7os levantados) ou por levantar demasiadas vezes seguidas e sem tempo de recupera\u00e7\u00e3o suficiente. Podes ler mais sobre este assunto no <a href=\"https:\/\/www.arboportaal.nl\/onderwerpen\/tillen-en-dragen\/wat-zijn-de-risico%E2%80%99s-van-tillen-en-dragen\">Portal de Sa\u00fade e Seguran\u00e7a no Trabalho<\/a>.     <\/p>\n","protected":false},"excerpt":{"rendered":"<p>O Facade Knight PortalRidder consiste num equalizador com uma roldana no meio para ligar dois <a href=\"https:\/\/gevelridder.nl\/product\/gevelridder-m-hybride\/\">Facade Knights Hybrid<\/a>. Isto permite o i\u00e7amento independente, criando um elevador para i\u00e7ar o vidro de um cavalete de vidro, por exemplo. O comprimento do equalizador \u00e9 de 200 cm. O equalizador tem 30 cm de largura.   <\/p>\n","protected":false},"featured_media":0,"template":"","meta":{"_acf_changed":false,"_seopress_robots_primary_cat":"none","_seopress_titles_title":"","_seopress_titles_desc":"","_seopress_robots_index":""},"product_brand":[],"product_cat":[2927,2658],"product_tag":[2659,2662,2929,2930,2931],"class_list":{"0":"post-141242","1":"product","2":"type-product","3":"status-publish","5":"product_cat-gevelridder-glasslift","6":"product_cat-pecas","7":"product_tag-cavaleiro-de-fachada-gevelridder","8":"product_tag-guincho","9":"product_tag-levanta","10":"product_tag-portaal","11":"product_tag-portaalridder","12":"product_shipping_class-75-euros","14":"first","15":"instock","16":"taxable","17":"shipping-taxable","18":"purchasable","19":"product-type-simple"},"acf":[],"_links":{"self":[{"href":"https:\/\/gevelridder.nl\/pt-pt\/wp-json\/wp\/v2\/product\/141242","targetHints":{"allow":["GET"]}}],"collection":[{"href":"https:\/\/gevelridder.nl\/pt-pt\/wp-json\/wp\/v2\/product"}],"about":[{"href":"https:\/\/gevelridder.nl\/pt-pt\/wp-json\/wp\/v2\/types\/product"}],"wp:attachment":[{"href":"https:\/\/gevelridder.nl\/pt-pt\/wp-json\/wp\/v2\/media?parent=141242"}],"wp:term":[{"taxonomy":"product_brand","embeddable":true,"href":"https:\/\/gevelridder.nl\/pt-pt\/wp-json\/wp\/v2\/product_brand?post=141242"},{"taxonomy":"product_cat","embeddable":true,"href":"https:\/\/gevelridder.nl\/pt-pt\/wp-json\/wp\/v2\/product_cat?post=141242"},{"taxonomy":"product_tag","embeddable":true,"href":"https:\/\/gevelridder.nl\/pt-pt\/wp-json\/wp\/v2\/product_tag?post=141242"}],"curies":[{"name":"wp","href":"https:\/\/api.w.org\/{rel}","templated":true}]}}