
{"id":141221,"date":"2026-04-03T09:29:11","date_gmt":"2026-04-03T09:29:11","guid":{"rendered":"https:\/\/gevelridder.nl\/product\/bracadeira-de-tensao-para-glaskar-2-0-alu\/"},"modified":"2026-05-08T12:31:05","modified_gmt":"2026-05-08T12:31:05","slug":"bracadeira-de-tensao-para-glaskar-2-0-alu","status":"publish","type":"product","link":"https:\/\/gevelridder.nl\/pt-pt\/produto\/bracadeira-de-tensao-para-glaskar-2-0-alu\/","title":{"rendered":"Bra\u00e7adeira de tens\u00e3o para Glaskar 2.0 ALU"},"content":{"rendered":"\n<h2 class=\"wp-block-heading\">Bra\u00e7adeira de tens\u00e3o<\/h2>\n\n<p>Este pr\u00e1tico grampo de tens\u00e3o 2.0 da Gevelridder n\u00e3o \u00e9 apenas leve, mas tamb\u00e9m seguro e robusto. Devido ao seu longo carro, esta pin\u00e7a de tens\u00e3o de alum\u00ednio pode at\u00e9 ser &#8220;estacionada&#8221; na parte de tr\u00e1s do Glaskar.   <\/p>\n\n<p>Basicamente, 1 grampo \u00e9 suficiente para o mandril quando utilizado no Glaskar de alum\u00ednio. Para vidros grandes, recomendamos-te duas pin\u00e7as de tens\u00e3o.   <\/p>\n\n<p>Fabricado em alum\u00ednio de alta qualidade e coberto com o mesmo tapete que o carrinho de vidro. Pre\u00e7o por pe\u00e7a.   <\/p>\n\n<p>Os grampos de tens\u00e3o s\u00e3o um elemento crucial para a seguran\u00e7a na tua oficina ou no local de constru\u00e7\u00e3o. Podem surgir situa\u00e7\u00f5es perigosas se o carrinho de vidro ou o suporte de vidro n\u00e3o estiver direito, o que pode fazer com que o vidro ou outro material em folha caia. Mas as condi\u00e7\u00f5es climat\u00e9ricas tamb\u00e9m podem causar perigos inesperados. Num estaleiro de constru\u00e7\u00e3o, num jardim ou numa varanda, o vento \u00e9 um risco; as chapas de vidro apanham muito vento. Por isso, nunca deixes o teu carro de vidro sem vigil\u00e2ncia no local de constru\u00e7\u00e3o, especialmente em condi\u00e7\u00f5es de vento. Uma rajada de vento pode derrubar o carrinho inteiro. O grampo de tens\u00e3o \u00e9 aquela m\u00e3o extra necess\u00e1ria para o transporte seguro do vidro.        <\/p>\n\n<p>Os produtos Gevelridder s\u00e3o principalmente feitos de alum\u00ednio: leves, fortes, r\u00e1pidos de utilizar e fabricados na Holanda. \u00c9 por isso que esta bra\u00e7adeira se enquadra perfeitamente no sortido da Gevelridder, o teu especialista em auxiliares de eleva\u00e7\u00e3o!   <\/p>\n","protected":false},"excerpt":{"rendered":"<p>Pin\u00e7a de tens\u00e3o em alum\u00ednio da Gevelridder. O grampo de tens\u00e3o 2.0 \u00e9 feito de alum\u00ednio, o que o torna leve e mais pr\u00e1tico de utilizar. A pin\u00e7a de tens\u00e3o adapta-se a todos os nossos carrinhos. O mandril \u00e9 fabricado por n\u00f3s pr\u00f3prios e \u00e9 feito de alum\u00ednio e coberto com um tapete de vidro para n\u00e3o danificar o vidro ou as placas. -Fabricado na Holanda    <\/p>\n","protected":false},"featured_media":0,"template":"","meta":{"_acf_changed":false,"_seopress_robots_primary_cat":"none","_seopress_titles_title":"Bra\u00e7adeira de tens\u00e3o para Glaskar 2.0 ALU","_seopress_titles_desc":"Grampo de tens\u00e3o leve e pr\u00e1tico para os nossos carrinhos de vidro em alum\u00ednio, para evitar que o vidro caia para a frente. A bra\u00e7adeira de tens\u00e3o tem um tapete. ","_seopress_robots_index":""},"product_brand":[],"product_cat":[2716,2714,2715,2708],"product_tag":[2734,2744,2710,2869,2868,2867,2871,2870],"class_list":{"0":"post-141221","1":"product","2":"type-product","3":"status-publish","5":"product_cat-auxilios-ao-transporte","6":"product_cat-carrinhos","7":"product_cat-carros-de-transporte-de-vidro","8":"product_cat-pecas-2","9":"product_tag-carrinho-de-pratos","10":"product_tag-carrinho-de-registo","11":"product_tag-glaskar","12":"product_tag-mandril","13":"product_tag-mandril-de-aluminio","14":"product_tag-peso-leve","15":"product_tag-seguranca","16":"product_tag-vidro-de-apoio","17":"product_shipping_class-pakket-80-50-20","19":"first","20":"instock","21":"taxable","22":"shipping-taxable","23":"purchasable","24":"product-type-simple"},"acf":[],"_links":{"self":[{"href":"https:\/\/gevelridder.nl\/pt-pt\/wp-json\/wp\/v2\/product\/141221","targetHints":{"allow":["GET"]}}],"collection":[{"href":"https:\/\/gevelridder.nl\/pt-pt\/wp-json\/wp\/v2\/product"}],"about":[{"href":"https:\/\/gevelridder.nl\/pt-pt\/wp-json\/wp\/v2\/types\/product"}],"wp:attachment":[{"href":"https:\/\/gevelridder.nl\/pt-pt\/wp-json\/wp\/v2\/media?parent=141221"}],"wp:term":[{"taxonomy":"product_brand","embeddable":true,"href":"https:\/\/gevelridder.nl\/pt-pt\/wp-json\/wp\/v2\/product_brand?post=141221"},{"taxonomy":"product_cat","embeddable":true,"href":"https:\/\/gevelridder.nl\/pt-pt\/wp-json\/wp\/v2\/product_cat?post=141221"},{"taxonomy":"product_tag","embeddable":true,"href":"https:\/\/gevelridder.nl\/pt-pt\/wp-json\/wp\/v2\/product_tag?post=141221"}],"curies":[{"name":"wp","href":"https:\/\/api.w.org\/{rel}","templated":true}]}}