
{"id":141220,"date":"2026-03-24T11:33:09","date_gmt":"2026-03-24T11:33:09","guid":{"rendered":"https:\/\/gevelridder.nl\/product\/esculpe-500-kg-2-0\/"},"modified":"2026-05-08T12:31:05","modified_gmt":"2026-05-08T12:31:05","slug":"esculpe-500-kg-2-0","status":"publish","type":"product","link":"https:\/\/gevelridder.nl\/pt-pt\/produto\/esculpe-500-kg-2-0\/","title":{"rendered":"Esculpe 500 kg 2.0"},"content":{"rendered":"\n<h2 class=\"wp-block-heading\">Carrinho de transporte CARVE de 500 kg: a solu\u00e7\u00e3o ideal para pratos, vidros e portas<\/h2>\n\n<p>Trabalha no sector da constru\u00e7\u00e3o, da constru\u00e7\u00e3o de interiores, da renova\u00e7\u00e3o ou da pedra natural? Procura a solu\u00e7\u00e3o ideal para o transporte de t\u00e1buas, vidros, portas, mas sobretudo de bancadas e tampos de mesa em pedra natural, ent\u00e3o o carrinho de transporte CARVE 500 kg \u00e9 a sua melhor escolha. <\/p>\n\n<p><strong>Porque \u00e9 que o cami\u00e3o de transporte CARVE deve ser a tua pr\u00f3xima compra:<\/strong><\/p>\n\n<ol class=\"wp-block-list\">\n<li><strong>Manobrabilidade excecional:<\/strong> Gra\u00e7as a um eixo fixo no centro e a rodas duplas na frente e atr\u00e1s, o CARVE desloca-se sem esfor\u00e7o em espa\u00e7os apertados &#8211; ideal para bancadas e tampos de mesa em pedra natural.<\/li>\n\n\n\n<li><strong>Utiliza\u00e7\u00e3o vers\u00e1til:<\/strong> Utiliza-o como um tren\u00f3 ou prende-lhe esticadores para maior seguran\u00e7a; o CARVE oferece ambas as op\u00e7\u00f5es.<\/li>\n\n\n\n<li><strong>Design elegante e pr\u00e1tico:<\/strong> O forro de feltro antracite n\u00e3o s\u00f3 d\u00e1 \u00e0 CARVE um aspeto elegante, como tamb\u00e9m protege os teus materiais de riscos.<\/li>\n\n\n\n<li><strong>Seguran\u00e7a extra:<\/strong> Gra\u00e7as aos para-choques almofadados \u00e0 frente e atr\u00e1s, n\u00e3o tens de te preocupar com choques ou arranh\u00f5es.<\/li>\n\n\n\n<li><strong>Compacto e c\u00f3modo:<\/strong> Com um comprimento de 140 cm e um tamanho de luz do dia de 60 mm, o CARVE \u00e9 f\u00e1cil de transportar e guardar.<\/li>\n\n\n\n<li><strong>Design que respeita os obst\u00e1culos:<\/strong> A constru\u00e7\u00e3o \u00fanica do CARVE facilita a passagem por cima de solavancos sem desestabilizar a carga.<\/li>\n<\/ol>\n\n<p>Uma ficha informativa do TNO de junho de 2018 mostra que, para al\u00e9m da carga de trabalho psicossocial, o esfor\u00e7o f\u00edsico continua a ser a principal causa de doen\u00e7as profissionais e de absentismo. As queixas f\u00edsicas, como dores nas costas, ombros, pesco\u00e7o, joelhos e ancas, podem ser evitadas com as ferramentas certas. Caminhar enquanto levanta algo pode levar a estas queixas. \u00c9 por isso que The Facade Knight (Gevelridder) oferece este carrinho de transporte com pneus. Certifica-te sempre de que os carrinhos (bem como os suportes de vidro) est\u00e3o nivelados para evitar que o vidro caia. Escolhe a qualidade, a durabilidade e o estilo. Escolhe o carrinho de transporte CARVE 500kg. O teu trabalho ser\u00e1 mais f\u00e1cil, mais seguro e mais eficiente. Encomenda j\u00e1 e sente a diferen\u00e7a!        <\/p>\n","protected":false},"excerpt":{"rendered":"<p><strong>As placas CARVE leves \/ carrinho de transporte \/ carrinho de vidro: Perfeito para a montagem (tripla) de vidros, portas e bancadas em espa\u00e7os pequenos.<\/strong><\/p>\n<p><strong>Novo: agora com para-choques e amortecedor de borracha \u00e0 frente e atr\u00e1s<\/strong>. <strong>O Carve 2.0<\/strong><\/p>\n<p><strong>L= 150 cm, A=26 cm, L=47 cm<\/strong><\/p>\n<p><strong>\u2714<\/strong><strong> Para-choques (novo). <\/strong><strong>\u2714<\/strong><strong> Calha de tamanho di\u00e1rio 6 cm.<\/strong><\/p>\n<p><strong>\u2714<\/strong><strong> <\/strong><strong>WLL500 kg.<\/strong><\/p>\n<p><strong>Pesa 9 kg.<\/strong><\/p>\n<p><strong> Com pneus pneum\u00e1ticos (bom amortecimento).<\/strong><strong> Para-choques de seguran\u00e7a contra o tombamento do carrinho.<\/strong> <strong>x<\/strong> <strong>Grampos exclusivos<\/strong> <strong>\u2660<\/strong> <strong>Grampo de tens\u00e3o a ser encomendado separadamente:<\/strong><\/p>\n<ul>\n<li><a href=\"https:\/\/gevelridder.nl\/pt-pt\/produto\/bracadeira-de-tensao-para-glaskar-2-0-alu\/\">Bra\u00e7adeira de tens\u00e3o Alu (ponta)<\/a><\/li>\n<li><a href=\"https:\/\/gevelridder.nl\/pt-pt\/produto\/bracadeira-de-tensao-para-aco-glaskar-1-0\/\">Bra\u00e7adeira de tens\u00e3o em a\u00e7o<\/a><\/li>\n<li><a href=\"https:\/\/gevelridder.nl\/pt-pt\/produto\/spanlance-para-o-carrinho-de-pratos\/\">Lan\u00e7a de alcance<\/a><\/li>\n<li>\n<ul>\n<li>\n<\/ul>\n<\/li>\n<\/ul>\n","protected":false},"featured_media":0,"template":"","meta":{"_acf_changed":false,"_seopress_robots_primary_cat":"none","_seopress_titles_title":"","_seopress_titles_desc":"","_seopress_robots_index":""},"product_brand":[],"product_cat":[2716,2709,2715],"product_tag":[2722,2727,2719,2720,2723,2721,2710,2725,2768,2724,2857],"class_list":{"0":"post-141220","1":"product","2":"type-product","3":"status-publish","5":"product_cat-auxilios-ao-transporte","6":"product_cat-carrinhos-de-fachada","7":"product_cat-carros-de-transporte-de-vidro","8":"product_tag-camioes-de-placas","9":"product_tag-carrinho-com-estrutura","10":"product_tag-carrinho-de-porta","11":"product_tag-carrinho-de-vidro-carrinho-de-pratos","12":"product_tag-carrinho-de-vidro-triplo","13":"product_tag-carro-de-estrutura","14":"product_tag-glaskar","15":"product_tag-mao-de-transporte-de-vidro","16":"product_tag-transporte-de-vidro-2","17":"product_tag-transporte-de-vidro","18":"product_tag-transporte-vidro-triplo","19":"product_shipping_class-pakket-160-50-40","21":"first","22":"instock","23":"taxable","24":"shipping-taxable","25":"purchasable","26":"product-type-simple"},"acf":[],"_links":{"self":[{"href":"https:\/\/gevelridder.nl\/pt-pt\/wp-json\/wp\/v2\/product\/141220","targetHints":{"allow":["GET"]}}],"collection":[{"href":"https:\/\/gevelridder.nl\/pt-pt\/wp-json\/wp\/v2\/product"}],"about":[{"href":"https:\/\/gevelridder.nl\/pt-pt\/wp-json\/wp\/v2\/types\/product"}],"wp:attachment":[{"href":"https:\/\/gevelridder.nl\/pt-pt\/wp-json\/wp\/v2\/media?parent=141220"}],"wp:term":[{"taxonomy":"product_brand","embeddable":true,"href":"https:\/\/gevelridder.nl\/pt-pt\/wp-json\/wp\/v2\/product_brand?post=141220"},{"taxonomy":"product_cat","embeddable":true,"href":"https:\/\/gevelridder.nl\/pt-pt\/wp-json\/wp\/v2\/product_cat?post=141220"},{"taxonomy":"product_tag","embeddable":true,"href":"https:\/\/gevelridder.nl\/pt-pt\/wp-json\/wp\/v2\/product_tag?post=141220"}],"curies":[{"name":"wp","href":"https:\/\/api.w.org\/{rel}","templated":true}]}}