
{"id":141219,"date":"2026-03-24T11:39:17","date_gmt":"2026-03-24T11:39:17","guid":{"rendered":"https:\/\/gevelridder.nl\/product\/carrinho-de-placas-urbanas-glaskar-250kg\/"},"modified":"2026-05-08T12:31:05","modified_gmt":"2026-05-08T12:31:05","slug":"carrinho-de-placas-urbanas-glaskar-250kg","status":"publish","type":"product","link":"https:\/\/gevelridder.nl\/pt-pt\/produto\/carrinho-de-placas-urbanas-glaskar-250kg\/","title":{"rendered":"Carrinho de placas urbanas Glaskar 250kg"},"content":{"rendered":"\n<p>O Carrinho para Lajes Urbanas Glaskar 250 kg oferece a solu\u00e7\u00e3o perfeita com a sua grande prateleira superior, ideal para caixilhos de janelas mais largos e outros materiais. Com uma carga m\u00e1xima de 250 kg (distribu\u00edda uniformemente), o carrinho Gable \u00e9 a escolha certa para as tuas necessidades de transporte. Com este carrinho, as rodas est\u00e3o um pouco mais afastadas para que tamb\u00e9m possas colocar um grampo de tens\u00e3o no meio. A desvantagem \u00e9 que este carrinho \u00e9 menos manobr\u00e1vel do que o <a href=\"https:\/\/gevelridder.nl\/product\/glaskar-platenwagen-250kg-plus\/\">Glaskar 250 plus.<\/a>   <\/p>\n\n<p><strong>Carrinho para placas urbanas Glaskar 250kg: Transporte eficiente<\/strong><\/p>\n\n<p>O carrinho Gable, com 100\u00d7100 cm e uma prateleira de carga de 18 cm, foi concebido para satisfazer as tuas necessidades. Este carrinho de alum\u00ednio, que pesa apenas 12 kg, oferece durabilidade e portabilidade. A parte inferior do carrinho possui 3 tubos montados, permitindo-te utilizar grampos de tens\u00e3o para uma maior estabilidade durante o transporte.  <\/p>\n\n<p><strong>Glaskar Urban Plate Trolley 250kg : Concebido com amor, fabricado na Holanda<\/strong><\/p>\n\n<p>O nosso carrinho de discos n\u00e3o \u00e9 apenas mais um carrinho. Apresentamos-te com orgulho o nosso carrinho de discos desenhado e fabricado \u00e0 m\u00e3o, #MadeinHolland. Cada detalhe foi cuidadosamente cuidado, fazendo com que este carrinho se destaque como &#8220;o Mercedes&#8221; entre os carrinhos.  <\/p>\n\n<p><strong>Abra\u00e7adeiras e acess\u00f3rios<\/strong><\/p>\n\n<p>Tem em aten\u00e7\u00e3o que o pre\u00e7o n\u00e3o inclui os grampos de tens\u00e3o. Podes encomend\u00e1-los separadamente para tornar o teu transporte ainda mais seguro. <\/p>\n\n<p><strong>Dimens\u00f5es e op\u00e7\u00f5es<\/strong><\/p>\n\n<p>A prateleira de carga do carrinho de placas Glaskar tem 18 cm de largura, enquanto a largura total, incluindo as rodas, \u00e9 de apenas 50 cm. Est\u00e1s \u00e0 procura de um cami\u00e3o de um eixo? O nosso mono-eixo tem um WLL (limite de carga de trabalho) m\u00e1ximo de 150 kg. As pegas ajust\u00e1veis com um mecanismo de clip r\u00e1pido e o feltro preto\/antracite completam a experi\u00eancia.   <\/p>\n\n<p><strong>Cavaleiro de fachada (Gevelridder): Evita problemas de sa\u00fade com transportes eficientes<\/strong><\/p>\n\n<p>Sabias que levantar e transportar durante o trabalho \u00e9 a principal causa de queixas f\u00edsicas? Dores nas costas, nos ombros, no pesco\u00e7o, nos joelhos e nas ancas podem resultar de um levantamento incorreto, o nosso carrinho de lajes evita-o. O nosso carrinho para fachadas ou carrinho para lajes foi concebido a pensar na efici\u00eancia e na sa\u00fade. Com os auxiliares de eleva\u00e7\u00e3o da Gevelridder, podes evitar estas queixas e trabalhar de forma segura e confort\u00e1vel.   <\/p>\n\n<p><strong>TNO &#8211; Factos sobre a carga de trabalho f\u00edsico 2018<\/strong><\/p>\n\n<p>O esfor\u00e7o f\u00edsico continua a ser uma das principais causas de doen\u00e7as profissionais e de absentismo. Os nossos produtos foram concebidos para contribuir para um ambiente de trabalho mais saud\u00e1vel, de acordo com as conclus\u00f5es do TNO. Descobre o poder do Gable Trolley e do Plate Trolley &#8211; os teus parceiros para um transporte eficiente e condi\u00e7\u00f5es de trabalho saud\u00e1veis. Encomenda agora e experimenta a diferen\u00e7a! J\u00e1 agora, viste o <a href=\"https:\/\/gevelridder.nl\/pt-pt\/produto\/carrinho-de-placas-urbanas-glaskar-250kg\/\">c\u00e3ozinho Brammetje<\/a>?    <\/p>\n","protected":false},"excerpt":{"rendered":"<p><strong>\u2714<\/strong> <strong>Para transporte de vidro, molduras, pedra, etc.<\/strong> <strong>\u2714<\/strong><strong> Peso leve, f\u00e1cil de transportar.<\/strong> <strong>\u2714<\/strong><strong> L=100 cm, H=100 cm, W=50 cm.<\/strong> <strong>\u2714<\/strong><strong> Largura da prateleira 18 cm (espa\u00e7o para a roda 19,5 cm).<\/strong><\/p>\n<p><strong>\u2714<\/strong><strong> WLL250 kg. <\/strong><strong>\u2714<\/strong><strong> Peso pr\u00f3prio 12 kg.<\/strong> <strong>\u2714<\/strong><strong> <\/strong><strong>Pneus pneum\u00e1ticos (bom amortecimento).<\/strong><\/p>\n<p><strong>\u2714<\/strong><strong> <\/strong><strong>N\u00e3o fica preso na areia e no cascalho.<\/strong><\/p>\n<p><strong>x<\/strong> <strong>Excluindo os grampos de tens\u00e3o<\/strong> \u2660 <strong>Menos manobr\u00e1vel do que o <a href=\"https:\/\/gevelridder.nl\/product\/glaskar-platenwagen-250kg-plus\/\">carro de vidro 250 plus<\/a><\/strong> \u2660 <strong>Grampo de tens\u00e3o a encomendar separadamente:<\/strong><\/p>\n<ul>\n<li><a href=\"https:\/\/gevelridder.nl\/pt-pt\/produto\/bracadeira-de-tensao-para-glaskar-2-0-alu\/\">Bra\u00e7adeira de tens\u00e3o Alu (ponta)<\/a><\/li>\n<li><a href=\"https:\/\/gevelridder.nl\/pt-pt\/produto\/bracadeira-de-tensao-para-aco-glaskar-1-0\/\">Bra\u00e7adeira de tens\u00e3o em a\u00e7o<\/a><\/li>\n<li><a href=\"https:\/\/gevelridder.nl\/pt-pt\/produto\/spanlance-para-o-carrinho-de-pratos\/\">Lan\u00e7a de alcance<\/a><\/li>\n<li style=\"list-style-type: none;\">\n<ul>\n<li style=\"list-style-type: none;\">\n<\/ul>\n<\/li>\n<\/ul>\n","protected":false},"featured_media":0,"template":"","meta":{"_acf_changed":false,"_seopress_robots_primary_cat":"none","_seopress_titles_title":"","_seopress_titles_desc":"","_seopress_robots_index":""},"product_brand":[],"product_cat":[2714,2709,2715],"product_tag":[2773,2772,2774,2727,2861,2863,2853,2719,2734,2836,2828,2860,2862,2834,2826,2769,2710,2775,2864,2865,2724,2768,2854,2771],"class_list":{"0":"post-141219","1":"product","2":"type-product","3":"status-publish","5":"product_cat-carrinhos","6":"product_cat-carrinhos-de-fachada","7":"product_cat-carros-de-transporte-de-vidro","8":"product_tag-allterraindolly","9":"product_tag-caixilho-da-janela","10":"product_tag-carrinho","11":"product_tag-carrinho-com-estrutura","12":"product_tag-carrinho-de-cozinha","13":"product_tag-carrinho-de-placas-offroad","14":"product_tag-carrinho-de-porta-2","15":"product_tag-carrinho-de-porta","16":"product_tag-carrinho-de-pratos","17":"product_tag-carrinho-de-pratos-glaskar","18":"product_tag-carrinho-de-vidro","19":"product_tag-carrinho-para-bancadas","20":"product_tag-carro-de-cozinha","21":"product_tag-comerciantes","22":"product_tag-elevador-de-vidro","23":"product_tag-glaser","24":"product_tag-glaskar","25":"product_tag-porta-janelas","26":"product_tag-tegels","27":"product_tag-terrastegel-kar","28":"product_tag-transporte-de-vidro","29":"product_tag-transporte-de-vidro-2","30":"product_tag-transporte-manual-de-vidro","31":"product_tag-vidraceiro","32":"product_shipping_class-kar-klein","34":"first","35":"onbackorder","36":"taxable","37":"shipping-taxable","38":"purchasable","39":"product-type-simple"},"acf":[],"_links":{"self":[{"href":"https:\/\/gevelridder.nl\/pt-pt\/wp-json\/wp\/v2\/product\/141219","targetHints":{"allow":["GET"]}}],"collection":[{"href":"https:\/\/gevelridder.nl\/pt-pt\/wp-json\/wp\/v2\/product"}],"about":[{"href":"https:\/\/gevelridder.nl\/pt-pt\/wp-json\/wp\/v2\/types\/product"}],"wp:attachment":[{"href":"https:\/\/gevelridder.nl\/pt-pt\/wp-json\/wp\/v2\/media?parent=141219"}],"wp:term":[{"taxonomy":"product_brand","embeddable":true,"href":"https:\/\/gevelridder.nl\/pt-pt\/wp-json\/wp\/v2\/product_brand?post=141219"},{"taxonomy":"product_cat","embeddable":true,"href":"https:\/\/gevelridder.nl\/pt-pt\/wp-json\/wp\/v2\/product_cat?post=141219"},{"taxonomy":"product_tag","embeddable":true,"href":"https:\/\/gevelridder.nl\/pt-pt\/wp-json\/wp\/v2\/product_tag?post=141219"}],"curies":[{"name":"wp","href":"https:\/\/api.w.org\/{rel}","templated":true}]}}