
{"id":141216,"date":"2026-03-24T08:17:11","date_gmt":"2026-03-24T08:17:11","guid":{"rendered":"https:\/\/gevelridder.nl\/product\/bracadeira-de-tensao-para-aco-glaskar-1-0\/"},"modified":"2026-05-08T12:31:05","modified_gmt":"2026-05-08T12:31:05","slug":"bracadeira-de-tensao-para-aco-glaskar-1-0","status":"publish","type":"product","link":"https:\/\/gevelridder.nl\/pt-pt\/produto\/bracadeira-de-tensao-para-aco-glaskar-1-0\/","title":{"rendered":"Bra\u00e7adeira de tens\u00e3o para a\u00e7o Glaskar 1.0"},"content":{"rendered":"\n<h2 class=\"wp-block-heading\"><strong>A pin\u00e7a de cavaleiro para Glaskar 1.0 a\u00e7o<\/strong><\/h2>\n\n<p><strong>Guardi\u00e3o do vidro no sector da constru\u00e7\u00e3o<\/strong><\/p>\n\n<p>No reino da constru\u00e7\u00e3o civil, onde o artesanato e a precis\u00e3o convergem, \u00e9 essencial ter o arsenal certo de ferramentas. Fabricado em a\u00e7o de alta qualidade, resistente \u00e0 corros\u00e3o e tratado com borracha, o grampo de tens\u00e3o \u00e9 como um cavaleiro destemido pronto a proteger o teu vidro. Para o fiel Glaskar, quer se trate da variante de 150 kg ou de 250 kg, um grampo de tens\u00e3o fornece frequentemente a for\u00e7a necess\u00e1ria. No entanto, para folhas de vidro maiores, dois destes robustos cavaleiros duplicam a prote\u00e7\u00e3o, mantendo o vidro firme, como se fosse guardado pelos guardas de um castelo medieval. No entanto, como todos os cavaleiros t\u00eam as suas fraquezas, este esticador de a\u00e7o tamb\u00e9m tem o seu fardo: o peso. Mas n\u00e3o tenhas medo, nobre construtor! Os tempos modernos trazem-nos uma <a href=\"https:\/\/gevelridder.nl\/pt-pt\/produto\/bracadeira-de-tensao-para-glaskar-2-0-alu\/\">vers\u00e3o em alum\u00ednio do tensor<\/a>. Mais leve e mais agrad\u00e1vel para a tua carteira, mas igualmente resoluta na sua tarefa. Quer utilizes <a href=\"https:\/\/gevelridder.nl\/product\/glaskar-250-platenwagen\/\">o Glaskar<\/a> ou o <a href=\"https:\/\/gevelridder.nl\/en\/product\/carve-250kg-2-0\/\">Carve<\/a>, este grampo de tens\u00e3o serve como um bra\u00e7o de prote\u00e7\u00e3o adicional contra a queda do vidro para a frente. No entanto, tal como um cavaleiro deve estar sempre vigilante, nunca deves deixar o vidro sem vigil\u00e2ncia, mesmo com a pin\u00e7a de tens\u00e3o como prote\u00e7\u00e3o. As rajadas de vento inesperadas podem ser um inimigo insidioso, pronto a derrubar a tua carro\u00e7a. Por isso, nobres construtores, certifiquem-se sempre de que o vosso carrinho est\u00e1 em terreno firme e nivelado, e que o vosso vidro est\u00e1 protegido pelo fi\u00e1vel grampo de tens\u00e3o, o cavaleiro do mundo da constru\u00e7\u00e3o.           <\/p>\n","protected":false},"excerpt":{"rendered":"<p>Cavaleiros da constru\u00e7\u00e3o, equipa a tua Glaskar com o destemido grampo de tens\u00e3o: o teu escudo contra a queda de vidros. Feita de a\u00e7o resistente, agora tamb\u00e9m dispon\u00edvel numa <a href=\"https:\/\/gevelridder.nl\/pt-pt\/produto\/bracadeira-de-tensao-para-glaskar-2-0-alu\/\">vers\u00e3o leve de alum\u00ednio<\/a> (mais leve e mais barata!). Um aliado fi\u00e1vel na batalha pela estabilidade, mas nunca deixes o vidro sem vigil\u00e2ncia. Protege os teus projectos com esta prote\u00e7\u00e3o e constr\u00f3i com confian\u00e7a e orgulho. Para vidros grandes, utiliza duas pin\u00e7as de tens\u00e3o.    <\/p>\n","protected":false},"featured_media":0,"template":"","meta":{"_acf_changed":false,"_seopress_robots_primary_cat":"none","_seopress_titles_title":"","_seopress_titles_desc":"","_seopress_robots_index":""},"product_brand":[],"product_cat":[2709,2708],"product_tag":[2858,2744,2710],"class_list":{"0":"post-141216","1":"product","2":"type-product","3":"status-publish","5":"product_cat-carrinhos-de-fachada","6":"product_cat-pecas-2","7":"product_tag-bate-palmas","8":"product_tag-carrinho-de-registo","9":"product_tag-glaskar","10":"product_shipping_class-25-euros","12":"first","13":"instock","14":"taxable","15":"shipping-taxable","16":"purchasable","17":"product-type-simple"},"acf":[],"_links":{"self":[{"href":"https:\/\/gevelridder.nl\/pt-pt\/wp-json\/wp\/v2\/product\/141216","targetHints":{"allow":["GET"]}}],"collection":[{"href":"https:\/\/gevelridder.nl\/pt-pt\/wp-json\/wp\/v2\/product"}],"about":[{"href":"https:\/\/gevelridder.nl\/pt-pt\/wp-json\/wp\/v2\/types\/product"}],"wp:attachment":[{"href":"https:\/\/gevelridder.nl\/pt-pt\/wp-json\/wp\/v2\/media?parent=141216"}],"wp:term":[{"taxonomy":"product_brand","embeddable":true,"href":"https:\/\/gevelridder.nl\/pt-pt\/wp-json\/wp\/v2\/product_brand?post=141216"},{"taxonomy":"product_cat","embeddable":true,"href":"https:\/\/gevelridder.nl\/pt-pt\/wp-json\/wp\/v2\/product_cat?post=141216"},{"taxonomy":"product_tag","embeddable":true,"href":"https:\/\/gevelridder.nl\/pt-pt\/wp-json\/wp\/v2\/product_tag?post=141216"}],"curies":[{"name":"wp","href":"https:\/\/api.w.org\/{rel}","templated":true}]}}