
{"id":141214,"date":"2026-03-24T11:44:02","date_gmt":"2026-03-24T11:44:02","guid":{"rendered":"https:\/\/gevelridder.nl\/product\/besta-de-um-carrinho-carve-beast\/"},"modified":"2026-05-08T12:30:58","modified_gmt":"2026-05-08T12:30:58","slug":"besta-de-um-carrinho-carve-beast","status":"publish","type":"product","link":"https:\/\/gevelridder.nl\/pt-pt\/produto\/besta-de-um-carrinho-carve-beast\/","title":{"rendered":"Besta de um carrinho Carve-Beast"},"content":{"rendered":"\n<h3 class=\"wp-block-heading\"><strong>Carrinho de transporte CARVE 500 &#8211; A solu\u00e7\u00e3o ideal para vidro, pain\u00e9is e portas de correr<\/strong><\/h3>\n\n<p>Trabalha na constru\u00e7\u00e3o, na decora\u00e7\u00e3o de interiores, na renova\u00e7\u00e3o ou na ind\u00fastria da pedra natural? Ent\u00e3o sabe como pode ser dif\u00edcil mover materiais pesados e delicados de forma segura e eficiente. O <strong>carrinho de transporte CARVE 500<\/strong> foi especialmente desenvolvido para este fim &#8211; e agora apresenta uma <strong>largura de canal de 25 cm<\/strong>, perfeita para <strong>portas de correr largas, pain\u00e9is de vidro e bancadas de pedra natural<\/strong>.  <\/p>\n\n<h3 class=\"wp-block-heading\"><strong>Porque \u00e9 que o CARVE 500 deve ser o teu pr\u00f3ximo investimento:<\/strong><\/h3>\n\n<ul class=\"wp-block-list\">\n<li><strong>Manobrabilidade excecional<\/strong><br\/>Com um eixo central fixo e rod\u00edzios duplos \u00e0 frente e atr\u00e1s, a CARVE desliza facilmente em espa\u00e7os apertados.<\/li>\n\n\n\n<li><strong>Utiliza\u00e7\u00e3o flex\u00edvel<\/strong><br\/>Utiliza-o como um tren\u00f3 de transporte plano ou fixa suportes de fixa\u00e7\u00e3o para maior seguran\u00e7a. O CARVE adapta-se \u00e0s tuas necessidades. <\/li>\n\n\n\n<li><strong>Seguro e sem riscos<\/strong><br\/>O revestimento de feltro de cor antracite protege as superf\u00edcies sens\u00edveis, enquanto os amortecedores almofadados evitam impactos acidentais e quedas.<\/li>\n\n\n\n<li><strong>Dimens\u00f5es pr\u00e1ticas<\/strong><br\/>\u2714 Comprimento: 150 cm<br\/>\u2714 Altura: 26 cm<br\/>\u2714 Largura: 58 cm<br\/>\u2714<strong> Largura do canal: 25 cm !!!<\/strong><br\/>\u2714 Peso l\u00edquido: 11 kg<br\/>\u2714 Limite de carga de trabalho: 500 kg<br\/>\u2714 Pneus pneum\u00e1ticos para um transporte suave e com absor\u00e7\u00e3o de choques<\/li>\n<\/ul>\n\n<hr class=\"wp-block-separator has-alpha-channel-opacity\"\/>\n\n<h3 class=\"wp-block-heading\"><strong>A &#8220;besta&#8221; da s\u00e9rie Carve pode parecer pesada &#8211; mas n\u00e3o \u00e9!<\/strong><\/h3>\n\n<p>Forte, est\u00e1vel, mas surpreendentemente leve &#8211; o CARVE 500 \u00e9 a escolha dos profissionais em termos de qualidade, seguran\u00e7a e efici\u00eancia.<\/p>\n\n<p><strong>Encomenda agora e experimenta a diferen\u00e7a no teu trabalho di\u00e1rio.<\/strong><\/p>\n","protected":false},"excerpt":{"rendered":"<p class=\"ai-optimize-30\"><strong data-start=\"244\" data-end=\"312\">CARVE 500 Transport Cart &#8211; A &#8220;besta&#8221; que \u00e9 surpreendentemente leve<\/strong><br data-start=\"312\" data-end=\"315\"\/>Especialmente concebido para portas de correr largas, bancadas e pain\u00e9is de vidro.<\/p>\n<p class=\"ai-optimize-31\"><strong>L= 150 cm, A=26 cm, L=58 cm<\/strong><\/p>\n<p class=\"ai-optimize-32\"><strong>\u2714<\/strong><strong> Calha tamanho dia 25 cm!!!<\/strong><\/p>\n<p class=\"ai-optimize-33\"><strong>\u2714<\/strong> <strong>WLL500 kg.<\/strong><\/p>\n<p class=\"ai-optimize-34\"><strong>Peso pr\u00f3prio 12 kg.<\/strong><\/p>\n<p class=\"ai-optimize-35\"><strong>\u2714<\/strong><strong> Com pneus pneum\u00e1ticos (bom amortecimento).<\/strong><\/p>\n<p class=\"ai-optimize-35\"><strong>\u2714<\/strong><strong> Para-choques de seguran\u00e7a contra o tombamento do carrinho.<\/strong><\/p>\n<p class=\"ai-optimize-35\"><strong>x<\/strong> <strong>Grampos exclusivos<\/strong><\/p>\n<p class=\"ai-optimize-35\"><strong>\u2660<\/strong> O grampo de tens\u00e3o deve ser encomendado separadamente:<\/p>\n<ul>\n<li><a href=\"https:\/\/gevelridder.nl\/en\/product\/new-tension-clamp-for-glaskar-2-0-alu\/\">Bra\u00e7adeira de tens\u00e3o Alu (ponta)<\/a><\/li>\n<li><a href=\"https:\/\/gevelridder.nl\/pt-pt\/produto\/bracadeira-de-tensao-para-aco-glaskar-1-0\/\">Bra\u00e7adeira de tens\u00e3o em a\u00e7o<\/a><\/li>\n<li><a href=\"https:\/\/gevelridder.nl\/pt-pt\/produto\/spanlance-para-o-carrinho-de-pratos\/\">Lan\u00e7a de alcance<\/a><\/li>\n<\/ul>\n","protected":false},"featured_media":0,"template":"","meta":{"_acf_changed":false,"_seopress_robots_primary_cat":"none","_seopress_titles_title":"","_seopress_titles_desc":"","_seopress_robots_index":""},"product_brand":[],"product_cat":[2716,2709,2715],"product_tag":[2722,2727,2719,2720,2723,2721,2710,2725,2768,2724,2857],"class_list":{"0":"post-141214","1":"product","2":"type-product","3":"status-publish","5":"product_cat-auxilios-ao-transporte","6":"product_cat-carrinhos-de-fachada","7":"product_cat-carros-de-transporte-de-vidro","8":"product_tag-camioes-de-placas","9":"product_tag-carrinho-com-estrutura","10":"product_tag-carrinho-de-porta","11":"product_tag-carrinho-de-vidro-carrinho-de-pratos","12":"product_tag-carrinho-de-vidro-triplo","13":"product_tag-carro-de-estrutura","14":"product_tag-glaskar","15":"product_tag-mao-de-transporte-de-vidro","16":"product_tag-transporte-de-vidro-2","17":"product_tag-transporte-de-vidro","18":"product_tag-transporte-vidro-triplo","19":"product_shipping_class-pakket-160-50-40","21":"first","22":"instock","23":"taxable","24":"shipping-taxable","25":"purchasable","26":"product-type-simple"},"acf":[],"_links":{"self":[{"href":"https:\/\/gevelridder.nl\/pt-pt\/wp-json\/wp\/v2\/product\/141214","targetHints":{"allow":["GET"]}}],"collection":[{"href":"https:\/\/gevelridder.nl\/pt-pt\/wp-json\/wp\/v2\/product"}],"about":[{"href":"https:\/\/gevelridder.nl\/pt-pt\/wp-json\/wp\/v2\/types\/product"}],"wp:attachment":[{"href":"https:\/\/gevelridder.nl\/pt-pt\/wp-json\/wp\/v2\/media?parent=141214"}],"wp:term":[{"taxonomy":"product_brand","embeddable":true,"href":"https:\/\/gevelridder.nl\/pt-pt\/wp-json\/wp\/v2\/product_brand?post=141214"},{"taxonomy":"product_cat","embeddable":true,"href":"https:\/\/gevelridder.nl\/pt-pt\/wp-json\/wp\/v2\/product_cat?post=141214"},{"taxonomy":"product_tag","embeddable":true,"href":"https:\/\/gevelridder.nl\/pt-pt\/wp-json\/wp\/v2\/product_tag?post=141214"}],"curies":[{"name":"wp","href":"https:\/\/api.w.org\/{rel}","templated":true}]}}