
{"id":141213,"date":"2026-04-03T09:37:22","date_gmt":"2026-04-03T09:37:22","guid":{"rendered":"https:\/\/gevelridder.nl\/product\/carrinho-para-placas-glaskar-bigurban-carve-500kg-15x15-m1\/"},"modified":"2026-05-08T12:31:06","modified_gmt":"2026-05-08T12:31:06","slug":"carrinho-para-placas-glaskar-bigurban-carve-500kg-15x15-m1","status":"publish","type":"product","link":"https:\/\/gevelridder.nl\/pt-pt\/produto\/carrinho-para-placas-glaskar-bigurban-carve-500kg-15x15-m1\/","title":{"rendered":"Carrinho para placas Glaskar BigUrban CARVE 500kg 1,5\u00d71,5 m1"},"content":{"rendered":"\n<p>O carrinho para lajes Big-Urban 500 kg da Glaskar oferece a solu\u00e7\u00e3o perfeita com a sua grande prateleira superior, ideal para caixilhos de janelas mais largos e outros materiais. Com uma carga m\u00e1xima de 500 kg (distribu\u00edda uniformemente), o carrinho para fachadas \u00e9 a escolha certa para as tuas necessidades de transporte. <\/p>\n\n<p><strong>Carrinho para pratos Glaskar Big-Urban 500kg: Transporte eficiente<\/strong><\/p>\n\n<p>O carrinho Gable, de 150\u00d7150 cm com uma prateleira de carga de 18 cm, foi concebido para satisfazer as tuas necessidades.<\/p>\n\n<p><strong>Glaskar Big-Urban Plate Trolley 500kg : Concebido com amor, fabricado na Holanda<\/strong><\/p>\n\n<p>O nosso carrinho de discos n\u00e3o \u00e9 apenas mais um carrinho. Apresentamos-te com orgulho o nosso carrinho de discos desenhado e fabricado \u00e0 m\u00e3o, #MadeinHolland. Cada detalhe foi cuidadosamente cuidado, fazendo com que este carrinho se destaque como &#8220;o Mercedes&#8221; entre os carrinhos.  <\/p>\n\n<p><strong>Abra\u00e7adeiras e acess\u00f3rios<\/strong><\/p>\n\n<p>Tem em aten\u00e7\u00e3o que o pre\u00e7o n\u00e3o inclui os grampos de tens\u00e3o. Podes encomend\u00e1-los separadamente para tornar o teu transporte ainda mais seguro. <\/p>\n\n<p><strong>Dimens\u00f5es e op\u00e7\u00f5es<\/strong><\/p>\n\n<p>A prateleira de carga do carrinho de pratos Glaskar tem 18 cm de largura, enquanto a largura total, incluindo as rodas, \u00e9 de apenas 57 cm. Para uma maior maneabilidade, tamb\u00e9m est\u00e1 dispon\u00edvel uma vers\u00e3o com rodas mais pequenas (250 kg de carga). Est\u00e1s \u00e0 procura de um cami\u00e3o de um eixo? O nosso eixo \u00fanico tem um limite m\u00e1ximo de carga de trabalho (WLL) de 150 kg. As pegas ajust\u00e1veis com um mecanismo de clip r\u00e1pido e o feltro preto\/antracite completam a experi\u00eancia.    <\/p>\n\n<p><strong>Cavaleiro de fachada (Gevelridder): Evita problemas de sa\u00fade com transportes eficientes<\/strong><\/p>\n\n<p>Sabias que levantar e transportar durante o trabalho \u00e9 a principal causa de queixas f\u00edsicas? Dores nas costas, nos ombros, no pesco\u00e7o, nos joelhos e nas ancas podem resultar de um levantamento incorreto, o nosso carrinho de lajes evita-o. O nosso carrinho para fachadas ou carrinho para lajes foi concebido a pensar na efici\u00eancia e na sa\u00fade. Com os auxiliares de eleva\u00e7\u00e3o da Gevelridder, podes evitar estas queixas e trabalhar de forma segura e confort\u00e1vel.   <\/p>\n\n<p><strong>TNO &#8211; Factos sobre a carga de trabalho f\u00edsico 2018<\/strong><\/p>\n\n<p>O esfor\u00e7o f\u00edsico continua a ser uma das principais causas de doen\u00e7as profissionais e de absentismo. Os nossos produtos foram concebidos para contribuir para um ambiente de trabalho mais saud\u00e1vel, de acordo com as conclus\u00f5es do TNO. Descobre o poder do Gable Trolley e do Plate Trolley &#8211; os teus parceiros para um transporte eficiente e condi\u00e7\u00f5es de trabalho saud\u00e1veis. Encomenda agora e experimenta a diferen\u00e7a! J\u00e1 agora, viste o <a href=\"https:\/\/gevelridder.nl\/en\/product\/bramble-500kg\/\">c\u00e3ozinho Brammetje<\/a>?    <\/p>\n","protected":false},"excerpt":{"rendered":"<p><strong>\u2714<\/strong> <strong>Para o transporte de vidro, molduras, pedra, etc.<\/strong><\/p>\n<p><strong>\u2714<\/strong><strong> Peso leve, f\u00e1cil de transportar.<\/strong> <strong>\u2714<\/strong><strong> L= 150 cm, H=150 cm, W=58 cm.<\/strong><\/p>\n<p><strong>\u2714<\/strong><strong> Largura da prateleira 18 cm (espa\u00e7o para a roda 20 cm).<\/strong><\/p>\n<p><strong>\u2714<\/strong><strong> WLL500 kg.<\/strong><\/p>\n<p><strong>\u2714<\/strong><strong> Pneus pneum\u00e1ticos (bom amortecimento).<\/strong> <strong>\u2714<\/strong><strong> N\u00e3o fica preso na areia e no cascalho.<\/strong> <strong>x<\/strong> <strong>Excluindo os grampos de tens\u00e3o<\/strong><\/p>\n<p><strong>\u2660 <\/strong>O grampo de tens\u00e3o deve ser encomendado separadamente:<\/p>\n<ul>\n<li><a href=\"https:\/\/gevelridder.nl\/pt-pt\/produto\/bracadeira-de-tensao-para-glaskar-2-0-alu\/\">Bra\u00e7adeira de tens\u00e3o Alu (ponta)<\/a><\/li>\n<li><a href=\"https:\/\/gevelridder.nl\/pt-pt\/produto\/bracadeira-de-tensao-para-aco-glaskar-1-0\/\">Bra\u00e7adeira de tens\u00e3o em a\u00e7o<\/a><\/li>\n<li><a href=\"https:\/\/gevelridder.nl\/pt-pt\/produto\/spanlance-para-o-carrinho-de-pratos\/\">Lan\u00e7a de alcance<\/a><\/li>\n<li style=\"list-style-type: none;\">\n<ul>\n<li style=\"list-style-type: none;\">\n<\/ul>\n<\/li>\n<\/ul>\n","protected":false},"featured_media":0,"template":"","meta":{"_acf_changed":false,"_seopress_robots_primary_cat":"none","_seopress_titles_title":"","_seopress_titles_desc":"","_seopress_robots_index":""},"product_brand":[],"product_cat":[2709,2715],"product_tag":[2773,2772,2845,2774,2727,2855,2719,2853,2734,2836,2828,2720,2834,2826,2852,2710,2775,2856,2768,2724,2854],"class_list":{"0":"post-141213","1":"product","2":"type-product","3":"status-publish","5":"product_cat-carrinhos-de-fachada","6":"product_cat-carros-de-transporte-de-vidro","7":"product_tag-allterraindolly","8":"product_tag-caixilho-da-janela","9":"product_tag-carrilhao-de-placas","10":"product_tag-carrinho","11":"product_tag-carrinho-com-estrutura","12":"product_tag-carrinho-de-lapide","13":"product_tag-carrinho-de-porta","14":"product_tag-carrinho-de-porta-2","15":"product_tag-carrinho-de-pratos","16":"product_tag-carrinho-de-pratos-glaskar","17":"product_tag-carrinho-de-vidro","18":"product_tag-carrinho-de-vidro-carrinho-de-pratos","19":"product_tag-comerciantes","20":"product_tag-elevador-de-vidro","21":"product_tag-espinheiro","22":"product_tag-glaskar","23":"product_tag-porta-janelas","24":"product_tag-terrastegels-kar","25":"product_tag-transporte-de-vidro-2","26":"product_tag-transporte-de-vidro","27":"product_tag-transporte-manual-de-vidro","28":"product_shipping_class-kar-groot","30":"first","31":"instock","32":"taxable","33":"shipping-taxable","34":"purchasable","35":"product-type-simple"},"acf":[],"_links":{"self":[{"href":"https:\/\/gevelridder.nl\/pt-pt\/wp-json\/wp\/v2\/product\/141213","targetHints":{"allow":["GET"]}}],"collection":[{"href":"https:\/\/gevelridder.nl\/pt-pt\/wp-json\/wp\/v2\/product"}],"about":[{"href":"https:\/\/gevelridder.nl\/pt-pt\/wp-json\/wp\/v2\/types\/product"}],"wp:attachment":[{"href":"https:\/\/gevelridder.nl\/pt-pt\/wp-json\/wp\/v2\/media?parent=141213"}],"wp:term":[{"taxonomy":"product_brand","embeddable":true,"href":"https:\/\/gevelridder.nl\/pt-pt\/wp-json\/wp\/v2\/product_brand?post=141213"},{"taxonomy":"product_cat","embeddable":true,"href":"https:\/\/gevelridder.nl\/pt-pt\/wp-json\/wp\/v2\/product_cat?post=141213"},{"taxonomy":"product_tag","embeddable":true,"href":"https:\/\/gevelridder.nl\/pt-pt\/wp-json\/wp\/v2\/product_tag?post=141213"}],"curies":[{"name":"wp","href":"https:\/\/api.w.org\/{rel}","templated":true}]}}