
{"id":141211,"date":"2026-04-03T09:37:23","date_gmt":"2026-04-03T09:37:23","guid":{"rendered":"https:\/\/gevelridder.nl\/product\/carrinho-basculante-para-lajes-de-pedra-natural-ergoflip\/"},"modified":"2026-05-08T12:30:45","modified_gmt":"2026-05-08T12:30:45","slug":"carrinho-basculante-para-lajes-de-pedra-natural-ergoflip","status":"publish","type":"product","link":"https:\/\/gevelridder.nl\/pt-pt\/produto\/carrinho-basculante-para-lajes-de-pedra-natural-ergoflip\/","title":{"rendered":"Carrinho basculante para lajes de pedra natural ErgoFlip"},"content":{"rendered":"\n<h2 class=\"wp-block-heading\">Carro basculante Gevelridder &#8211; para bancadas de pedra natural (transporte e basculamento horizontal)<\/h2>\n\n<p>O <strong>carrinho basculante Gevelridder<\/strong> \u00e9 a solu\u00e7\u00e3o ultra-manobr\u00e1vel para <strong>mover com seguran\u00e7a bancadas pesadas em pedra natural<\/strong> e outros pain\u00e9is <strong>do exterior para o interior<\/strong> e <strong>inclin\u00e1-los horizontalmente<\/strong>. A sua <strong>estrutura em a\u00e7o<\/strong>, a <strong>ampla plataforma de 14 cm<\/strong> e <strong>os rod\u00edzios girat\u00f3rios dianteiros e traseiros<\/strong> proporcionam o m\u00e1ximo controlo em corredores estreitos, sobre soleiras e em cantos apertados. <\/p>\n\n<h3 class=\"wp-block-heading\">Especifica\u00e7\u00f5es principais<\/h3>\n\n<p><strong>Ultra manobr\u00e1vel<\/strong> &#8211; concebido para corredores e portas apertadas<\/p>\n\n<p><strong>Dimens\u00f5es:<\/strong> C 130 cm \u00d7 A 73 cm \u00d7 L 55 cm<\/p>\n\n<p><strong>Largura da plataforma:<\/strong> 14 cm<\/p>\n\n<p><strong>LPC (capacidade):<\/strong> 250 kg<\/p>\n\n<p><strong>Peso l\u00edquido:<\/strong> 75<strong> kg<\/strong><\/p>\n\n<p><strong>Rodas:<\/strong> girat\u00f3rias \u00e0 frente e atr\u00e1s<\/p>\n\n<ul class=\"wp-block-list\">\n<li><strong>Material:<\/strong> a\u00e7o<\/li>\n<\/ul>\n\n<h3 class=\"wp-block-heading\">Casos de utiliza\u00e7\u00e3o<\/h3>\n\n<p>Transporte de <strong>bancadas de pedra natural<\/strong>, comp\u00f3sitos e outros pain\u00e9is pesados <strong>Inclina\u00e7\u00e3o para a horizontal<\/strong> para instala\u00e7\u00e3o Movimentos eficientes <strong>de fora para dentro<\/strong> sem grua, com a m\u00e1xima estabilidade<\/p>\n","protected":false},"excerpt":{"rendered":"<p data-start=\"862\" data-end=\"971\"><strong data-start=\"862\" data-end=\"971\">Carrinho basculante Gevelridder &#8220;ErgoFlip&#8221; &#8211; para bancadas de cozinha em pedra natural (transporte e basculamento horizontal)<\/strong><\/p>\n<p data-start=\"973\" data-end=\"1341\">O <strong data-start=\"977\" data-end=\"1016\">carrinho basculante &#8220;ErgoFlip&#8221; da Gevelridder<\/strong> \u00e9 a solu\u00e7\u00e3o ultra-manobr\u00e1vel para <strong data-start=\"1055\" data-end=\"1099\">mover com seguran\u00e7a bancadas pesadas em pedra natural<\/strong> e outros pain\u00e9is <strong data-start=\"1117\" data-end=\"1143\">do exterior para o interior<\/strong> e <strong data-start=\"1148\" data-end=\"1174\">inclin\u00e1-los horizontalmente<\/strong>. A sua <strong data-start=\"1180\" data-end=\"1195\">estrutura em a\u00e7o<\/strong>, a <strong data-start=\"1197\" data-end=\"1216\">ampla plataforma de 14 cm<\/strong> e <strong data-start=\"1222\" data-end=\"1253\">os rod\u00edzios girat\u00f3rios dianteiros e traseiros<\/strong> proporcionam o m\u00e1ximo controlo em corredores estreitos, sobre soleiras e em cantos apertados. <\/p>\n<p data-start=\"1345\" data-end=\"1369\"><strong data-start=\"1345\" data-end=\"1367\">Ultra manobr\u00e1vel<\/strong><\/p>\n<p data-start=\"1372\" data-end=\"1418\"><strong data-start=\"1372\" data-end=\"1387\">\u2714 Dimens\u00f5es:<\/strong> C 130 cm \u00d7 A 73 cm \u00d7 L 55 cm<\/p>\n<p data-start=\"1421\" data-end=\"1444\"><strong data-start=\"1421\" data-end=\"1436\">Largura da plataforma:<\/strong> 14 cm<\/p>\n<p data-start=\"1447\" data-end=\"1493\"><strong data-start=\"1447\" data-end=\"1491\">\u2714 inclinado at\u00e9 aprox. 1 m de altura <\/strong><\/p>\n<p data-start=\"1496\" data-end=\"1524\"><strong data-start=\"1496\" data-end=\"1515\">Capacidade (WLL):<\/strong> 250 kg<\/p>\n<p data-start=\"1527\" data-end=\"1550\"><strong data-start=\"1527\" data-end=\"1542\">Peso l\u00edquido:<\/strong> 75 kg<\/p>\n<p data-start=\"1553\" data-end=\"1594\"><strong data-start=\"1553\" data-end=\"1564\">Rodas:<\/strong> girat\u00f3rias \u00e0 frente e atr\u00e1s<\/p>\n","protected":false},"featured_media":0,"template":"","meta":{"_acf_changed":false,"_seopress_robots_primary_cat":"none","_seopress_titles_title":"","_seopress_titles_desc":"","_seopress_robots_index":""},"product_brand":[],"product_cat":[2709,2715],"product_tag":[2845,2774,2734,2844,2847,2848,2850,2846,2849],"class_list":{"0":"post-141211","1":"product","2":"type-product","3":"status-publish","5":"product_cat-carrinhos-de-fachada","6":"product_cat-carros-de-transporte-de-vidro","7":"product_tag-carrilhao-de-placas","8":"product_tag-carrinho","9":"product_tag-carrinho-de-pratos","10":"product_tag-carro-de-cavaleiro-de-empena","11":"product_tag-horizontais","12":"product_tag-kantelwagen","13":"product_tag-transportar-a-natureza","14":"product_tag-transporte-de-vidro-placa","15":"product_tag-vervoeren-keukenblad","16":"product_shipping_class-kar-groot","18":"first","19":"instock","20":"taxable","21":"shipping-taxable","22":"purchasable","23":"product-type-simple"},"acf":[],"_links":{"self":[{"href":"https:\/\/gevelridder.nl\/pt-pt\/wp-json\/wp\/v2\/product\/141211","targetHints":{"allow":["GET"]}}],"collection":[{"href":"https:\/\/gevelridder.nl\/pt-pt\/wp-json\/wp\/v2\/product"}],"about":[{"href":"https:\/\/gevelridder.nl\/pt-pt\/wp-json\/wp\/v2\/types\/product"}],"wp:attachment":[{"href":"https:\/\/gevelridder.nl\/pt-pt\/wp-json\/wp\/v2\/media?parent=141211"}],"wp:term":[{"taxonomy":"product_brand","embeddable":true,"href":"https:\/\/gevelridder.nl\/pt-pt\/wp-json\/wp\/v2\/product_brand?post=141211"},{"taxonomy":"product_cat","embeddable":true,"href":"https:\/\/gevelridder.nl\/pt-pt\/wp-json\/wp\/v2\/product_cat?post=141211"},{"taxonomy":"product_tag","embeddable":true,"href":"https:\/\/gevelridder.nl\/pt-pt\/wp-json\/wp\/v2\/product_tag?post=141211"}],"curies":[{"name":"wp","href":"https:\/\/api.w.org\/{rel}","templated":true}]}}