
{"id":141210,"date":"2026-03-24T11:43:39","date_gmt":"2026-03-24T11:43:39","guid":{"rendered":"https:\/\/gevelridder.nl\/product\/carry-roll-o-auxiliar-de-elevacao-inteligente-para-vidro-e-paineis\/"},"modified":"2026-05-08T12:30:42","modified_gmt":"2026-05-08T12:30:42","slug":"carry-roll-o-auxiliar-de-elevacao-inteligente-para-vidro-e-paineis","status":"publish","type":"product","link":"https:\/\/gevelridder.nl\/pt-pt\/produto\/carry-roll-o-auxiliar-de-elevacao-inteligente-para-vidro-e-paineis\/","title":{"rendered":"Carry &#038; Roll &#8211; O auxiliar de eleva\u00e7\u00e3o inteligente para vidro e pain\u00e9is"},"content":{"rendered":"\n<p><strong>Carry &amp; Roll &#8211; O auxiliar de eleva\u00e7\u00e3o inteligente para vidro e pain\u00e9is<\/strong><\/p>\n\n<p>Procura um carrinho para vidro ou pain\u00e9is que seja f\u00e1cil de utilizar em espa\u00e7os apertados ou complicados? O <strong>Carry &amp; Roll<\/strong> \u00e9 a solu\u00e7\u00e3o inovadora para o transporte <strong>e<\/strong> eleva\u00e7\u00e3o seguros de materiais de vidro e pain\u00e9is &#8211; mesmo em escadas ou passagens estreitas. <\/p>\n\n<p>Este auxiliar de eleva\u00e7\u00e3o artesanal <strong>em a\u00e7o inoxid\u00e1vel<\/strong> foi especificamente concebido para os profissionais do sector do vidro e da constru\u00e7\u00e3o. Gra\u00e7as \u00e0 combina\u00e7\u00e3o de a\u00e7o inoxid\u00e1vel dur\u00e1vel e tecido de prote\u00e7\u00e3o do vidro de alta qualidade, o Carry &amp; Roll oferece uma excelente estabilidade e prote\u00e7\u00e3o da superf\u00edcie. Na parte superior, dois <strong>espa\u00e7adores de borracha<\/strong> evitam que o vidro seja danificado durante o transporte ou quando pousado por breves instantes.  <\/p>\n\n<p>O que torna o Carry &amp; Roll \u00fanico \u00e9 o seu <strong>tren\u00f3<\/strong> inteligente com uma mola de press\u00e3o bloque\u00e1vel. Isto permite-te colocar o tren\u00f3 em v\u00e1rias posi\u00e7\u00f5es, para que possas facilmente subir ou descer alguns degraus e continuar a rolar sem te levantares ou arrastares. <\/p>\n\n<hr class=\"wp-block-separator has-alpha-channel-opacity\"\/>\n\n<p><strong>Principais benef\u00edcios:<\/strong><\/p>\n\n<ul class=\"wp-block-list\">\n<li>Ideal para levantar e mover pain\u00e9is de vidro, madeira, Trespa ou pl\u00e1stico<\/li>\n\n\n\n<li>M\u00f3vel e f\u00e1cil de subir escadas &#8211; levanta alguns degraus, depois rola<\/li>\n\n\n\n<li>Design compacto e robusto em a\u00e7o inoxid\u00e1vel &#8211; feito para uso di\u00e1rio<\/li>\n\n\n\n<li>Forrado com tecido protetor especial para proteger materiais delicados<\/li>\n\n\n\n<li>Espa\u00e7adores de borracha para evitar riscos no vidro<\/li>\n\n\n\n<li>Tren\u00f3 flex\u00edvel e bloque\u00e1vel &#8211; ajust\u00e1vel a qualquer situa\u00e7\u00e3o<\/li>\n<\/ul>\n","protected":false},"excerpt":{"rendered":"<p class=\"\" data-start=\"1801\" data-end=\"2186\"><strong data-start=\"1801\" data-end=\"1991\">O Carry &#038; Roll \u00e9 um auxiliar de eleva\u00e7\u00e3o inteligente, feito \u00e0 m\u00e3o, em a\u00e7o inoxid\u00e1vel, concebido para o manuseamento seguro e eficiente de materiais de vidro e pain\u00e9is &#8211; mesmo em escadas ou em espa\u00e7os estreitos.<\/strong><br data-start=\"1991\" data-end=\"1994\"\/>Gra\u00e7as ao seu tecido de prote\u00e7\u00e3o do vidro, aos espa\u00e7adores de borracha e ao tren\u00f3 de corte com mecanismo de bloqueio, esta ferramenta compacta \u00e9 ideal para profissionais dos sectores do vidro e da constru\u00e7\u00e3o.<\/p>\n<p class=\"\" data-start=\"2188\" data-end=\"2344\">\u2714 Pre\u00e7o por conjunto<br data-start=\"2203\" data-end=\"2206\"\/>\u2714 Totalmente fabricado em a\u00e7o inoxid\u00e1vel<br data-start=\"2239\" data-end=\"2242\"\/>\u2714 Constru\u00eddo para durabilidade e utiliza\u00e7\u00e3o di\u00e1ria pesada<br data-start=\"2284\" data-end=\"2287\"\/>\u2714 Altura: 75 cm<br data-start=\"2302\" data-end=\"2305\"\/>\u2714 Largura: 30 cm<br data-start=\"2319\" data-end=\"2322\"\/>\u2714 Largura do canal: 45 mm<\/p>\n","protected":false},"featured_media":0,"template":"","meta":{"_acf_changed":false,"_seopress_robots_primary_cat":"none","_seopress_titles_title":"","_seopress_titles_desc":"","_seopress_robots_index":""},"product_brand":[],"product_cat":[2716,2714,2709,2715],"product_tag":[2773,2772,2774,2727,2734,2836,2828,2837,2834,2826,2769,2710,2775,2843,2724,2768,2771],"class_list":{"0":"post-141210","1":"product","2":"type-product","3":"status-publish","5":"product_cat-auxilios-ao-transporte","6":"product_cat-carrinhos","7":"product_cat-carrinhos-de-fachada","8":"product_cat-carros-de-transporte-de-vidro","9":"product_tag-allterraindolly","10":"product_tag-caixilho-da-janela","11":"product_tag-carrinho","12":"product_tag-carrinho-com-estrutura","13":"product_tag-carrinho-de-pratos","14":"product_tag-carrinho-de-pratos-glaskar","15":"product_tag-carrinho-de-vidro","16":"product_tag-colocacao-do-vidro-2","17":"product_tag-comerciantes","18":"product_tag-elevador-de-vidro","19":"product_tag-glaser","20":"product_tag-glaskar","21":"product_tag-porta-janelas","22":"product_tag-transportarroll","23":"product_tag-transporte-de-vidro","24":"product_tag-transporte-de-vidro-2","25":"product_tag-vidraceiro","26":"product_shipping_class-25-euros","28":"first","29":"instock","30":"taxable","31":"shipping-taxable","32":"purchasable","33":"product-type-simple"},"acf":[],"_links":{"self":[{"href":"https:\/\/gevelridder.nl\/pt-pt\/wp-json\/wp\/v2\/product\/141210","targetHints":{"allow":["GET"]}}],"collection":[{"href":"https:\/\/gevelridder.nl\/pt-pt\/wp-json\/wp\/v2\/product"}],"about":[{"href":"https:\/\/gevelridder.nl\/pt-pt\/wp-json\/wp\/v2\/types\/product"}],"wp:attachment":[{"href":"https:\/\/gevelridder.nl\/pt-pt\/wp-json\/wp\/v2\/media?parent=141210"}],"wp:term":[{"taxonomy":"product_brand","embeddable":true,"href":"https:\/\/gevelridder.nl\/pt-pt\/wp-json\/wp\/v2\/product_brand?post=141210"},{"taxonomy":"product_cat","embeddable":true,"href":"https:\/\/gevelridder.nl\/pt-pt\/wp-json\/wp\/v2\/product_cat?post=141210"},{"taxonomy":"product_tag","embeddable":true,"href":"https:\/\/gevelridder.nl\/pt-pt\/wp-json\/wp\/v2\/product_tag?post=141210"}],"curies":[{"name":"wp","href":"https:\/\/api.w.org\/{rel}","templated":true}]}}