
{"id":141208,"date":"2026-03-24T11:44:49","date_gmt":"2026-03-24T11:44:49","guid":{"rendered":"https:\/\/gevelridder.nl\/product\/carrinho-para-ladrilhos-80x80-cm-carrinho-para-ladrilhos-em-aluminio-leve-para-ladrilhadores\/"},"modified":"2026-05-08T12:31:05","modified_gmt":"2026-05-08T12:31:05","slug":"carrinho-para-ladrilhos-80x80-cm-carrinho-para-ladrilhos-em-aluminio-leve-para-ladrilhadores","status":"publish","type":"product","link":"https:\/\/gevelridder.nl\/pt-pt\/produto\/carrinho-para-ladrilhos-80x80-cm-carrinho-para-ladrilhos-em-aluminio-leve-para-ladrilhadores\/","title":{"rendered":"Carrinho para ladrilhos 80\u00d780 cm | Carrinho para ladrilhos em alum\u00ednio leve para ladrilhadores"},"content":{"rendered":"\n<p>O <strong>carrinho para ladrilhos 80\u00d780 cm<\/strong> \u00e9 uma solu\u00e7\u00e3o pr\u00e1tica e leve para o transporte di\u00e1rio de ladrilhos <strong>, ladrilhos de grande formato e placas de cer\u00e2mica<\/strong> em estaleiros de constru\u00e7\u00e3o. Concebido para os ladrilhadores profissionais, este carrinho combina <strong>estabilidade, ergonomia e facilidade de utiliza\u00e7\u00e3o<\/strong> numa ferramenta duradoura. Gra\u00e7as \u00e0 sua constru\u00e7\u00e3o em alum\u00ednio, o carrinho pesa apenas <strong>14 kg<\/strong>, o que o torna f\u00e1cil de manobrar e suficientemente forte para uma utiliza\u00e7\u00e3o profissional intensiva.  <\/p>\n\n<p>Com uma largura total de <strong>55 cm<\/strong>, o carrinho para ladrilhos oferece uma excelente estabilidade, mesmo quando est\u00e1 totalmente carregado. A superf\u00edcie de carga de <strong>80 x 80 cm<\/strong> \u00e9 ideal para o transporte de ladrilhos, azulejos e materiais cer\u00e2micos de grande formato. O encosto \u00e9 ligeiramente inclinado em compara\u00e7\u00e3o com um carrinho de vidro, permitindo que os azulejos se inclinem naturalmente e permane\u00e7am est\u00e1veis durante o transporte. Isto reduz o risco de os azulejos tombarem ou ficarem danificados.   <\/p>\n\n<p>Uma importante carater\u00edstica opcional deste carrinho de ladrilhos \u00e9 o <strong>suporte de apoio de flutua\u00e7\u00e3o de manteiga<\/strong>. A flutua\u00e7\u00e3o de manteiga, tamb\u00e9m conhecida como <strong>&#8220;buttering&#8221; e &#8220;floating<\/strong>&#8220;, \u00e9 uma t\u00e9cnica de coloca\u00e7\u00e3o de azulejos em que o adesivo para azulejos \u00e9 aplicado tanto no substrato como na parte de tr\u00e1s do azulejo. Este m\u00e9todo assegura a m\u00e1xima ader\u00eancia, evita espa\u00e7os ocos por baixo do azulejo e reduz significativamente o risco de fissuras ou de azulejos soltos. A aplica\u00e7\u00e3o de cola \u00e9 especialmente importante quando se trabalha com <strong>azulejos de grande formato<\/strong>, placas de porcelana e azulejos rectificados.   <\/p>\n\n<p>Com o suporte opcional montado no carrinho, os azulejos podem ser untados a uma altura de trabalho confort\u00e1vel. Isto melhora o fluxo de trabalho, poupa tempo e reduz o esfor\u00e7o f\u00edsico nas costas, ombros e joelhos. Ao minimizar o levantamento de pesos e as posturas inc\u00f3modas, o carrinho para ladrilhos apoia <strong>as condi\u00e7\u00f5es de trabalho ergon\u00f3micas<\/strong> e ajuda a evitar queixas f\u00edsicas a longo prazo.  <\/p>\n\n<p>O carrinho para ladrilhos tamb\u00e9m est\u00e1 equipado com uma <strong>pega de empurrar dobrada<\/strong>, permitindo um movimento suave e controlado no local de trabalho. O forro de feltro preto protege os bordos e as superf\u00edcies dos azulejos durante o transporte. Dur\u00e1vel, leve e concebido a pensar no trabalho real de ladrilhador, este carrinho de ladrilhador \u00e9 uma ferramenta essencial para todos os ladrilhadores profissionais que valorizam a efici\u00eancia, a seguran\u00e7a e o conforto.  <\/p>\n","protected":false},"excerpt":{"rendered":"<p>Este <strong data-start=\"620\" data-end=\"648\">carrinho de azulejos leve<\/strong> foi concebido para o transporte seguro e ergon\u00f3mico de <strong data-start=\"701\" data-end=\"748\">azulejos, azulejos de grande formato e placas de cer\u00e2mica<\/strong>. A constru\u00e7\u00e3o em alum\u00ednio pesa apenas <strong data-start=\"789\" data-end=\"798\">14 kg<\/strong> e oferece uma excelente estabilidade gra\u00e7as \u00e0 sua <strong data-start=\"844\" data-end=\"859\">largura de 55 cm<\/strong>. O encosto ligeiramente inclinado mant\u00e9m os azulejos empilhados de forma segura durante o transporte. Um suporte opcional permite a <strong data-start=\"964\" data-end=\"983\">flutua\u00e7\u00e3o da manteiga<\/strong>, permitindo que os azulejos sejam untados a uma altura de trabalho confort\u00e1vel. Uma solu\u00e7\u00e3o dur\u00e1vel e pr\u00e1tica para os ladrilhadores profissionais.    <\/p>\n<p><strong>Peso leve, f\u00e1cil de transportar.<\/strong><\/p>\n<p><strong>L=80 cm, A=80 cm, L=55 cm.<\/strong><\/p>\n<p><strong>\u2714 <\/strong><strong>Largura da prateleira 18 cm (espa\u00e7o para a roda 19,5 cm).<\/strong><\/p>\n<p><strong>\u2714<\/strong> <strong>WLL250 kg.<\/strong><\/p>\n<p><strong>Peso pr\u00f3prio 12 kg.<\/strong><\/p>\n<p><strong>\u2714<\/strong><strong> Pneus pneum\u00e1ticos (bom amortecimento).<\/strong><\/p>\n<p><strong>\u2714<\/strong><strong> N\u00e3o fica preso na areia e no cascalho<\/strong><strong>.<\/strong><\/p>\n<p><strong>\u2714<\/strong><strong> Para-choques de seguran\u00e7a contra o tombamento do carrinho.<\/strong><\/p>\n<p><strong>x<\/strong> <strong>Excluindo os grampos de tens\u00e3o<\/strong><\/p>\n<p><strong>A bra\u00e7adeira deve ser encomendada separadamente:<\/strong><\/p>\n<ul>\n<li><a href=\"https:\/\/gevelridder.nl\/pt-pt\/produto\/bracadeira-de-tensao-para-glaskar-2-0-alu\/\">Bra\u00e7adeira de tens\u00e3o Alu (ponta)<\/a><\/li>\n<li><a href=\"https:\/\/gevelridder.nl\/pt-pt\/produto\/bracadeira-de-tensao-para-aco-glaskar-1-0\/\">Bra\u00e7adeira de tens\u00e3o em a\u00e7o<\/a><\/li>\n<li><a href=\"https:\/\/gevelridder.nl\/pt-pt\/produto\/spanlance-para-o-carrinho-de-pratos\/\">Lan\u00e7a de alcance<\/a><\/li>\n<li style=\"list-style-type: none;\">\n<ul>\n<li style=\"list-style-type: none;\">\n<\/ul>\n<\/li>\n<\/ul>\n","protected":false},"featured_media":0,"template":"","meta":{"_acf_changed":false,"_seopress_robots_primary_cat":"none","_seopress_titles_title":"","_seopress_titles_desc":"","_seopress_robots_index":""},"product_brand":[],"product_cat":[2709,2715],"product_tag":[2773,2772,2774,2727,2734,2836,2828,2837,2834,2826,2769,2710,2775,2724,2768,2771],"class_list":{"0":"post-141208","1":"product","2":"type-product","3":"status-publish","5":"product_cat-carrinhos-de-fachada","6":"product_cat-carros-de-transporte-de-vidro","7":"product_tag-allterraindolly","8":"product_tag-caixilho-da-janela","9":"product_tag-carrinho","10":"product_tag-carrinho-com-estrutura","11":"product_tag-carrinho-de-pratos","12":"product_tag-carrinho-de-pratos-glaskar","13":"product_tag-carrinho-de-vidro","14":"product_tag-colocacao-do-vidro-2","15":"product_tag-comerciantes","16":"product_tag-elevador-de-vidro","17":"product_tag-glaser","18":"product_tag-glaskar","19":"product_tag-porta-janelas","20":"product_tag-transporte-de-vidro","21":"product_tag-transporte-de-vidro-2","22":"product_tag-vidraceiro","23":"product_shipping_class-kar-klein","25":"first","26":"instock","27":"taxable","28":"shipping-taxable","29":"purchasable","30":"product-type-simple"},"acf":[],"_links":{"self":[{"href":"https:\/\/gevelridder.nl\/pt-pt\/wp-json\/wp\/v2\/product\/141208","targetHints":{"allow":["GET"]}}],"collection":[{"href":"https:\/\/gevelridder.nl\/pt-pt\/wp-json\/wp\/v2\/product"}],"about":[{"href":"https:\/\/gevelridder.nl\/pt-pt\/wp-json\/wp\/v2\/types\/product"}],"wp:attachment":[{"href":"https:\/\/gevelridder.nl\/pt-pt\/wp-json\/wp\/v2\/media?parent=141208"}],"wp:term":[{"taxonomy":"product_brand","embeddable":true,"href":"https:\/\/gevelridder.nl\/pt-pt\/wp-json\/wp\/v2\/product_brand?post=141208"},{"taxonomy":"product_cat","embeddable":true,"href":"https:\/\/gevelridder.nl\/pt-pt\/wp-json\/wp\/v2\/product_cat?post=141208"},{"taxonomy":"product_tag","embeddable":true,"href":"https:\/\/gevelridder.nl\/pt-pt\/wp-json\/wp\/v2\/product_tag?post=141208"}],"curies":[{"name":"wp","href":"https:\/\/api.w.org\/{rel}","templated":true}]}}