
{"id":141207,"date":"2026-03-24T11:37:16","date_gmt":"2026-03-24T11:37:16","guid":{"rendered":"https:\/\/gevelridder.nl\/product\/carro-de-montagem-giratorio-250\/"},"modified":"2026-05-08T12:30:45","modified_gmt":"2026-05-08T12:30:45","slug":"carro-de-montagem-giratorio-250","status":"publish","type":"product","link":"https:\/\/gevelridder.nl\/pt-pt\/produto\/carro-de-montagem-giratorio-250\/","title":{"rendered":"Carro de montagem girat\u00f3rio 250"},"content":{"rendered":"\n<h2 class=\"wp-block-heading\"><strong>Carrinho de montagem girat\u00f3rio 250 Carrinho de placas: Formato ideal, conveni\u00eancia ideal<\/strong><\/h2>\n\n<p>O carrinho de montagem Zwenk 250 Carrinho de placas: Se alguma vez procuraste um carrinho de placas ou de vidro fi\u00e1vel, sabes que nem todos os carrinhos s\u00e3o iguais. Felizmente, a Facade Knight (Gevelridder) apresenta o carrinho de placas para vidro Zwenk 250 que oferece tudo o que precisas para transportar e armazenar vidro e placas. Um equil\u00edbrio perfeito entre forma e fun\u00e7\u00e3o, este carrinho foi concebido para facilitar a tua vida. <strong>Versatilidade e facilidade de utiliza\u00e7\u00e3o<\/strong>: Gra\u00e7as ao design inovador do carrinho de vidro Glaskridder, tens a garantia de comodidade mesmo nos espa\u00e7os mais apertados. Pesando apenas cerca de 14 kg, este carrinho de pratos \u00e9 excecionalmente leve e port\u00e1til. Quer estejas a transportar tampos de mesa, bancadas ou obras de arte valiosas, tens a garantia de um transporte seguro com o Gevelridder. <strong>Especifica\u00e7\u00f5es das carater\u00edsticas<\/strong>: O que distingue o nosso carrinho de pratos Zwenk 250 Glaskar dos restantes? A barra de empurrar de dupla face, ajust\u00e1vel em tr\u00eas posi\u00e7\u00f5es, as p\u00e1s Carve para uma manobrabilidade suave e os rod\u00edzios com trav\u00e3o de p\u00e9. Al\u00e9m disso, o acolchoamento exclusivo de gr\u00e3o fino proporciona ader\u00eancia e prote\u00e7\u00e3o contra riscos. <strong>Carater\u00edsticas adicionais<\/strong>: Este carrinho de discos vai para al\u00e9m do transporte. O carrinho tem uma pr\u00e1tica faixa de suspens\u00e3o para ferramentas el\u00e9ctricas e um tabuleiro de ferramentas para materiais essenciais. Com a possibilidade de fixar clipes, tamb\u00e9m podes pendurar convenientemente as pilhas. <strong>Porqu\u00ea escolher o Facade Knight (Gevelridder)<\/strong>: Cada carrinho de chapa Zwenk 250 Glaskar \u00e9 soldado e revestido \u00e0 m\u00e3o, garantindo que tens nas tuas m\u00e3os um produto de qualidade superior. Quando se trata de durabilidade e de trabalho artesanal, Facade Knight (Gevelridder) \u00e9 o nome em que podes confiar. <strong>Vis\u00e3o geral das carater\u00edsticas<\/strong>:         <\/p>\n\n<ul class=\"wp-block-list\">\n<li>Leve (apenas 12 kg)<\/li>\n\n\n\n<li>Barra de empurrar ajust\u00e1vel de dupla face<\/li>\n\n\n\n<li>Esculpe as p\u00e1s para maior manobrabilidade<\/li>\n\n\n\n<li>Rodas com trav\u00e3o de p\u00e9<\/li>\n\n\n\n<li>Cobertura fina de p\u00f3 para ader\u00eancia e prote\u00e7\u00e3o<\/li>\n\n\n\n<li>Fita de suspens\u00e3o para ferramentas el\u00e9ctricas<\/li>\n\n\n\n<li>Tabuleiro de ferramentas para os artigos essenciais<\/li>\n\n\n\n<li>Posi\u00e7\u00e3o de estacionamento conveniente para o grampo de tens\u00e3o<\/li>\n\n\n\n<li>Na tira est\u00e3o os orif\u00edcios padr\u00e3o para duas pin\u00e7as para a Markita 18V LXT<\/li>\n<\/ul>\n\n<p>Conclus\u00e3o: Para quem procura o melhor carrinho de lajes ou de vidro, o Facade Knight (Gevelridder) oferece uma solu\u00e7\u00e3o inigual\u00e1vel. Com as suas carater\u00edsticas \u00fanicas e constru\u00e7\u00e3o de alta qualidade, este carrinho \u00e9 perfeito para qualquer trabalho, grande ou pequeno. Investe na qualidade, investe no Gevelridder.  <\/p>\n","protected":false},"excerpt":{"rendered":"<p><strong>\u2714<\/strong> <strong>Ideal para trabalhos de interior, manuten\u00e7\u00e3o e repara\u00e7\u00e3o.<\/strong><strong>\u2714<\/strong><strong> As tuas ferramentas sempre \u00e0 m\u00e3o.<\/strong><\/p>\n<p><strong>\u2714<\/strong><strong> Rodas girat\u00f3rias com trav\u00e3o de p\u00e9. <\/strong><strong>\u2714<\/strong><strong> Peso leve, muito manobr\u00e1vel.<\/strong><strong>\u2714<\/strong><strong> L=100 cm, H=100 cm, W=60 cm<\/strong><\/p>\n<p><strong>\u2714<\/strong><strong> Largura da prateleira 18 cm.<\/strong> <strong>\u2714<\/strong><strong> Peso l\u00edquido de 250 kg. <\/strong><strong>\u2714<\/strong><\/p>\n<p><strong>Pesa 14 kg.<\/strong><strong>\u2714<\/strong><strong> Para-choques de seguran\u00e7a contra o capotamento do carrinho.<\/strong><strong>x<\/strong> <strong>N\u00e3o inclui os grampos de tens\u00e3o e as ferramentas.<\/strong> <strong>Os grampos devem ser encomendados separadamente:<\/strong><\/p>\n<ul>\n<li><a href=\"https:\/\/gevelridder.nl\/product\/spanklem-2-0-alu\/\">Bra\u00e7adeira de tens\u00e3o Alu (ponta)<\/a><\/li>\n<li><a href=\"https:\/\/gevelridder.nl\/product\/spanklem\/\">Bra\u00e7adeira de tens\u00e3o em a\u00e7o<\/a><\/li>\n<li><a href=\"https:\/\/gevelridder.nl\/pt-pt\/produto\/spanlance-para-o-carrinho-de-pratos\/\">Lan\u00e7a de alcance<\/a><\/li>\n<\/ul>\n","protected":false},"featured_media":0,"template":"","meta":{"_acf_changed":false,"_seopress_robots_primary_cat":"none","_seopress_titles_title":"","_seopress_titles_desc":"","_seopress_robots_index":""},"product_brand":[],"product_cat":[2714,2709,2715],"product_tag":[2773,2772,2774,2727,2734,2836,2828,2834,2826,2769,2710,2841,2775,2768,2842,2771],"class_list":{"0":"post-141207","1":"product","2":"type-product","3":"status-publish","5":"product_cat-carrinhos","6":"product_cat-carrinhos-de-fachada","7":"product_cat-carros-de-transporte-de-vidro","8":"product_tag-allterraindolly","9":"product_tag-caixilho-da-janela","10":"product_tag-carrinho","11":"product_tag-carrinho-com-estrutura","12":"product_tag-carrinho-de-pratos","13":"product_tag-carrinho-de-pratos-glaskar","14":"product_tag-carrinho-de-vidro","15":"product_tag-comerciantes","16":"product_tag-elevador-de-vidro","17":"product_tag-glaser","18":"product_tag-glaskar","19":"product_tag-mao-de-transporte-de-vidro-2","20":"product_tag-porta-janelas","21":"product_tag-transporte-de-vidro-2","22":"product_tag-transporte-do-cilindro","23":"product_tag-vidraceiro","24":"product_shipping_class-kar-groot","26":"first","27":"instock","28":"taxable","29":"shipping-taxable","30":"purchasable","31":"product-type-simple"},"acf":[],"_links":{"self":[{"href":"https:\/\/gevelridder.nl\/pt-pt\/wp-json\/wp\/v2\/product\/141207","targetHints":{"allow":["GET"]}}],"collection":[{"href":"https:\/\/gevelridder.nl\/pt-pt\/wp-json\/wp\/v2\/product"}],"about":[{"href":"https:\/\/gevelridder.nl\/pt-pt\/wp-json\/wp\/v2\/types\/product"}],"wp:attachment":[{"href":"https:\/\/gevelridder.nl\/pt-pt\/wp-json\/wp\/v2\/media?parent=141207"}],"wp:term":[{"taxonomy":"product_brand","embeddable":true,"href":"https:\/\/gevelridder.nl\/pt-pt\/wp-json\/wp\/v2\/product_brand?post=141207"},{"taxonomy":"product_cat","embeddable":true,"href":"https:\/\/gevelridder.nl\/pt-pt\/wp-json\/wp\/v2\/product_cat?post=141207"},{"taxonomy":"product_tag","embeddable":true,"href":"https:\/\/gevelridder.nl\/pt-pt\/wp-json\/wp\/v2\/product_tag?post=141207"}],"curies":[{"name":"wp","href":"https:\/\/api.w.org\/{rel}","templated":true}]}}