
{"id":141204,"date":"2026-03-24T08:17:09","date_gmt":"2026-03-24T08:17:09","guid":{"rendered":"https:\/\/gevelridder.nl\/product\/carrinho-de-vidro-e-carrinho-de-pratos-150kg-2-0\/"},"modified":"2026-05-08T12:30:45","modified_gmt":"2026-05-08T12:30:45","slug":"carrinho-de-vidro-e-carrinho-de-pratos-150kg-2-0","status":"publish","type":"product","link":"https:\/\/gevelridder.nl\/pt-pt\/produto\/carrinho-de-vidro-e-carrinho-de-pratos-150kg-2-0\/","title":{"rendered":"Carrinho de vidro e carrinho de pratos 150kg 2.0"},"content":{"rendered":"\n<h2 class=\"wp-block-heading\"><strong>Carrinho de vidro e carrinho de discos<\/strong><\/h2>\n\n<h3 class=\"wp-block-heading\">Carrinho de discos bonito<\/h3>\n\n<p>Depois de te habituares a este pr\u00e1tico carrinho de vidro leve, n\u00e3o vais querer viver sem ele. O carrinho Gable 100\u00d7100 cm com uma prateleira de carga de 18 cm \u00e9 adequado para 150 kg. O pr\u00e1tico carrinho tem 2 tubos montados na parte inferior, dando-te a op\u00e7\u00e3o de usar grampos de tens\u00e3o. O reboque de eixo \u00fanico \u00e9 feito inteiramente de alum\u00ednio leve e pesa apenas 10 kg.   <\/p>\n\n<h3 class=\"wp-block-heading\">Rodas Glaskar montadas em rolamentos<\/h3>\n\n<p>O carrinho de vidro tem eixos com pneus pneum\u00e1ticos, uma escolha consciente da nossa parte. Os pneus oferecem um maior amortecimento e s\u00e3o, por isso, mais f\u00e1ceis de conduzir sobre um solavanco. Tamb\u00e9m vendemos este carrinho de pratos com pneus s\u00f3lidos separados, que s\u00e3o mais frequentemente utilizados em oficinas. Este carrinho de pratos e copos \u00e9 fabricado com muito carinho nos Pa\u00edses Baixos, facto de que nos orgulhamos. O pre\u00e7o n\u00e3o inclui a pin\u00e7a ou a lan\u00e7a tensora. Encomenda-os separadamente. As <a href=\"https:\/\/gevelridder.nl\/de\/produkt\/neu-spannklemme-fuer-glaskar-2-0-alu\/\">pin\u00e7as<\/a> evitam que o vidro caia para a frente. Naturalmente, n\u00e3o deixes o carrinho sozinho no exterior quando est\u00e1 carregado, porque o vento pode derrub\u00e1-lo. O tabuleiro de carga tem 18 cm de largura e \u00e9 lindamente forrado \u00e0 m\u00e3o.        <\/p>\n\n<h3 class=\"wp-block-heading\">Vareta de empurrar Glaskar<\/h3>\n\n<p>O carrinho est\u00e1 equipado com uma barra de empurrar ajust\u00e1vel que podes utilizar em ambos os lados do carrinho. Tamb\u00e9m temos o carrinho numa vers\u00e3o de 250 kg com um eixo duplo: <a href=\"https:\/\/gevelridder.nl\/product\/glaskar-250-platenwagen\/\">Carrinho de empenas 250kg &#8211; Cavaleiro de fachada (Gevelridder)<\/a>. O nosso chamado 4\u00d74 tem a vantagem de a placa de carga estar sempre na horizontal, o que facilita a passagem de um ve\u00edculo de eixo duplo sobre uma soleira. Em contrapartida, o ve\u00edculo de um eixo \u00e9 ligeiramente mais manobr\u00e1vel.   <\/p>\n\n<h3 class=\"wp-block-heading\">Stress f\u00edsico e seguran\u00e7a<\/h3>\n\n<p>Os trabalhadores que levantam ou transportam objectos ou pessoas quase diariamente correm um risco elevado de les\u00f5es (permanentes) nas costas. Por conseguinte, \u00e9 importante limitar ao m\u00e1ximo este tipo de esfor\u00e7o f\u00edsico ou realiz\u00e1-lo de forma respons\u00e1vel. As entidades patronais s\u00e3o obrigadas a tomar medidas para garantir que levantar ou transportar objectos n\u00e3o representa riscos para a sa\u00fade. Se quiseres saber mais sobre eleva\u00e7\u00e3o e transporte, consulta o s\u00edtio Web sobre condi\u00e7\u00f5es de trabalho.   <\/p>\n","protected":false},"excerpt":{"rendered":"<p>O carrinho para empenas com uma capacidade de carga de 150 kg \u00e9 uma solu\u00e7\u00e3o pr\u00e1tica e leve para o transporte de vidro e chapas. Na vers\u00e3o 2.0, \u00e9 agora mais f\u00e1cil estacionar os grampos tensores na parte de tr\u00e1s da estrutura. Com pneus pneum\u00e1ticos para um melhor amortecimento e manobrabilidade, este carro para chapas \u00e9 ideal para ser utilizado em situa\u00e7\u00f5es em que o espa\u00e7o \u00e9 limitado. Por exemplo, em elevadores, em galerias de apartamentos e em oficinas, por exemplo. A barra de empurrar ajust\u00e1vel em ambos os lados facilita a manobra. Oferecemos tamb\u00e9m uma <a href=\"https:\/\/gevelridder.nl\/product\/glaskar-250-platenwagen\/\">vers\u00e3o de 250 kg<\/a> com eixos duplos para uma capacidade de carga ainda maior. A seguran\u00e7a est\u00e1 em primeiro lugar e a utiliza\u00e7\u00e3o de grampos evita a queda do vidro. O pre\u00e7o n\u00e3o inclui os grampos de tens\u00e3o, para os quais oferecemos tr\u00eas tipos diferentes:       <\/p>\n<ul>\n<li><a href=\"https:\/\/gevelridder.nl\/product\/spanklem-2-0-alu\/\">Bra\u00e7adeira de tens\u00e3o Alu<\/a> (mais vendida)<\/li>\n<li><a href=\"https:\/\/gevelridder.nl\/product\/spanklem\/\">bra\u00e7adeira de a\u00e7o<\/a> (mais cara e mais pesada)<\/li>\n<li><a href=\"https:\/\/gevelridder.nl\/pt-pt\/produto\/spanlance-para-o-carrinho-de-pratos\/\">lan\u00e7a de tens\u00e3o<\/a> (para vidros mais pequenos).<\/li>\n<\/ul>\n","protected":false},"featured_media":0,"template":"","meta":{"_acf_changed":false,"_seopress_robots_primary_cat":"none","_seopress_titles_title":"","_seopress_titles_desc":"","_seopress_robots_index":""},"product_brand":[],"product_cat":[2709,2715],"product_tag":[2773,2774,2828,2834,2835,2826,2747,2769,2710,2832,2775,2830,2771],"class_list":{"0":"post-141204","1":"product","2":"type-product","3":"status-publish","5":"product_cat-carrinhos-de-fachada","6":"product_cat-carros-de-transporte-de-vidro","7":"product_tag-allterraindolly","8":"product_tag-carrinho","9":"product_tag-carrinho-de-vidro","10":"product_tag-comerciantes","11":"product_tag-elevador-de-aluminio","12":"product_tag-elevador-de-vidro","13":"product_tag-gevelridderkar","14":"product_tag-glaser","15":"product_tag-glaskar","16":"product_tag-miroiterapia","17":"product_tag-porta-janelas","18":"product_tag-vida-de-vidraceiro","19":"product_tag-vidraceiro","20":"product_shipping_class-kar-klein","22":"first","23":"instock","24":"taxable","25":"shipping-taxable","26":"purchasable","27":"product-type-simple"},"acf":[],"_links":{"self":[{"href":"https:\/\/gevelridder.nl\/pt-pt\/wp-json\/wp\/v2\/product\/141204","targetHints":{"allow":["GET"]}}],"collection":[{"href":"https:\/\/gevelridder.nl\/pt-pt\/wp-json\/wp\/v2\/product"}],"about":[{"href":"https:\/\/gevelridder.nl\/pt-pt\/wp-json\/wp\/v2\/types\/product"}],"wp:attachment":[{"href":"https:\/\/gevelridder.nl\/pt-pt\/wp-json\/wp\/v2\/media?parent=141204"}],"wp:term":[{"taxonomy":"product_brand","embeddable":true,"href":"https:\/\/gevelridder.nl\/pt-pt\/wp-json\/wp\/v2\/product_brand?post=141204"},{"taxonomy":"product_cat","embeddable":true,"href":"https:\/\/gevelridder.nl\/pt-pt\/wp-json\/wp\/v2\/product_cat?post=141204"},{"taxonomy":"product_tag","embeddable":true,"href":"https:\/\/gevelridder.nl\/pt-pt\/wp-json\/wp\/v2\/product_tag?post=141204"}],"curies":[{"name":"wp","href":"https:\/\/api.w.org\/{rel}","templated":true}]}}