
{"id":141187,"date":"2026-03-24T08:17:08","date_gmt":"2026-03-24T08:17:08","guid":{"rendered":"https:\/\/gevelridder.nl\/product\/malle-jantje\/"},"modified":"2026-05-08T12:22:18","modified_gmt":"2026-05-08T12:22:18","slug":"malle-jantje","status":"publish","type":"product","link":"https:\/\/gevelridder.nl\/pt-pt\/produto\/malle-jantje\/","title":{"rendered":"Malle Jantje"},"content":{"rendered":"\n<h2 class=\"wp-block-heading\">Malle Jantje<\/h2>\n\n<figure class=\"wp-block-image\"><img decoding=\"async\" src=\"https:\/\/gevelridder.nl\/wp-content\/uploads\/2022\/08\/Malle-Jantje.jpg\" alt=\"mallejan\" class=\"wp-image-105861\"\/><\/figure>\n\n<p>O Malle Jantje \u00e9 um pr\u00e1tico carrinho para molduras que todos os profissionais gostam de utilizar. O Malle Jantje transporta molduras, vigas e estores para o trabalho com um sorriso. A dimens\u00e3o do dia \u00e9 de 250 mm, pelo que \u00e9 adequado para caixilhos largos com vidros triplos. O carrinho tem 500 mm de comprimento. Para al\u00e9m deste carrinho, os nossos clientes compram frequentemente <a href=\"https:\/\/gevelridder.nl\/product\/glaskar-250-platenwagen\/\">o carrinho para vidros<\/a> com <a href=\"https:\/\/gevelridder.nl\/de\/product\/klemme-fuer-glaskar-1-0-stahl\/\">pin\u00e7as<\/a>. O carrinho est\u00e1 equipado com feltro preto\/antracite. Para al\u00e9m da carga de trabalho psicossocial, o esfor\u00e7o f\u00edsico continua a ser a principal causa de doen\u00e7as profissionais e de absentismo. Esta \u00e9 uma <a href=\"https:\/\/www.arboportaal.nl\/onderwerpen\/tillen-en-dragen\/documenten\/publicatie\/2018\/07\/01\/factsheet-fysieke-arbeidsbelasting-2018\">ficha informativa<\/a> do TNO com dados de junho de 2018. Por isso, utiliza os auxiliares de eleva\u00e7\u00e3o da Gevelridder.        <\/p>\n\n<h3 class=\"wp-block-heading\">Levantamento e transporte, utiliza Malle Jantje<\/h3>\n\n<p>Levantar \u00e9 pegar e pousar uma carga com as m\u00e3os sem te moveres durante o processo. Se moveres algo enquanto caminhas e levantas, chamamos-lhe carregar. Utiliza estas dicas para evitar problemas de sa\u00fade.  <\/p>\n\n<p>Que queixas podes ter? Levantar e transportar objectos durante o trabalho \u00e9 uma das principais causas de <a href=\"https:\/\/www.fnv.nl\/werk-inkomen\/veilig-gezond-werken\/lichamelijke-belasting\/tillen-en-dragen\">queixas f\u00edsicas<\/a>, como dores nas costas (inferiores), ombros, pesco\u00e7o, joelhos e ancas. Tamb\u00e9m podes ter dores de costas ao levantar objectos dobrado ou com as costas torcidas.  <\/p>\n\n<p>Naquele tempo, havia condutores que n\u00e3o faziam outra coisa sen\u00e3o transportar tudo o que fosse pesado e comprido com uma carro\u00e7a. Utilizava-se principalmente para o transporte de \u00e1rvores. Podia ser para uma serra\u00e7\u00e3o, mas tamb\u00e9m no local da serra\u00e7\u00e3o. E o que dizer de todas as \u00e1rvores que tinham de ser transportadas para os fabricantes de tamancos e para as f\u00e1bricas de tamancos? O mallejan pode ser utilizado em qualquer s\u00edtio! O gabarito \u00e9 conduzido longitudinalmente atrav\u00e9s da \u00e1rvore, de modo a que a extremidade mais grossa fique \u00e0 frente. O truque agora \u00e9 ver na \u00e1rvore onde est\u00e1 o centro de gravidade, de modo a que o centro de gravidade da \u00e1rvore esteja aproximadamente no meio do eixo do mallejan.      <\/p>\n","protected":false},"excerpt":{"rendered":"<div class=\"woocommerce-product-details__short-description\">\n<p>Malle Jantje \u00e9 um carrinho de transporte para caixilhos de janelas, vigas, estores, etc. \u00c9 f\u00e1cil de transportar em espa\u00e7os apertados. A dimens\u00e3o diurna (espa\u00e7o entre os bordos) \u00e9 de 24 cm. Assim, tem espa\u00e7o suficiente para caixilhos de janelas largos.   <\/p>\n<\/div>\n","protected":false},"featured_media":0,"template":"","meta":{"_acf_changed":false,"_seopress_robots_primary_cat":"none","_seopress_titles_title":"","_seopress_titles_desc":"","_seopress_robots_index":""},"product_brand":[],"product_cat":[2716,2714,2709,2715],"product_tag":[2773,2776,2772,2774,2727,2721,2769,2710,2770,2667,2775,2771,2764],"class_list":{"0":"post-141187","1":"product","2":"type-product","3":"status-publish","5":"product_cat-auxilios-ao-transporte","6":"product_cat-carrinhos","7":"product_cat-carrinhos-de-fachada","8":"product_cat-carros-de-transporte-de-vidro","9":"product_tag-allterraindolly","10":"product_tag-bouw","11":"product_tag-caixilho-da-janela","12":"product_tag-carrinho","13":"product_tag-carrinho-com-estrutura","14":"product_tag-carro-de-estrutura","15":"product_tag-glaser","16":"product_tag-glaskar","17":"product_tag-malle-jantje","18":"product_tag-move-te","19":"product_tag-porta-janelas","20":"product_tag-vidraceiro","21":"product_tag-vidro","22":"product_shipping_class-25-euros","24":"first","25":"instock","26":"featured","27":"taxable","28":"shipping-taxable","29":"purchasable","30":"product-type-simple"},"acf":[],"_links":{"self":[{"href":"https:\/\/gevelridder.nl\/pt-pt\/wp-json\/wp\/v2\/product\/141187","targetHints":{"allow":["GET"]}}],"collection":[{"href":"https:\/\/gevelridder.nl\/pt-pt\/wp-json\/wp\/v2\/product"}],"about":[{"href":"https:\/\/gevelridder.nl\/pt-pt\/wp-json\/wp\/v2\/types\/product"}],"wp:attachment":[{"href":"https:\/\/gevelridder.nl\/pt-pt\/wp-json\/wp\/v2\/media?parent=141187"}],"wp:term":[{"taxonomy":"product_brand","embeddable":true,"href":"https:\/\/gevelridder.nl\/pt-pt\/wp-json\/wp\/v2\/product_brand?post=141187"},{"taxonomy":"product_cat","embeddable":true,"href":"https:\/\/gevelridder.nl\/pt-pt\/wp-json\/wp\/v2\/product_cat?post=141187"},{"taxonomy":"product_tag","embeddable":true,"href":"https:\/\/gevelridder.nl\/pt-pt\/wp-json\/wp\/v2\/product_tag?post=141187"}],"curies":[{"name":"wp","href":"https:\/\/api.w.org\/{rel}","templated":true}]}}