
{"id":141185,"date":"2026-03-24T08:17:11","date_gmt":"2026-03-24T08:17:11","guid":{"rendered":"https:\/\/gevelridder.nl\/product\/esculpe-150-kg\/"},"modified":"2026-05-08T12:20:36","modified_gmt":"2026-05-08T12:20:36","slug":"esculpe-150-kg","status":"publish","type":"product","link":"https:\/\/gevelridder.nl\/pt-pt\/produto\/esculpe-150-kg\/","title":{"rendered":"Esculpe 150 kg"},"content":{"rendered":"\n<h2 class=\"wp-block-heading\"><strong>o carrinho de placa, porta e vidro CARVE de 150 kg<\/strong><\/h2>\n\n<h2 class=\"wp-block-heading\">A ferramenta de transporte para pratos, vidros, portas e bancadas de pedra natural e tampos de mesa!<\/h2>\n\n<p>Est\u00e1s \u00e0 procura de uma forma eficiente e fi\u00e1vel de transportar pratos, vidros, portas, mas especialmente bancadas de pedra natural e tampos de mesa, mesmo nos espa\u00e7os mais apertados? Ent\u00e3o temos boas not\u00edcias para ti! <strong>Apresentamos-te os carrinhos de transporte de placas Carve 150 CARVE 250 e CARVE 500 kg<\/strong><br\/>Concebidos a pensar no profissional. Estes carrinhos de transporte de placas combinam for\u00e7a, flexibilidade e estilo para lhe dar a solu\u00e7\u00e3o de transporte perfeita.  <\/p>\n\n<p><strong>Porque \u00e9 que o CARVE deve ser a tua pr\u00f3xima compra:<\/strong><\/p>\n\n<ol class=\"wp-block-list\">\n<li><strong>Manobrabilidade excecional:<\/strong> Com um eixo fixo no centro e rod\u00edzios duplos na frente e atr\u00e1s, o CARVE manobra sem esfor\u00e7o em espa\u00e7os apertados &#8211; ideal para transportar bancadas e tampos de mesa em pedra natural.<\/li>\n\n\n\n<li><strong>Utiliza-o de forma vers\u00e1til:<\/strong> Quer queiras us\u00e1-lo como um tren\u00f3 ou sintas a necessidade de fixar grampos de tens\u00e3o para maior seguran\u00e7a, o CARVE oferece ambas as op\u00e7\u00f5es!<\/li>\n\n\n\n<li><strong>Design elegante e pr\u00e1tico:<\/strong> Os estofos em feltro antracite n\u00e3o s\u00f3 conferem \u00e0 CARVE um aspeto elegante, como tamb\u00e9m protegem os teus materiais de riscos e danos.<\/li>\n\n\n\n<li><strong>Seguran\u00e7a extra:<\/strong> N\u00e3o te preocupes com choques ou riscos gra\u00e7as aos para-choques dianteiro e traseiro almofadados.<\/li>\n\n\n\n<li><strong>Compacidade e comodidade:<\/strong> Com um comprimento de 140 cm e um comprimento diurno de 60 mm, a CARVE \u00e9 f\u00e1cil de transportar e guardar.<\/li>\n\n\n\n<li><strong>Design amigo dos obst\u00e1culos:<\/strong> A constru\u00e7\u00e3o \u00fanica do CARVE facilita a passagem sobre os ressaltos sem desestabilizar a carga.<\/li>\n<\/ol>\n\n<p><strong>Conclus\u00e3o:<\/strong><br\/>Quer trabalhe em constru\u00e7\u00e3o, design de interiores, renova\u00e7\u00e3o ou na ind\u00fastria da pedra natural, o carrinho para placas e vidros CARVE \u00e9 uma ferramenta indispens\u00e1vel. \u00c1gil, dur\u00e1vel e elegante; com este carrinho, o transporte torna-se f\u00e1cil. <\/p>\n\n<h4 class=\"wp-block-heading\">TNO &#8211; Ficha informativa sobre a carga de trabalho f\u00edsico 2018<\/h4>\n\n<p>Para al\u00e9m da carga de trabalho psicossocial, o esfor\u00e7o f\u00edsico continua a ser a principal causa de doen\u00e7as profissionais e de absentismo. Esta \u00e9 uma ficha informativa do TNO com dados de junho de 2018, por isso utiliza os auxiliares de eleva\u00e7\u00e3o da Gevelridder! <\/p>\n\n<h4 class=\"wp-block-heading\">Levantamento e transporte<\/h4>\n\n<p>Levantar \u00e9 pegar e pousar uma carga com as m\u00e3os, sem te moveres. Se moveres algo enquanto caminhas enquanto levantas, chamamos-lhe carregar. Estas dicas podem ajudar-te a evitar problemas de sa\u00fade. Que queixas podes ter? Levantar e transportar cargas durante o trabalho \u00e9 uma das principais causas de queixas f\u00edsicas, como dores nas costas (inferiores), ombros, pesco\u00e7o, joelhos e ancas. Tamb\u00e9m podes ter problemas de costas por levantares objectos com as costas dobradas ou torcidas.     <\/p>\n\n<p><a href=\"https:\/\/www.fnv.nl\/werk-inkomen\/veilig-gezond-werken\/lichamelijke-belasting\/tillen-en-dragen\">V\u00ea tamb\u00e9m<\/a><\/p>\n\n<p>Por isso, para este carrinho de pratos com pneus, vieste ao s\u00edtio certo na Gevelridder. Certifica-te de que os carrinhos (bem como os suportes de vidro) est\u00e3o sempre nivelados para evitar que o vidro caia! <\/p>\n","protected":false},"excerpt":{"rendered":"<p><strong>O carrinho de transporte CARVE: Perfeito para lajes, portas, vidro e pedra natural!<\/strong><\/p>\n<p>\u00c1gil, resistente e com estilo. Melhora o teu transporte com a CARVE! <b>\u2714<\/b> <strong>Para o transporte de vidro, molduras, pedra, etc.<\/strong> <\/p>\n<p><strong>\u2714 Muito leve, f\u00e1cil de transportar!!!<\/strong><\/p>\n<p><strong>L= 80 cm, H=100 cm, tamanho do dia B=43 cm<\/strong><\/p>\n<p><strong>Caleira de luz do dia 60 mm cm, 70 cm pe\u00e7a de assentamento<\/strong><\/p>\n<p><strong>\u2714<\/strong><strong> <\/strong><strong>WLL150 kg.<\/strong><\/p>\n<p><strong>Pesa 7 kg.<\/strong><\/p>\n<p><strong> Pneus pneum\u00e1ticos (bom amortecimento).<\/strong><strong> Rodas girat\u00f3rias com molas, capazes de suportar cargas de impacto elevadas.<\/strong> <strong>x<\/strong> <strong>Excluindo grampos de tens\u00e3o<\/strong> \u2660 <strong>Grampo de tens\u00e3o a encomendar separadamente:<\/strong><\/p>\n<ul>\n<li><a href=\"https:\/\/gevelridder.nl\/product\/spanklem-2-0-alu\/\">Bra\u00e7adeira de tens\u00e3o Alu (ponta)<\/a><\/li>\n<li><a href=\"https:\/\/gevelridder.nl\/product\/spanklem\/\">Bra\u00e7adeira de tens\u00e3o em a\u00e7o<\/a><\/li>\n<li><a href=\"https:\/\/gevelridder.nl\/pt-pt\/produto\/spanlance-para-o-carrinho-de-pratos\/\">Lan\u00e7a de alcance<\/a><\/li>\n<li>\n<ul>\n<li>\n<\/ul>\n<\/li>\n<\/ul>\n","protected":false},"featured_media":0,"template":"","meta":{"_acf_changed":false,"_seopress_robots_primary_cat":"none","_seopress_titles_title":"","_seopress_titles_desc":"","_seopress_robots_index":""},"product_brand":[],"product_cat":[2716,2714,2709,2715],"product_tag":[2722,2727,2719,2720,2723,2721,2718,2710,2725,2724,2768,2729,2730],"class_list":{"0":"post-141185","1":"product","2":"type-product","3":"status-publish","5":"product_cat-auxilios-ao-transporte","6":"product_cat-carrinhos","7":"product_cat-carrinhos-de-fachada","8":"product_cat-carros-de-transporte-de-vidro","9":"product_tag-camioes-de-placas","10":"product_tag-carrinho-com-estrutura","11":"product_tag-carrinho-de-porta","12":"product_tag-carrinho-de-vidro-carrinho-de-pratos","13":"product_tag-carrinho-de-vidro-triplo","14":"product_tag-carro-de-estrutura","15":"product_tag-esculpir","16":"product_tag-glaskar","17":"product_tag-mao-de-transporte-de-vidro","18":"product_tag-transporte-de-vidro","19":"product_tag-transporte-de-vidro-2","20":"product_tag-triplo","21":"product_tag-vidro-pesado","22":"product_shipping_class-pakket-160-50-40","24":"first","25":"instock","26":"taxable","27":"shipping-taxable","28":"purchasable","29":"product-type-simple"},"acf":[],"_links":{"self":[{"href":"https:\/\/gevelridder.nl\/pt-pt\/wp-json\/wp\/v2\/product\/141185","targetHints":{"allow":["GET"]}}],"collection":[{"href":"https:\/\/gevelridder.nl\/pt-pt\/wp-json\/wp\/v2\/product"}],"about":[{"href":"https:\/\/gevelridder.nl\/pt-pt\/wp-json\/wp\/v2\/types\/product"}],"wp:attachment":[{"href":"https:\/\/gevelridder.nl\/pt-pt\/wp-json\/wp\/v2\/media?parent=141185"}],"wp:term":[{"taxonomy":"product_brand","embeddable":true,"href":"https:\/\/gevelridder.nl\/pt-pt\/wp-json\/wp\/v2\/product_brand?post=141185"},{"taxonomy":"product_cat","embeddable":true,"href":"https:\/\/gevelridder.nl\/pt-pt\/wp-json\/wp\/v2\/product_cat?post=141185"},{"taxonomy":"product_tag","embeddable":true,"href":"https:\/\/gevelridder.nl\/pt-pt\/wp-json\/wp\/v2\/product_tag?post=141185"}],"curies":[{"name":"wp","href":"https:\/\/api.w.org\/{rel}","templated":true}]}}