
{"id":141182,"date":"2026-03-24T08:17:11","date_gmt":"2026-03-24T08:17:11","guid":{"rendered":"https:\/\/gevelridder.nl\/product\/pinca-de-quadro-em-pneus125mm\/"},"modified":"2026-05-08T12:16:48","modified_gmt":"2026-05-08T12:16:48","slug":"pinca-de-quadro-em-pneus125mm","status":"publish","type":"product","link":"https:\/\/gevelridder.nl\/pt-pt\/produto\/pinca-de-quadro-em-pneus125mm\/","title":{"rendered":"Pin\u00e7a de quadro em pneus125mm"},"content":{"rendered":"\n<h2 class=\"wp-block-heading\">A pin\u00e7a de quadro em pneus125 mm<\/h2>\n\n<p>A pin\u00e7a de quadro para pneus125mm tem uma largura de trinco de 125 mm, mas tamb\u00e9m pode ser fornecida com uma largura de 70 e 170 mm. O interior \u00e9 revestido com material de prote\u00e7\u00e3o contra choques e riscos.<br\/>Tamanho cerca de 20\u00d720 cm, peso 2 kg. <\/p>\n\n<h2 class=\"wp-block-heading\">Que outros carrinhos pequenos temos para al\u00e9m do Frame clamp on pneumatic tires125mm ?<\/h2>\n\n<p>Temos os seguintes carrinhos pr\u00e1ticos para al\u00e9m da gama:<\/p>\n\n<ul class=\"wp-block-list\">\n<li><a href=\"hhttps:\/\/gevelridder.nl\/product\/malle-jantje\/\">Malle J <\/a>antje O Malle Jantje \u00e9 um pr\u00e1tico carrinho de caixilhos que todos os artes\u00e3os gostam de utilizar. Com um sorriso, o Malle Jantje transporta caixilhos de janelas, vigas e estores para o trabalho. O carrinho tem uma dimens\u00e3o di\u00e1ria de 250 mm, pelo que \u00e9 adequado para caixilhos largos com vidros triplos. O carrinho tem 500 mm de comprimento.   <\/li>\n\n\n\n<li><a href=\"https:\/\/gevelridder.nl\/pt-pt\/produto\/fixacao-do-quadro-em-pneus170-mm\/\">Pin\u00e7a de quadro para pneus 170 mm<\/a> A pin\u00e7a tem uma largura de 170 mm. O interior tamb\u00e9m est\u00e1 revestido com material de prote\u00e7\u00e3o contra choques e riscos.<br\/>Tamanho cerca de 40\u00d736 cm, peso 2 kg. <\/li>\n\n\n\n<li><a href=\"https:\/\/gevelridder.nl\/pt-pt\/produto\/fixacao-do-quadro-em-pneus-pneumaticos-70-mm\/\">Pin\u00e7a de quadro para pneus 70 mm<\/a> A pin\u00e7a tem uma largura de 70 mm. O interior \u00e9 forrado com material de prote\u00e7\u00e3o contra choques e riscos.<br\/>Tamanho cerca de 40\u00d730 cm, peso 2 kg. <\/li>\n<\/ul>\n\n<h3 class=\"wp-block-heading\">Est\u00e1s a comprar uma pin\u00e7a de quadro?<\/h3>\n\n<p>O que deves procurar ao comprar uma pin\u00e7a de fixa\u00e7\u00e3o de quadros? \u00c9 importante fazer um bom invent\u00e1rio daquilo para que pretendes utilizar a pin\u00e7a. Que materiais e dimens\u00f5es? Muitas vezes, os nossos clientes continuam a optar por um <a href=\"https:\/\/gevelridder.nl\/product\/glaskar-250-platenwagen\/\">Glaskar 250 kg <\/a>ou um <a href=\"https:\/\/gevelridder.nl\/product\/glaskar-platenwagen-150kg\/\">Glaskar 150 kg<\/a>, porque este carrinho tamb\u00e9m pode ficar de p\u00e9 sozinho. A prop\u00f3sito, sabias que a Glaskar \u00e9 recomendada no <a href=\"https:\/\/arbovriendelijkehulpmiddelen.volandis.nl\/taken\/glaszetwerk\/fysieke-belasting\/gevelridder\/index.html\">Cat\u00e1logo de Sa\u00fade e Seguran\u00e7a para Vidraceiros?<\/a>    <\/p>\n","protected":false},"excerpt":{"rendered":"<p>A pin\u00e7a tem uma largura de 125 mm, mas tamb\u00e9m pode ser fornecida com uma largura de 70 e 170 mm (a pedido). O interior \u00e9 revestido com material de prote\u00e7\u00e3o contra choques e riscos.<br \/>\nTamanho aproximado de 40\u00d736 cm, peso 2 kg. <\/p>\n","protected":false},"featured_media":0,"template":"","meta":{"_acf_changed":false,"_seopress_robots_primary_cat":"none","_seopress_titles_title":"","_seopress_titles_desc":"","_seopress_robots_index":""},"product_brand":[],"product_cat":[2716,2709],"product_tag":[2734,2744,2710,2742,2740,2743,2738],"class_list":{"0":"post-141182","1":"product","2":"type-product","3":"status-publish","5":"product_cat-auxilios-ao-transporte","6":"product_cat-carrinhos-de-fachada","7":"product_tag-carrinho-de-pratos","8":"product_tag-carrinho-de-registo","9":"product_tag-glaskar","10":"product_tag-porta","11":"product_tag-porta-portas","12":"product_tag-suporte-de-vidro","13":"product_tag-tudo-para-o-vidro","14":"product_shipping_class-pakket-45-35-25","16":"first","17":"instock","18":"taxable","19":"shipping-taxable","20":"purchasable","21":"product-type-simple"},"acf":[],"_links":{"self":[{"href":"https:\/\/gevelridder.nl\/pt-pt\/wp-json\/wp\/v2\/product\/141182","targetHints":{"allow":["GET"]}}],"collection":[{"href":"https:\/\/gevelridder.nl\/pt-pt\/wp-json\/wp\/v2\/product"}],"about":[{"href":"https:\/\/gevelridder.nl\/pt-pt\/wp-json\/wp\/v2\/types\/product"}],"wp:attachment":[{"href":"https:\/\/gevelridder.nl\/pt-pt\/wp-json\/wp\/v2\/media?parent=141182"}],"wp:term":[{"taxonomy":"product_brand","embeddable":true,"href":"https:\/\/gevelridder.nl\/pt-pt\/wp-json\/wp\/v2\/product_brand?post=141182"},{"taxonomy":"product_cat","embeddable":true,"href":"https:\/\/gevelridder.nl\/pt-pt\/wp-json\/wp\/v2\/product_cat?post=141182"},{"taxonomy":"product_tag","embeddable":true,"href":"https:\/\/gevelridder.nl\/pt-pt\/wp-json\/wp\/v2\/product_tag?post=141182"}],"curies":[{"name":"wp","href":"https:\/\/api.w.org\/{rel}","templated":true}]}}