
{"id":141178,"date":"2026-03-24T08:17:11","date_gmt":"2026-03-24T08:17:11","guid":{"rendered":"https:\/\/gevelridder.nl\/product\/roda-polyfill-260-85-com-tampa-de-aperto\/"},"modified":"2026-05-08T12:16:20","modified_gmt":"2026-05-08T12:16:20","slug":"roda-polyfill-260-85-com-tampa-de-aperto","status":"publish","type":"product","link":"https:\/\/gevelridder.nl\/pt-pt\/produto\/roda-polyfill-260-85-com-tampa-de-aperto\/","title":{"rendered":"Roda Polyfill 260\/85 com tampa de aperto"},"content":{"rendered":"\n<p><strong>A roda Knightly Polyfill Wheel FELG 4\u2033 RED NL.75 RO.20: A escolha imbat\u00edvel para os mestres da constru\u00e7\u00e3o, das mudan\u00e7as e dos transportes! <\/strong><\/p>\n\n<p>Os cavaleiros da era moderna &#8211; construtores, transportadores e transportadores &#8211; unem-se em torno do impressionante Polyfill VELG 4\u2033 RED NL.75 RO.20. Concebido como um aliado indispens\u00e1vel para o teu <a href=\"https:\/\/gevelridder.nl\/product\/glaskar-250-platenwagen\/\" target=\"_blank\" rel=\"noreferrer noopener\">carrinho leve Gable Trolley<\/a>, este pneu promete n\u00e3o s\u00f3 simplicidade de montagem, mas tamb\u00e9m uma for\u00e7a incisiva que enfrentar\u00e1 qualquer desafio. O pneu polyfill, com um forte piso em bloco e um n\u00facleo de roda em poliamida robusta, garante uma experi\u00eancia de baixo ru\u00eddo e amortecimento de vibra\u00e7\u00f5es. Al\u00e9m disso, gra\u00e7as ao rolamento de rolos, podes contar com movimentos suaves e sem falhas. Porque deves escolher este cavaleiro da roda? A resposta \u00e9 simples: \u00e9 perfeito para o transporte de cargas m\u00e9dias e pesadas, especialmente para produtos sens\u00edveis ao choque ou para circular em superf\u00edcies irregulares ou n\u00e3o pavimentadas e, acima de tudo: acabaram-se os pneus furados. Escrit\u00f3rios, armaz\u00e9ns, lojas, institui\u00e7\u00f5es &#8211; esta roda adapta-se perfeitamente a qualquer ambiente e oferece um desempenho inigual\u00e1vel. Com um di\u00e2metro de roda de 260 mm e uma largura de 85 mm, este gigante da roda pode transportar at\u00e9 150 kg. Al\u00e9m disso, com um eixo de 20 e um comprimento de cubo de 75 mm, \u00e9 dur\u00e1vel e fi\u00e1vel. O nosso s\u00e1bio conselho? Escolhe sempre um pneu pneum\u00e1tico ou um pneu polyfill, sobretudo se tiveres de passar frequentemente por soleiras. E tem cuidado, porque os pneus maci\u00e7os podem ficar presos na areia ou no cascalho, o que pode resultar no capotamento do carrinho. Se estiveres a lidar com superf\u00edcies irregulares como tijolos, pisos danificados ou mesmo obst\u00e1culos como soleiras, esta roda de polyfill \u00e9 ideal para usar.             <\/p>\n","protected":false},"excerpt":{"rendered":"<p>Concebida para o leve Gable Cart, esta roda em <strong>polyfill<\/strong> com um piso de blocos e n\u00facleo de poliamida oferece uma experi\u00eancia de baixo ru\u00eddo e amortecimento de vibra\u00e7\u00f5es. Com uma capacidade de carga de 150 kg e especifica\u00e7\u00f5es de 260 mm de di\u00e2metro e 85 mm de largura, \u00e9 ideal para v\u00e1rias superf\u00edcies e ambientes. Escolhe a fiabilidade cavalheiresca com esta roda! Pneu Polyfill: <strong>n\u00e3o fures mais.<\/strong>  <\/p>\n<div class=\"markdown prose w-full break-words dark:prose-invert light\">\n<p><b>\u2714 <\/b>Di\u00e2metro da roda (mm)260 <b>\u2714 <\/b>Largura da roda (mm)85 <b>\u2714 <\/b>Capacidade de carga (kg)150 <b>\u2714 <\/b>Tipo de rolamento Rolamento de rolos <b>\u2714 <\/b>Material da roda de n\u00facleo de poliamida 6 <b>\u2714 <\/b>Comprimento do cubo (mm) 75 <b>\u2714 <\/b>Orif\u00edcio \u00d8 (mm) 20<\/p>\n<p><b>\u2714 <\/b>Uso interior e exterior <b>\u2714 <\/b>Peso l\u00edquido 3,5 kg<\/p>\n<\/div>\n","protected":false},"featured_media":0,"template":"","meta":{"_acf_changed":false,"_seopress_robots_primary_cat":"none","_seopress_titles_title":"","_seopress_titles_desc":"","_seopress_robots_index":""},"product_brand":[],"product_cat":[2709,2708],"product_tag":[2747,2710,2746,2748],"class_list":{"0":"post-141178","1":"product","2":"type-product","3":"status-publish","5":"product_cat-carrinhos-de-fachada","6":"product_cat-pecas-2","7":"product_tag-gevelridderkar","8":"product_tag-glaskar","9":"product_tag-pneu-pneumatico","10":"product_tag-wiel","11":"product_shipping_class-pakket-45-35-25","13":"first","14":"instock","15":"taxable","16":"shipping-taxable","17":"purchasable","18":"product-type-simple"},"acf":[],"_links":{"self":[{"href":"https:\/\/gevelridder.nl\/pt-pt\/wp-json\/wp\/v2\/product\/141178","targetHints":{"allow":["GET"]}}],"collection":[{"href":"https:\/\/gevelridder.nl\/pt-pt\/wp-json\/wp\/v2\/product"}],"about":[{"href":"https:\/\/gevelridder.nl\/pt-pt\/wp-json\/wp\/v2\/types\/product"}],"wp:attachment":[{"href":"https:\/\/gevelridder.nl\/pt-pt\/wp-json\/wp\/v2\/media?parent=141178"}],"wp:term":[{"taxonomy":"product_brand","embeddable":true,"href":"https:\/\/gevelridder.nl\/pt-pt\/wp-json\/wp\/v2\/product_brand?post=141178"},{"taxonomy":"product_cat","embeddable":true,"href":"https:\/\/gevelridder.nl\/pt-pt\/wp-json\/wp\/v2\/product_cat?post=141178"},{"taxonomy":"product_tag","embeddable":true,"href":"https:\/\/gevelridder.nl\/pt-pt\/wp-json\/wp\/v2\/product_tag?post=141178"}],"curies":[{"name":"wp","href":"https:\/\/api.w.org\/{rel}","templated":true}]}}