
{"id":141177,"date":"2026-03-24T11:35:11","date_gmt":"2026-03-24T11:35:11","guid":{"rendered":"https:\/\/gevelridder.nl\/product\/conjunto-de-extensao-de-vidro-grande\/"},"modified":"2026-05-08T12:16:23","modified_gmt":"2026-05-08T12:16:23","slug":"conjunto-de-extensao-de-vidro-grande","status":"publish","type":"product","link":"https:\/\/gevelridder.nl\/pt-pt\/produto\/conjunto-de-extensao-de-vidro-grande\/","title":{"rendered":"Conjunto de extens\u00e3o de vidro grande"},"content":{"rendered":"\n<h2 class=\"wp-block-heading\">Conjunto de extens\u00e3o de vidro grande<\/h2>\n\n<p>Este conjunto de extens\u00e3o de vidro grande para o carro de transporte de vidro da Gevelridder permite-te transportar grandes quadros de vidro de forma c\u00f3moda e segura. O conjunto \u00e9 composto por uma haste s\u00f3lida de 2 metros de comprimento na qual est\u00e3o montados dois pist\u00f5es de bomba em lexan. A posi\u00e7\u00e3o dos pist\u00f5es \u00e9 ajust\u00e1vel. O conjunto pode ser utilizado tanto no nosso <a href=\"https:\/\/gevelridder.nl\/product\/glaskar-platenwagen-150kg\/\">carro para vidros de 150 kg<\/a> como no carro para <a href=\"https:\/\/gevelridder.nl\/product\/glaskar-250-platenwagen\/\">vidros de 250 kg<\/a>.   <\/p>\n\n<h2 class=\"wp-block-heading\">Carrinho de pratos<\/h2>\n\n<p>O Gevelkar 100\u00d7100 cm com uma prateleira de carga de 18 cm, adequado para 250 kg, tem na parte inferior 2 tubos montados dando-te a possibilidade de usar grampos de tens\u00e3o, \u00e9 feito inteiramente de alum\u00ednio e, portanto, tem um peso de cerca de 10 kg. Os grampos de tens\u00e3o ou as lan\u00e7as podem ser encomendados separadamente. Certifica-te de que os carrinhos (mas tamb\u00e9m as estantes de vidro) est\u00e3o sempre nivelados, para evitar que o vidro caia!  <\/p>\n\n<h3 class=\"wp-block-heading\">Carrinho de vidro com conjunto de expans\u00e3o Vidro grande<\/h3>\n\n<p>Os nossos carrinhos s\u00e3o concebidos e fabricados com amor, temos orgulho nisso. #MadeinHolland. Os carrinhos s\u00e3o feitos \u00e0 m\u00e3o e tamb\u00e9m estofados \u00e0 m\u00e3o. Isto torna-o &#8220;o Aston Martin&#8221; entre os carrinhos. Embora seja a forma menos segura de transportar vidro, o vidro continua a ser regularmente levantado e transportado \u00e0 m\u00e3o. Por vezes faltam os meios de eleva\u00e7\u00e3o e o equipamento de transporte adequados, outras vezes \u00e9 por conveni\u00eancia do empregado. O vidro pode ser levantado manualmente se n\u00e3o for muito grande e pesado e n\u00e3o precisar de ser transportado para muito longe. Mas queres correr o risco de ter dores de costas para toda a vida? <a href=\"https:\/\/arbocatalogus-vlakglas.nl\/handeling\/handmatig-tillen-en-dragen-van-glas\">V\u00ea tamb\u00e9m o Cat\u00e1logo de Sa\u00fade e Seguran\u00e7a para a Ind\u00fastria do Vidro Plano <\/a>As causas mais comuns de acidentes e les\u00f5es s\u00e3o:     <\/p>\n\n<ul class=\"wp-block-list\">\n<li>Cortes do ato de vidro<\/li>\n\n\n\n<li>Excesso de esfor\u00e7o f\u00edsico ao levantar e transportar folhas de vidro pesadas<\/li>\n\n\n\n<li>Trope\u00e7ar, escorregar ou cair<\/li>\n\n\n\n<li>Ser atingido por uma carga em queda<\/li>\n<\/ul>\n\n<p>Principais riscos:<\/p>\n\n<ol class=\"wp-block-list\">\n<li>Esfor\u00e7o f\u00edsico<\/li>\n\n\n\n<li>Ser atingido por materiais (em queda)<\/li>\n\n\n\n<li>Perigo de corte<\/li>\n\n\n\n<li>Trope\u00e7ar, cair e escorregar<\/li>\n<\/ol>\n\n<p>Solu\u00e7\u00f5es para os riscos:<\/p>\n\n<ol class=\"wp-block-list\">\n<li>Levantamento e transporte manual seguro<\/li>\n\n\n\n<li>Prevenir a les\u00e3o de sile<\/li>\n\n\n\n<li>Prevenir quedas, escorregadelas e trope\u00e7\u00f5es<\/li>\n\n\n\n<li>O EPI certo para cada opera\u00e7\u00e3o!<\/li>\n<\/ol>\n\n<p>Pois \u00e9, ent\u00e3o Gevelridder! Sabias que o carrinho Gevelridder, tamb\u00e9m chamado carrinho de pratos ou carrinho de vidro, existe h\u00e1 mais de <a href=\"https:\/\/gevelridder.nl\/nieuws\/8-jaar-de-gevelridderkar\/\">8 anos<\/a>? <\/p>\n","protected":false},"excerpt":{"rendered":"<div class=\"woocommerce-product-details__short-description\">\n<p>Com este conjunto de extens\u00e3o de vidro grande para o carro de transporte de vidro da Gevelridder, podes transportar quadros grandes com vidro de forma c\u00f3moda e segura. O conjunto \u00e9 composto por uma haste s\u00f3lida com 2 metros de comprimento, na qual est\u00e3o montados dois pist\u00f5es de bomba manual em lexan. A posi\u00e7\u00e3o dos pist\u00f5es \u00e9 ajust\u00e1vel. Desta forma, o vidro \u00e9 fixado ao carrinho (n\u00e3o \u00e9 necess\u00e1ria uma bra\u00e7adeira de tens\u00e3o). Isto aplica-se, naturalmente, a uma folha de vidro, que \u00e9 aspirada pela parte de tr\u00e1s. Certifica-te de que os carrinhos (mas tamb\u00e9m as estantes de vidro) est\u00e3o sempre nivelados, para evitar que o vidro caia!     <\/p>\n<\/div>\n","protected":false},"featured_media":0,"template":"","meta":{"_acf_changed":false,"_seopress_robots_primary_cat":"none","_seopress_titles_title":"","_seopress_titles_desc":"","_seopress_robots_index":""},"product_brand":[],"product_cat":[2709,2708],"product_tag":[2744,2659,2710,2760],"class_list":{"0":"post-141177","1":"product","2":"type-product","3":"status-publish","5":"product_cat-carrinhos-de-fachada","6":"product_cat-pecas-2","7":"product_tag-carrinho-de-registo","8":"product_tag-cavaleiro-de-fachada-gevelridder","9":"product_tag-glaskar","10":"product_tag-vidro-de-montagem","11":"product_shipping_class-65-euros","13":"first","14":"instock","15":"taxable","16":"shipping-taxable","17":"purchasable","18":"product-type-simple"},"acf":[],"_links":{"self":[{"href":"https:\/\/gevelridder.nl\/pt-pt\/wp-json\/wp\/v2\/product\/141177","targetHints":{"allow":["GET"]}}],"collection":[{"href":"https:\/\/gevelridder.nl\/pt-pt\/wp-json\/wp\/v2\/product"}],"about":[{"href":"https:\/\/gevelridder.nl\/pt-pt\/wp-json\/wp\/v2\/types\/product"}],"wp:attachment":[{"href":"https:\/\/gevelridder.nl\/pt-pt\/wp-json\/wp\/v2\/media?parent=141177"}],"wp:term":[{"taxonomy":"product_brand","embeddable":true,"href":"https:\/\/gevelridder.nl\/pt-pt\/wp-json\/wp\/v2\/product_brand?post=141177"},{"taxonomy":"product_cat","embeddable":true,"href":"https:\/\/gevelridder.nl\/pt-pt\/wp-json\/wp\/v2\/product_cat?post=141177"},{"taxonomy":"product_tag","embeddable":true,"href":"https:\/\/gevelridder.nl\/pt-pt\/wp-json\/wp\/v2\/product_tag?post=141177"}],"curies":[{"name":"wp","href":"https:\/\/api.w.org\/{rel}","templated":true}]}}