
{"id":141176,"date":"2026-03-24T08:17:09","date_gmt":"2026-03-24T08:17:09","guid":{"rendered":"https:\/\/gevelridder.nl\/product\/espacador-gevelridder-pie\/"},"modified":"2026-05-08T12:40:54","modified_gmt":"2026-05-08T12:40:54","slug":"espacador-gevelridder-pie","status":"publish","type":"product","link":"https:\/\/gevelridder.nl\/pt-pt\/produto\/espacador-gevelridder-pie\/","title":{"rendered":"Espa\u00e7ador Gevelridder Pie"},"content":{"rendered":"\n<p>J\u00e1 utilizas o espa\u00e7ador Gevelridder Basis para o <a href=\"https:\/\/gevelridder.nl\/product\/gevelridder-s-incl-afstandhouder\/\">Gevelridder S<\/a> e o <a href=\"https:\/\/gevelridder.nl\/pt-pt\/produto\/gevelridder-m-hibrido\/\">Gevelridder<\/a><a href=\"https:\/\/gevelridder.nl\/?post_type=product&amp;p=131321\">M <\/a>?<\/p>\n\n<h2 class=\"wp-block-heading\">Jogo da picada com a torta de Gevelridder Spacer<\/h2>\n\n<p>A justa \u00e9 um dos teus jogos preferidos. Se a lan\u00e7a for mais comprida do que o concorrente durante a justa a cavalo, as hip\u00f3teses de ganhar o jogo s\u00e3o maiores. O mesmo acontece com a utiliza\u00e7\u00e3o de ferramentas na constru\u00e7\u00e3o. Com #slimbuilding, estar\u00e1s \u00e0 frente da concorr\u00eancia! N\u00f3s, cavaleiros da T\u00e1vola Redonda, partimos a lan\u00e7a para os produtos da Fa\u00e7ade Knight! Os tubos da base do espa\u00e7ador s\u00e3o feitos de alum\u00ednio e, por isso, leves. Os espa\u00e7adores s\u00e3o usados para colocar o gancho do Facade Knight (Gevelridder) mais longe da fachada. Isto \u00e9 necess\u00e1rio quando, por exemplo, um efeito solar se projecta para fora da fachada. Os espa\u00e7adores tamb\u00e9m s\u00e3o \u00fateis na situa\u00e7\u00e3o em que n\u00e3o h\u00e1 espa\u00e7o acima da estrutura para apoiar o Cavaleiro da Fachada (Gevelridder). Com estes suportes, o Cavaleiro da Fachada (Gevelridder) pode ser colocado no telhado. A barra transversal deste espa\u00e7ador tamb\u00e9m se destina a ser colocada contra os montantes de uma estrutura de descanso ou de um suporte de vidro. Assim, podes colocar o vidro com o Cavaleiro de Fachada (Gevelridder) no nosso <a href=\"https:\/\/gevelridder.nl\/product\/glaskar-250-platenwagen\/\">carrinho de vidro<\/a>. De onde vem o termo &#8220;partir uma lan\u00e7a para algo&#8221;? De acordo com a nossa l\u00edngua, \u00e9 o <a href=\"https:\/\/onzetaal.nl\/schatkamer\/lezen\/uitdrukkingen\/ergens-een-lans-voor-breken\">seguinte:<\/a> <em>Lan\u00e7ar uma lan\u00e7a por algo<\/em> significa &#8220;defender algo&#8221;, &#8220;elogiar algo&#8221;. Tamb\u00e9m podes <em>falar em nome de algu\u00e9m<\/em>; significa levantar ou defender algu\u00e9m. Para leres mais sobre seguran\u00e7a, utiliza <a href=\"https:\/\/www.nlarbeidsinspectie.nl\/onderwerpen\/arbocatalogus\" target=\"_blank\" rel=\"noreferrer noopener\">o Cat\u00e1logo de Sa\u00fade e Seguran\u00e7a.<\/a> Este ditado encontra-se em muitas l\u00ednguas, por exemplo: <em>f\u00fcr jemanden\/etwas eine Lanze brechen\/einlegen<\/em> (alem\u00e3o), <em>rompre des lances pour quelqu&#8217;un(e)<\/em> (franc\u00eas), <em>to break a lance for someone\/something<\/em> (ingl\u00eas) e <em>spezzare una lancia a\/in favore di qualcuno\/qualcosa<\/em> (italiano). S\u00f3 para que saibas&#8230; O Espa\u00e7ador de Base Gevelridder \u00e9 adequado apenas para o <a href=\"https:\/\/gevelridder.nl\/product\/gevelridder-s-incl-afstandhouder\/\">Gevelridder S<\/a> e o <a href=\"https:\/\/gevelridder.nl\/pt-pt\/produto\/gevelridder-m-hibrido\/\">Gevelridder M<\/a>.               <\/p>\n","protected":false},"excerpt":{"rendered":"<p>Caro Knights, j\u00e1 utilizas a base espa\u00e7adora Gevelridder com o <a href=\"https:\/\/gevelridder.nl\/pt-pt\/produto\/gevelridder-m-hibrido\/\">Gevelridder M<\/a> ou o <a href=\"https:\/\/gevelridder.nl\/product\/gevelridder-s-incl-afstandhouder\/\">Gevelridder S<\/a>? Esta base espa\u00e7adora tamb\u00e9m \u00e9 adequada para levantares o vidro do copo de vidro. A justa \u00e9 um dos teus jogos favoritos, se a lan\u00e7a for mais comprida do que o concorrente durante a justa a cavalo, as hip\u00f3teses de ganhar o jogo s\u00e3o maiores. O mesmo acontece com a utiliza\u00e7\u00e3o de ferramentas na constru\u00e7\u00e3o. Com #slimbuilding, estar\u00e1s \u00e0 frente da concorr\u00eancia! N\u00f3s, Cavaleiros da T\u00e1vola Redonda, partimos a lan\u00e7a para os produtos da Fa\u00e7ade Knight! Este espa\u00e7ador \u00e9 fornecido de s\u00e9rie com o Gevelridder M e S, pelo que n\u00e3o precisas de o encomendar separadamente.      <\/p>\n","protected":false},"featured_media":0,"template":"","meta":{"_acf_changed":false,"_seopress_robots_primary_cat":"none","_seopress_titles_title":"","_seopress_titles_desc":"","_seopress_robots_index":""},"product_brand":[],"product_cat":[2658],"product_tag":[2757,2758,2662,2761],"class_list":{"0":"post-141176","1":"product","2":"type-product","3":"status-publish","5":"product_cat-pecas","6":"product_tag-distancia","7":"product_tag-espacador-cavaleiro-de-fachada-gevelridder","8":"product_tag-guincho","9":"product_tag-guinchos","10":"product_shipping_class-40-euros","12":"first","13":"instock","14":"taxable","15":"shipping-taxable","16":"purchasable","17":"product-type-simple"},"acf":[],"_links":{"self":[{"href":"https:\/\/gevelridder.nl\/pt-pt\/wp-json\/wp\/v2\/product\/141176","targetHints":{"allow":["GET"]}}],"collection":[{"href":"https:\/\/gevelridder.nl\/pt-pt\/wp-json\/wp\/v2\/product"}],"about":[{"href":"https:\/\/gevelridder.nl\/pt-pt\/wp-json\/wp\/v2\/types\/product"}],"wp:attachment":[{"href":"https:\/\/gevelridder.nl\/pt-pt\/wp-json\/wp\/v2\/media?parent=141176"}],"wp:term":[{"taxonomy":"product_brand","embeddable":true,"href":"https:\/\/gevelridder.nl\/pt-pt\/wp-json\/wp\/v2\/product_brand?post=141176"},{"taxonomy":"product_cat","embeddable":true,"href":"https:\/\/gevelridder.nl\/pt-pt\/wp-json\/wp\/v2\/product_cat?post=141176"},{"taxonomy":"product_tag","embeddable":true,"href":"https:\/\/gevelridder.nl\/pt-pt\/wp-json\/wp\/v2\/product_tag?post=141176"}],"curies":[{"name":"wp","href":"https:\/\/api.w.org\/{rel}","templated":true}]}}