
{"id":141175,"date":"2026-03-24T11:34:17","date_gmt":"2026-03-24T11:34:17","guid":{"rendered":"https:\/\/gevelridder.nl\/product\/pneu-macico-260-85-com-tampa-de-fixacao\/"},"modified":"2026-05-08T12:16:20","modified_gmt":"2026-05-08T12:16:20","slug":"pneu-macico-260-85-com-tampa-de-fixacao","status":"publish","type":"product","link":"https:\/\/gevelridder.nl\/pt-pt\/produto\/pneu-macico-260-85-com-tampa-de-fixacao\/","title":{"rendered":"Pneu maci\u00e7o 260\/85 com tampa de fixa\u00e7\u00e3o"},"content":{"rendered":"\n<h2 class=\"wp-block-heading\"><strong>Pneu maci\u00e7o com tampa de aperto 260\/85<\/strong><\/h2>\n\n<p>Num mundo onde a mobilidade \u00e9 fundamental, a escolha da roda certa \u00e9 essencial. As nossas rodas da S\u00e9rie 54, com uma jante de pl\u00e1stico com pneu de PU espumado e rolamento de rolos, s\u00e3o um produto de topo no mundo do equipamento de transporte. Um pouco de hist\u00f3ria diz-nos que os pneus mais antigos que se conhecem foram usados na Mesopot\u00e2mia por volta de 2000 AC. Desde os pneus de couro at\u00e9 \u00e0s variantes de ferro, a tecnologia percorreu um longo caminho. Com a inven\u00e7\u00e3o da vulcaniza\u00e7\u00e3o da borracha em 1839, iniciou-se uma nova era de pneus que eram simultaneamente resistentes e proporcionavam um certo conforto. O pneu de borracha maci\u00e7a surgiu como uma solu\u00e7\u00e3o para o desgaste e a durabilidade. Mas nos tempos modernos, em que a seguran\u00e7a e a efici\u00eancia andam de m\u00e3os dadas, temos de pesar os pr\u00f3s e os contras dos diferentes tipos de pneus. O pneu s\u00f3lido com tampa de grampo \u00e9 ideal para ambientes onde o ch\u00e3o pode estar cheio de objectos afiados, como parafusos ou cacos. No entanto, para uma seguran\u00e7a \u00f3ptima e facilidade de utiliza\u00e7\u00e3o, recomendamos os nossos pneus, especialmente sob o nosso carrinho Gable leve. Oferecem mais amortecimento, n\u00e3o escorregam na areia ou no cascalho e s\u00e3o mais f\u00e1ceis de manobrar sobre as soleiras. Embora possa ser interessante optar por um pneu s\u00f3lido em situa\u00e7\u00f5es espec\u00edficas, lembramos-te que um local de trabalho arrumado \u00e9 mais seguro. Por isso, investe tamb\u00e9m numa vassoura! Quanto aos perfis, propomos-te o perfil de bloco \u00d8260mm para maior robustez e o perfil de linha \u00d8400mm para maior flexibilidade de utiliza\u00e7\u00e3o. Em conclus\u00e3o, os rod\u00edzios da S\u00e9rie 54 s\u00e3o o resultado de anos de inova\u00e7\u00e3o e oferecem o equil\u00edbrio certo entre seguran\u00e7a e funcionalidade. Quer necessites de uma roda para uma utiliza\u00e7\u00e3o industrial pesada ou para tarefas quotidianas, as nossas rodas garantem qualidade.               <\/p>\n","protected":false},"excerpt":{"rendered":"<div class=\"woocommerce-product-details__short-description\">\n<p>Equipadas com uma jante de pl\u00e1stico e um pneu de PU espumado, as rodas da S\u00e9rie 54 oferecem a m\u00e1xima durabilidade e facilidade de utiliza\u00e7\u00e3o. Embora os pneus maci\u00e7os tenham as suas vantagens, recomendamos os pneus pneum\u00e1ticos para maior seguran\u00e7a e conforto. As nossas rodas, com perfis de \u00d8260mm, s\u00e3o o resultado de s\u00e9culos de inova\u00e7\u00e3o na tecnologia de rodas. Escolhe a qualidade, escolhe a S\u00e9rie 54. O peso m\u00e1ximo de carga \u00e9 de 150 kg.    <\/p>\n<\/div>\n","protected":false},"featured_media":0,"template":"","meta":{"_acf_changed":false,"_seopress_robots_primary_cat":"none","_seopress_titles_title":"","_seopress_titles_desc":"","_seopress_robots_index":""},"product_brand":[],"product_cat":[2709,2708],"product_tag":[2756],"class_list":{"0":"post-141175","1":"product","2":"type-product","3":"status-publish","5":"product_cat-carrinhos-de-fachada","6":"product_cat-pecas-2","7":"product_tag-pneu-solido","9":"first","10":"instock","11":"taxable","12":"shipping-taxable","13":"purchasable","14":"product-type-simple"},"acf":[],"_links":{"self":[{"href":"https:\/\/gevelridder.nl\/pt-pt\/wp-json\/wp\/v2\/product\/141175","targetHints":{"allow":["GET"]}}],"collection":[{"href":"https:\/\/gevelridder.nl\/pt-pt\/wp-json\/wp\/v2\/product"}],"about":[{"href":"https:\/\/gevelridder.nl\/pt-pt\/wp-json\/wp\/v2\/types\/product"}],"wp:attachment":[{"href":"https:\/\/gevelridder.nl\/pt-pt\/wp-json\/wp\/v2\/media?parent=141175"}],"wp:term":[{"taxonomy":"product_brand","embeddable":true,"href":"https:\/\/gevelridder.nl\/pt-pt\/wp-json\/wp\/v2\/product_brand?post=141175"},{"taxonomy":"product_cat","embeddable":true,"href":"https:\/\/gevelridder.nl\/pt-pt\/wp-json\/wp\/v2\/product_cat?post=141175"},{"taxonomy":"product_tag","embeddable":true,"href":"https:\/\/gevelridder.nl\/pt-pt\/wp-json\/wp\/v2\/product_tag?post=141175"}],"curies":[{"name":"wp","href":"https:\/\/api.w.org\/{rel}","templated":true}]}}