
{"id":141173,"date":"2026-03-24T11:36:55","date_gmt":"2026-03-24T11:36:55","guid":{"rendered":"https:\/\/gevelridder.nl\/product\/roda-com-pneu-400-100-com-tampa-de-aperto\/"},"modified":"2026-05-08T12:16:20","modified_gmt":"2026-05-08T12:16:20","slug":"roda-com-pneu-400-100-com-tampa-de-aperto","status":"publish","type":"product","link":"https:\/\/gevelridder.nl\/pt-pt\/produto\/roda-com-pneu-400-100-com-tampa-de-aperto\/","title":{"rendered":"Roda com pneu 400\/100 com tampa de aperto"},"content":{"rendered":"\n<h2 class=\"wp-block-heading\">Roda com pneu 400\/100 com tampa de aperto<\/h2>\n\n<p><strong>Rodas S\u00e9rie 54: Uma fus\u00e3o de inova\u00e7\u00e3o e funcionalidade<\/strong>  Numa ind\u00fastria onde a qualidade e a durabilidade s\u00e3o a chave do sucesso, temos o orgulho de apresentar as nossas rodas da S\u00e9rie 54 com uma jante de pl\u00e1stico e um pneu preto. Estas est\u00e3o dispon\u00edveis com um rolamento de rolos. Com uma impressionante capacidade de carga de 250 kg, estas rodas s\u00e3o o teu parceiro de confian\u00e7a para qualquer tarefa, pesada ou leve. A constru\u00e7\u00e3o robusta, com uma largura de roda de 100 mm e um di\u00e2metro de roda de 400 mm, torna-as ideais para uma s\u00e9rie de aplica\u00e7\u00f5es, desde carrinhos industriais a carrinhos de jardim. O comprimento do cubo \u00e9 de 75 mm. O piso em blocos de 4 pr, que pode ser insuflado a 3 bar, proporciona uma ader\u00eancia e estabilidade excepcionais, mesmo em superf\u00edcies irregulares. Os pneus proporcionam uma condu\u00e7\u00e3o suave e confort\u00e1vel, absorvem os choques e minimizam as vibra\u00e7\u00f5es, resultando em menos esfor\u00e7o para o utilizador e numa maior vida \u00fatil do seu equipamento. Tem em aten\u00e7\u00e3o que o design real da roda pode ser diferente da fotografia apresentada. No entanto, o que se mant\u00e9m inalterado \u00e9 o nosso compromisso com a excel\u00eancia e a satisfa\u00e7\u00e3o do cliente. Salientamos tamb\u00e9m a import\u00e2ncia do rolamento; o rolamento de rolos proporciona uma rota\u00e7\u00e3o mais suave. Com um n\u00famero EAN 8718116089995, esta roda n\u00e3o \u00e9 apenas um produto, mas uma promessa de qualidade e efici\u00eancia. No mundo das rodas, a nossa S\u00e9rie 54 \u00e9 sin\u00f3nimo de inova\u00e7\u00e3o, funcionalidade e fiabilidade, uma ferramenta indispens\u00e1vel para qualquer profissional. Utilizamos estas rodas para o <a href=\"https:\/\/gevelridder.nl\/nieuws\/glaskar-urban-platenwagen-350kg\/\">carro urbano<\/a> e o <a href=\"https:\/\/gevelridder.nl\/de\/produkt\/schnitzen-500kg-2-0\/\">carro carve 500<\/a>. <\/p>\n","protected":false},"excerpt":{"rendered":"<p>Com uma jante de pl\u00e1stico e um pneu preto, estas rodas garantem uma condu\u00e7\u00e3o suave e est\u00e1vel, independentemente da carga. Escolhemos um rolamento de rolos para um desempenho \u00f3timo. Com uma capacidade de carga de 250 kg e uma constru\u00e7\u00e3o robusta, estas rodas s\u00e3o a escolha ideal para qualquer projeto que exija fiabilidade e durabilidade, mas o design em pl\u00e1stico torna-as leves. Pneu <b>pneum\u00e1tico<\/b>   <\/p>\n<div class=\"markdown prose w-full break-words dark:prose-invert light\">\n<p><b>\u2714 <\/b>Di\u00e2metro da roda (mm)400 <b>\u2714 <\/b>Largura da roda (mm)100 <b>\u2714 <\/b>Capacidade de carga (kg)250 <b>\u2714 <\/b>Tipo de rolamento Rolamento de rolos <b>\u2714<\/b> Rodas de pneu pneum\u00e1tico <b>\u2714 <\/b>Material da roda feito de n\u00facleo de poliamida 6 <b>\u2714 <\/b>Comprimento do cubo (mm) 75 <b>\u2714 <\/b>Furo \u00d8 (mm) 20 <b>\u2714 <\/b>Utiliza\u00e7\u00e3o no interior e no exterior<\/p>\n<\/div>\n","protected":false},"featured_media":0,"template":"","meta":{"_acf_changed":false,"_seopress_robots_primary_cat":"none","_seopress_titles_title":"","_seopress_titles_desc":"","_seopress_robots_index":""},"product_brand":[],"product_cat":[2709,2708],"product_tag":[2734,2737,2735,2741,2739],"class_list":{"0":"post-141173","1":"product","2":"type-product","3":"status-publish","5":"product_cat-carrinhos-de-fachada","6":"product_cat-pecas-2","7":"product_tag-carrinho-de-pratos","8":"product_tag-carrinho-de-vidro-pneumatico","9":"product_tag-pneu-400","10":"product_tag-tillen","11":"product_tag-transporte","12":"product_shipping_class-16-euros","14":"first","15":"instock","16":"taxable","17":"shipping-taxable","18":"purchasable","19":"product-type-simple"},"acf":[],"_links":{"self":[{"href":"https:\/\/gevelridder.nl\/pt-pt\/wp-json\/wp\/v2\/product\/141173","targetHints":{"allow":["GET"]}}],"collection":[{"href":"https:\/\/gevelridder.nl\/pt-pt\/wp-json\/wp\/v2\/product"}],"about":[{"href":"https:\/\/gevelridder.nl\/pt-pt\/wp-json\/wp\/v2\/types\/product"}],"wp:attachment":[{"href":"https:\/\/gevelridder.nl\/pt-pt\/wp-json\/wp\/v2\/media?parent=141173"}],"wp:term":[{"taxonomy":"product_brand","embeddable":true,"href":"https:\/\/gevelridder.nl\/pt-pt\/wp-json\/wp\/v2\/product_brand?post=141173"},{"taxonomy":"product_cat","embeddable":true,"href":"https:\/\/gevelridder.nl\/pt-pt\/wp-json\/wp\/v2\/product_cat?post=141173"},{"taxonomy":"product_tag","embeddable":true,"href":"https:\/\/gevelridder.nl\/pt-pt\/wp-json\/wp\/v2\/product_tag?post=141173"}],"curies":[{"name":"wp","href":"https:\/\/api.w.org\/{rel}","templated":true}]}}