
{"id":141172,"date":"2026-03-24T08:17:10","date_gmt":"2026-03-24T08:17:10","guid":{"rendered":"https:\/\/gevelridder.nl\/product\/roda-com-pneu-260-85-com-tampa-de-aperto\/"},"modified":"2026-05-08T12:16:22","modified_gmt":"2026-05-08T12:16:22","slug":"roda-com-pneu-260-85-com-tampa-de-aperto","status":"publish","type":"product","link":"https:\/\/gevelridder.nl\/pt-pt\/produto\/roda-com-pneu-260-85-com-tampa-de-aperto\/","title":{"rendered":"Roda com pneu 260\/85 com tampa de aperto"},"content":{"rendered":"\n<p><strong>The Knightly Rim 4\u2033 RED NL.75 RO.20: A escolha imbat\u00edvel para os mestres da constru\u00e7\u00e3o, das mudan\u00e7as e dos transportes! <\/strong><\/p>\n\n<p>Os cavaleiros da era moderna &#8211; construtores, transportadores e transportadores &#8211; unem-se em torno do impressionante VELG 4\u2033 RED NL.75 RO.20. Concebido como um aliado indispens\u00e1vel para o teu leve <a href=\"https:\/\/gevelridder.nl\/product\/glaskar-250-platenwagen\/\" target=\"_blank\" rel=\"noreferrer noopener\">Gable Trolley<\/a>, este pneu promete n\u00e3o s\u00f3 simplicidade na montagem, mas tamb\u00e9m uma for\u00e7a incisiva que pode enfrentar qualquer desafio. Com um piso em bloco indestrut\u00edvel e um n\u00facleo de roda em poliamida robusta, o pneu garante uma experi\u00eancia de baixo ru\u00eddo e de absor\u00e7\u00e3o de vibra\u00e7\u00f5es. Al\u00e9m disso, gra\u00e7as ao rolamento de rolos, podes contar com movimentos suaves e sem falhas. Porque deves escolher este cavaleiro da roda? A resposta \u00e9 simples: \u00e9 perfeito para o transporte de cargas m\u00e9dias e pesadas, especialmente de produtos sens\u00edveis ao choque ou quando navega em superf\u00edcies irregulares ou n\u00e3o pavimentadas. Escrit\u00f3rios, armaz\u00e9ns, lojas, institui\u00e7\u00f5es &#8211; esta roda adapta-se perfeitamente a qualquer ambiente e oferece um desempenho inigual\u00e1vel. Com um di\u00e2metro de roda de 260 mm e uma largura de 85 mm, este gigante da roda pode transportar at\u00e9 150 kg. Al\u00e9m disso, com um eixo de 20 e um comprimento de cubo de 75 mm, \u00e9 dur\u00e1vel e fi\u00e1vel. O nosso s\u00e1bio conselho? Opta sempre por um pneu pneum\u00e1tico, sobretudo se tiveres de passar frequentemente por soleiras. E tem cuidado, porque os pneus maci\u00e7os podem ficar presos na areia ou no cascalho, o que pode resultar num capotamento do carrinho. Mas, com o FELG 4\u2033 RED NL.75 RO.20, triunfar\u00e1s sempre, quer se trate de superf\u00edcies irregulares, como pedras de cal\u00e7ada, de pisos danificados ou mesmo de obst\u00e1culos como soleiras. Apanha o ouro, cavaleiros da constru\u00e7\u00e3o, das mudan\u00e7as e dos transportes. Escolhe o FELG 4\u2033 RED NL.75 RO.20 e experimenta o poder do verdadeiro cavalheirismo em cada roda!                 <\/p>\n","protected":false},"excerpt":{"rendered":"<div class=\"woocommerce-product-details__short-description\">\n<p>A FELG 4\u2033 RED NL.75 RO.20 \u00e9 uma roda indispens\u00e1vel para os profissionais da constru\u00e7\u00e3o, das mudan\u00e7as e dos transportes. Concebida para o leve Gable Cart, esta roda de pneu com um piso de blocos e n\u00facleo de poliamida oferece uma experi\u00eancia de baixo ru\u00eddo e de absor\u00e7\u00e3o de vibra\u00e7\u00f5es. Com uma capacidade de carga de 150 kg e especifica\u00e7\u00f5es de 260 mm de di\u00e2metro e 85 mm de largura, \u00e9 ideal para uma variedade de superf\u00edcies e ambientes. Escolhe uma fiabilidade cavalheiresca com esta roda! A roda pesa apenas 1,1 kg. Fura com frequ\u00eancia? Ent\u00e3o temos a roda de polyfil com um amortecimento semelhante ao do pneu.       <\/p>\n<\/div>\n","protected":false},"featured_media":0,"template":"","meta":{"_acf_changed":false,"_seopress_robots_primary_cat":"none","_seopress_titles_title":"","_seopress_titles_desc":"","_seopress_robots_index":""},"product_brand":[],"product_cat":[2709,2708],"product_tag":[2747,2710,2746,2748],"class_list":{"0":"post-141172","1":"product","2":"type-product","3":"status-publish","5":"product_cat-carrinhos-de-fachada","6":"product_cat-pecas-2","7":"product_tag-gevelridderkar","8":"product_tag-glaskar","9":"product_tag-pneu-pneumatico","10":"product_tag-wiel","12":"first","13":"instock","14":"taxable","15":"shipping-taxable","16":"purchasable","17":"product-type-simple"},"acf":[],"_links":{"self":[{"href":"https:\/\/gevelridder.nl\/pt-pt\/wp-json\/wp\/v2\/product\/141172","targetHints":{"allow":["GET"]}}],"collection":[{"href":"https:\/\/gevelridder.nl\/pt-pt\/wp-json\/wp\/v2\/product"}],"about":[{"href":"https:\/\/gevelridder.nl\/pt-pt\/wp-json\/wp\/v2\/types\/product"}],"wp:attachment":[{"href":"https:\/\/gevelridder.nl\/pt-pt\/wp-json\/wp\/v2\/media?parent=141172"}],"wp:term":[{"taxonomy":"product_brand","embeddable":true,"href":"https:\/\/gevelridder.nl\/pt-pt\/wp-json\/wp\/v2\/product_brand?post=141172"},{"taxonomy":"product_cat","embeddable":true,"href":"https:\/\/gevelridder.nl\/pt-pt\/wp-json\/wp\/v2\/product_cat?post=141172"},{"taxonomy":"product_tag","embeddable":true,"href":"https:\/\/gevelridder.nl\/pt-pt\/wp-json\/wp\/v2\/product_tag?post=141172"}],"curies":[{"name":"wp","href":"https:\/\/api.w.org\/{rel}","templated":true}]}}