
{"id":141171,"date":"2026-03-24T08:17:11","date_gmt":"2026-03-24T08:17:11","guid":{"rendered":"https:\/\/gevelridder.nl\/product\/fixacao-do-quadro-em-pneus-pneumaticos-70-mm\/"},"modified":"2026-05-08T12:16:19","modified_gmt":"2026-05-08T12:16:19","slug":"fixacao-do-quadro-em-pneus-pneumaticos-70-mm","status":"publish","type":"product","link":"https:\/\/gevelridder.nl\/pt-pt\/produto\/fixacao-do-quadro-em-pneus-pneumaticos-70-mm\/","title":{"rendered":"Fixa\u00e7\u00e3o do quadro em pneus pneum\u00e1ticos 70 mm"},"content":{"rendered":"\n<h2 class=\"wp-block-heading\">A bra\u00e7adeira de quadro em pneus70 mm<\/h2>\n\n<p>A pin\u00e7a de quadro para pneus70 mm tem uma largura de 70 mm, mas tamb\u00e9m pode ser fornecida com uma largura de 70 e 170 mm. O interior est\u00e1 coberto com material de prote\u00e7\u00e3o contra choques e riscos.<br\/>Tamanho cerca de 20\u00d720 cm, peso 2 kg. <\/p>\n\n<h2 class=\"wp-block-heading\">Que outros carrinhos pequenos temos para al\u00e9m do Frame clamp com pneus de 70 mm?<\/h2>\n\n<p>Temos os seguintes carrinhos pr\u00e1ticos para al\u00e9m da gama:<\/p>\n\n<ul class=\"wp-block-list\">\n<li><a href=\"https:\/\/gevelridder.nl\/product\/malle-jantje\/\">Malle J<\/a> antje O Malle Jantje \u00e9 um pr\u00e1tico carrinho de caixilhos que todos os artes\u00e3os gostam de utilizar. Com um sorriso, o Malle Jantje transporta caixilhos de janelas, vigas e estores para o trabalho. O carrinho tem uma dimens\u00e3o di\u00e1ria de 250 mm, pelo que \u00e9 adequado para caixilhos largos com vidros triplos. O carrinho tem 500 mm de comprimento.   <\/li>\n\n\n\n<li><a href=\"https:\/\/gevelridder.nl\/product\/kozijn-klem-op-luchtbanden170-mm\/\">Pin\u00e7a de quadro para pneus 170 mm<\/a> A pin\u00e7a tem uma largura de 170 mm. O interior tamb\u00e9m est\u00e1 revestido com material de prote\u00e7\u00e3o contra choques e riscos.<br\/>Tamanho cerca de 40\u00d736 cm, peso 2 kg. <\/li>\n\n\n\n<li><a href=\"https:\/\/gevelridder.nl\/product\/kozijn-klem-op-luchtbanden-125-mm\/\">Pin\u00e7a de quadro para pneus 125 mm<\/a> A pin\u00e7a tem uma largura de 125 mm. O interior \u00e9 forrado com material de prote\u00e7\u00e3o contra choques e riscos.<br\/>Tamanho cerca de 40\u00d730 cm, peso 2 kg. <\/li>\n<\/ul>\n\n<h3 class=\"wp-block-heading\">Est\u00e1s a comprar uma pin\u00e7a de quadro?<\/h3>\n\n<p>O que deves procurar ao comprar uma pin\u00e7a de fixa\u00e7\u00e3o de quadros? \u00c9 importante fazer um bom invent\u00e1rio daquilo para que pretendes utilizar a pin\u00e7a. Que materiais e dimens\u00f5es? Muitas vezes, os nossos clientes continuam a optar por uma <a href=\"https:\/\/gevelridder.nl\/product\/kozijn-klem-op-luchtbanden-125-mm\/\">Glaskar 250 kg<\/a> ou uma <a href=\"https:\/\/gevelridder.nl\/product\/glaskar-platenwagen-150kg\/\">Glaskar 150 kg<\/a>, porque este carrinho tamb\u00e9m se pode sustentar sozinho. Conheces os riscos de eleva\u00e7\u00e3o e transporte? D\u00e1 uma vista de olhos a este <a href=\"https:\/\/www.arboportaal.nl\/onderwerpen\/tillen-en-dragen\/wat-zijn-de-risico%E2%80%99s-van-tillen-en-dragen\">site<\/a>.     <\/p>\n","protected":false},"excerpt":{"rendered":"<div class=\"woocommerce-product-details__short-description\">\n<p>A pin\u00e7a de estrutura sobre pneus70 mm \u00e9 um carrinho forte e pr\u00e1tico para transportar bet\u00e3oplex e outras placas pesadas.<\/p>\n<\/div>\n","protected":false},"featured_media":0,"template":"","meta":{"_acf_changed":false,"_seopress_robots_primary_cat":"none","_seopress_titles_title":"","_seopress_titles_desc":"","_seopress_robots_index":""},"product_brand":[],"product_cat":[2716,2709],"product_tag":[2736,2726,2734,2744,2710,2742,2740,2743,2738,2745],"class_list":{"0":"post-141171","1":"product","2":"type-product","3":"status-publish","5":"product_cat-auxilios-ao-transporte","6":"product_cat-carrinhos-de-fachada","7":"product_tag-bancada","8":"product_tag-caozinho","9":"product_tag-carrinho-de-pratos","10":"product_tag-carrinho-de-registo","11":"product_tag-glaskar","12":"product_tag-porta","13":"product_tag-porta-portas","14":"product_tag-suporte-de-vidro","15":"product_tag-tudo-para-o-vidro","16":"product_tag-wagen","17":"product_shipping_class-pakket-50-50-60-2","19":"first","20":"instock","21":"taxable","22":"shipping-taxable","23":"purchasable","24":"product-type-simple"},"acf":[],"_links":{"self":[{"href":"https:\/\/gevelridder.nl\/pt-pt\/wp-json\/wp\/v2\/product\/141171","targetHints":{"allow":["GET"]}}],"collection":[{"href":"https:\/\/gevelridder.nl\/pt-pt\/wp-json\/wp\/v2\/product"}],"about":[{"href":"https:\/\/gevelridder.nl\/pt-pt\/wp-json\/wp\/v2\/types\/product"}],"wp:attachment":[{"href":"https:\/\/gevelridder.nl\/pt-pt\/wp-json\/wp\/v2\/media?parent=141171"}],"wp:term":[{"taxonomy":"product_brand","embeddable":true,"href":"https:\/\/gevelridder.nl\/pt-pt\/wp-json\/wp\/v2\/product_brand?post=141171"},{"taxonomy":"product_cat","embeddable":true,"href":"https:\/\/gevelridder.nl\/pt-pt\/wp-json\/wp\/v2\/product_cat?post=141171"},{"taxonomy":"product_tag","embeddable":true,"href":"https:\/\/gevelridder.nl\/pt-pt\/wp-json\/wp\/v2\/product_tag?post=141171"}],"curies":[{"name":"wp","href":"https:\/\/api.w.org\/{rel}","templated":true}]}}