
{"id":141168,"date":"2026-03-24T11:34:16","date_gmt":"2026-03-24T11:34:16","guid":{"rendered":"https:\/\/gevelridder.nl\/product\/spanlance-para-o-carrinho-de-pratos\/"},"modified":"2026-05-08T12:15:42","modified_gmt":"2026-05-08T12:15:42","slug":"spanlance-para-o-carrinho-de-pratos","status":"publish","type":"product","link":"https:\/\/gevelridder.nl\/pt-pt\/produto\/spanlance-para-o-carrinho-de-pratos\/","title":{"rendered":"SpanLance para o carrinho de pratos"},"content":{"rendered":"\n<h2 class=\"wp-block-heading\">SpanLance<\/h2>\n\n<p>A SpanLance para o GableRiver Cart evita que a tua placa (de vidro) caia para a frente. Em princ\u00edpio, uma lan\u00e7a \u00e9 suficiente, mas para placas (de vidro) grandes recomendamos duas lan\u00e7as. Se transportares vidros de maiores dimens\u00f5es no <a href=\"https:\/\/gevelridder.nl\/product\/glaskar-250-platenwagen\/\">carro para vidros Gevelridder<\/a>, recomendamos a <a href=\"https:\/\/gevelridder.nl\/de\/product\/klemme-fuer-glaskar-1-0-stahl\/\">SpanLance<\/a>. A SpanLance \u00e9 feita de a\u00e7o inoxid\u00e1vel de alta qualidade e, claro, \u00e9 fabricada na Holanda: Fabricada na Holanda. O pre\u00e7o \u00e9 por pe\u00e7a.    <\/p>\n\n<h2 class=\"wp-block-heading\">Os espanh\u00f3is na <a href=\"https:\/\/nl.wikipedia.org\/wiki\/Lans_(wapen)\">Idade M\u00e9dia<\/a>.<\/h2>\n\n<p>Na Idade M\u00e9dia, as principais armas do cavaleiro armado a cavalo eram a espada e a lan\u00e7a. Se necess\u00e1rio, podia tamb\u00e9m usar um punhal e uma ma\u00e7a com ferragem. Para se proteger, o cavaleiro usava uma cota de malha que n\u00e3o o protegia totalmente, pelo que cobria cada vez mais partes do seu corpo com placas de ferro, acabando por surgir a armadura. Isto levou a que, depois do ano 1000, a utiliza\u00e7\u00e3o da lan\u00e7a tamb\u00e9m mudasse. A haste de madeira com a ponta de ferro de cerca de 15 cm manteve-se, mas as pessoas come\u00e7aram a manusear a lan\u00e7a de forma diferente. At\u00e9 ent\u00e3o, as pessoas levantavam a lan\u00e7a acima da cabe\u00e7a para esfaquear ou atirar, ou seguravam-na debaixo do bra\u00e7o direito para a manter equilibrada. As investiga\u00e7\u00f5es revelam que, a partir do \u00faltimo quartel do s\u00e9culo XI, foram utilizadas lan\u00e7as mais pesadas, que eram seguradas por baixo da axila com a m\u00e3o direita, logo atr\u00e1s de um anel de punhalada. O anel de apunhalamento foi colocado para oferecer resist\u00eancia num confronto. A lan\u00e7a apontava diagonalmente para o lado esquerdo do pesco\u00e7o do cavalo. Ao ganhar velocidade com o seu cavalo, o cavaleiro era capaz de desferir um golpe mortal desta forma. Chama-se a isto a <em>t\u00e9cnica da lan\u00e7a acoplada<\/em>. <a href=\"https:\/\/nl.wikipedia.org\/w\/index.php?title=Maurice_Keen&amp;action=edit&amp;redlink=1\">Maurice Keen<\/a> chamou a um cavaleiro que usava esta t\u00e9cnica um &#8220;proj\u00e9til humano&#8221;. Para esta t\u00e9cnica, o cavaleiro tinha de ser especialmente treinado. Tinha de segurar simultaneamente o escudo com a m\u00e3o esquerda, manejar as r\u00e9deas e manter-se na sela. As selas eram especialmente adaptadas para esta t\u00e9cnica.             <\/p>\n\n<p><sup><a href=\"https:\/\/nl.wikipedia.org\/wiki\/Lans_(wapen)#cite_note-1\">[1]<\/a><\/sup><\/p>\n","protected":false},"excerpt":{"rendered":"<p>A bra\u00e7adeira de tens\u00e3o adapta-se ao Gable Cart 150 kg e ao Gable Cart 4\u00d74.<br \/>\n\u00c9 fabricada em a\u00e7o de alta qualidade, bem protegida contra a ferrugem e revestida com borracha para n\u00e3o danificar o vidro ou as placas.<\/p>\n","protected":false},"featured_media":0,"template":"","meta":{"_acf_changed":false,"_seopress_robots_primary_cat":"none","_seopress_titles_title":"","_seopress_titles_desc":"","_seopress_robots_index":""},"product_brand":[],"product_cat":[2709,2708],"product_tag":[2713,2710,2711,2712],"class_list":{"0":"post-141168","1":"product","2":"type-product","3":"status-publish","5":"product_cat-carrinhos-de-fachada","6":"product_cat-pecas-2","7":"product_tag-fixacao-do-vidro","8":"product_tag-glaskar","9":"product_tag-lanca-de-alcance","10":"product_tag-portas-em-carrinho-de-vidro","11":"product_shipping_class-25-euros","13":"first","14":"instock","15":"taxable","16":"shipping-taxable","17":"purchasable","18":"product-type-simple"},"acf":[],"_links":{"self":[{"href":"https:\/\/gevelridder.nl\/pt-pt\/wp-json\/wp\/v2\/product\/141168","targetHints":{"allow":["GET"]}}],"collection":[{"href":"https:\/\/gevelridder.nl\/pt-pt\/wp-json\/wp\/v2\/product"}],"about":[{"href":"https:\/\/gevelridder.nl\/pt-pt\/wp-json\/wp\/v2\/types\/product"}],"wp:attachment":[{"href":"https:\/\/gevelridder.nl\/pt-pt\/wp-json\/wp\/v2\/media?parent=141168"}],"wp:term":[{"taxonomy":"product_brand","embeddable":true,"href":"https:\/\/gevelridder.nl\/pt-pt\/wp-json\/wp\/v2\/product_brand?post=141168"},{"taxonomy":"product_cat","embeddable":true,"href":"https:\/\/gevelridder.nl\/pt-pt\/wp-json\/wp\/v2\/product_cat?post=141168"},{"taxonomy":"product_tag","embeddable":true,"href":"https:\/\/gevelridder.nl\/pt-pt\/wp-json\/wp\/v2\/product_tag?post=141168"}],"curies":[{"name":"wp","href":"https:\/\/api.w.org\/{rel}","templated":true}]}}