
{"id":141150,"date":"2026-03-24T08:17:10","date_gmt":"2026-03-24T08:17:10","guid":{"rendered":"https:\/\/gevelridder.nl\/product\/espacador-gevelridder-2-metros\/"},"modified":"2026-05-08T12:09:27","modified_gmt":"2026-05-08T12:09:27","slug":"espacador-gevelridder-2-metros","status":"publish","type":"product","link":"https:\/\/gevelridder.nl\/pt-pt\/produto\/espacador-gevelridder-2-metros\/","title":{"rendered":"Espa\u00e7ador Gevelridder 2 metros"},"content":{"rendered":"\n<p>Caro Knights, j\u00e1 usas o espa\u00e7ador Gevelridder 2 metros com o <a href=\"https:\/\/gevelridder.nl\/product\/gevelridder-l\/\">Gevelridder L<\/a>?<\/p>\n\n<h2 class=\"wp-block-heading\">Picada com o espa\u00e7ador Gevelridder 2 metros<\/h2>\n\n<p>A justa \u00e9 um dos teus jogos preferidos. Se a lan\u00e7a for mais comprida do que o concorrente durante a justa a cavalo, as hip\u00f3teses de ganhar o jogo s\u00e3o maiores. O mesmo acontece com a utiliza\u00e7\u00e3o de ferramentas na constru\u00e7\u00e3o. Com #slimbuilding, estar\u00e1s \u00e0 frente da concorr\u00eancia! N\u00f3s, Cavaleiros da T\u00e1vola Redonda, estamos a partir a lan\u00e7a para os produtos da Gevelridder! Os tubos s\u00e3o feitos de alum\u00ednio e, por isso, leves. Os espa\u00e7adores s\u00e3o utilizados para colocar o gancho do Cavaleiro da Fachada (Gevelridder) mais afastado da fachada. Isto \u00e9 necess\u00e1rio quando, por exemplo, um efeito solar se projecta para fora da fachada. Os espa\u00e7adores tamb\u00e9m s\u00e3o \u00fateis na situa\u00e7\u00e3o em que n\u00e3o h\u00e1 espa\u00e7o acima da estrutura para apoiar o Cavaleiro da Fachada (Gevelridder). Com estes suportes, o Cavaleiro da Fachada (Gevelridder) pode ser colocado no telhado. De onde vem o termo &#8220;partir uma lan\u00e7a para alguma coisa&#8221;? De acordo com a nossa l\u00edngua, \u00e9 o <a href=\"https:\/\/onzetaal.nl\/schatkamer\/lezen\/uitdrukkingen\/ergens-een-lans-voor-breken\">seguinte:<\/a> Lan\u00e7ar <em>uma lan\u00e7a por algo<\/em> significa &#8220;defender algo&#8221;, &#8220;elogiar algo&#8221;. Tamb\u00e9m podes <em>falar em nome de algu\u00e9m<\/em>; significa levantar ou defender algu\u00e9m. O <em>Grande Dicion\u00e1rio de Express\u00f5es<\/em> de Van Dale (2006) refere que esta express\u00e3o remonta \u00e0 Idade M\u00e9dia. Quando os cavaleiros partiam uma lan\u00e7a por algu\u00e9m, isso significava que lutavam por essa pessoa numa justa (durante um torneio). Ainda segundo <a href=\"https:\/\/www.dbnl.org\/tekst\/stoe002nede01_01\/stoe002nede01_01_1358.php\" target=\"_blank\" rel=\"noreferrer noopener\">F.A. Stoett<\/a>, <em>quebrar uma lan\u00e7a<\/em> vem da cavalaria; <em>quebrar uma lan\u00e7a por algu\u00e9m<\/em> significava originalmente &#8220;ir para a batalha por essa pessoa&#8221;. Este ditado ocorre em muitas l\u00ednguas, por exemplo: <em>f\u00fcr jemanden\/etwas eine Lanze brechen\/einlegen<\/em> (alem\u00e3o), <em>rompre des lances pour quelqu&#8217;un(e)<\/em> (franc\u00eas), <em>to break a lance for someone\/something<\/em> (ingl\u00eas) e <em>spezzare una lancia a\/in favore di qualcuno\/qualcosa<\/em> (italiano). S\u00f3 para que saibas&#8230;. O espa\u00e7ador tamb\u00e9m \u00e9 adequado para o <a href=\"https:\/\/gevelridder.nl\/product\/gevelridder-s-incl-afstandhouder\/\">Gevelridder S<\/a> e o <a href=\"https:\/\/gevelridder.nl\/?post_type=product&amp;p=131321\">Gevelridder M<\/a>.                 <\/p>\n","protected":false},"excerpt":{"rendered":"<p>Caros cavaleiros, j\u00e1 usas o espa\u00e7ador Gevelridder 2 metros com o <a href=\"https:\/\/gevelridder.nl\/product\/gevelridder-l\/\">Gevelridder L?<\/a> A justa \u00e9 um dos teus jogos favoritos, se a lan\u00e7a for mais comprida do que o concorrente durante a justa a cavalo, as hip\u00f3teses de ganhar o jogo s\u00e3o maiores. O mesmo acontece com a utiliza\u00e7\u00e3o de ferramentas na constru\u00e7\u00e3o. Com #slimbuilding, estar\u00e1s \u00e0 frente da concorr\u00eancia! A lan\u00e7a tamb\u00e9m \u00e9 adequada para o <a href=\"https:\/\/gevelridder.nl\/product\/gevelridder-s-incl-afstandhouder\/\">Gevelridder S<\/a> e o <a href=\"https:\/\/gevelridder.nl\/?post_type=product&#038;p=131321\">Gevelridder M<\/a> N\u00f3s, Cavaleiros da T\u00e1vola Redonda, partimos a lan\u00e7a para os produtos da Gevelridder!   <\/p>\n","protected":false},"featured_media":0,"template":"","meta":{"_acf_changed":false,"_seopress_robots_primary_cat":"none","_seopress_titles_title":"","_seopress_titles_desc":"","_seopress_robots_index":""},"product_brand":[],"product_cat":[2658],"product_tag":[2659,2679],"class_list":{"0":"post-141150","1":"product","2":"type-product","3":"status-publish","5":"product_cat-pecas","6":"product_tag-cavaleiro-de-fachada-gevelridder","7":"product_tag-espacador","8":"product_shipping_class-40-euros","10":"first","11":"instock","12":"taxable","13":"shipping-taxable","14":"purchasable","15":"product-type-simple"},"acf":[],"_links":{"self":[{"href":"https:\/\/gevelridder.nl\/pt-pt\/wp-json\/wp\/v2\/product\/141150","targetHints":{"allow":["GET"]}}],"collection":[{"href":"https:\/\/gevelridder.nl\/pt-pt\/wp-json\/wp\/v2\/product"}],"about":[{"href":"https:\/\/gevelridder.nl\/pt-pt\/wp-json\/wp\/v2\/types\/product"}],"wp:attachment":[{"href":"https:\/\/gevelridder.nl\/pt-pt\/wp-json\/wp\/v2\/media?parent=141150"}],"wp:term":[{"taxonomy":"product_brand","embeddable":true,"href":"https:\/\/gevelridder.nl\/pt-pt\/wp-json\/wp\/v2\/product_brand?post=141150"},{"taxonomy":"product_cat","embeddable":true,"href":"https:\/\/gevelridder.nl\/pt-pt\/wp-json\/wp\/v2\/product_cat?post=141150"},{"taxonomy":"product_tag","embeddable":true,"href":"https:\/\/gevelridder.nl\/pt-pt\/wp-json\/wp\/v2\/product_tag?post=141150"}],"curies":[{"name":"wp","href":"https:\/\/api.w.org\/{rel}","templated":true}]}}