
{"id":141149,"date":"2026-03-24T08:17:09","date_gmt":"2026-03-24T08:17:09","guid":{"rendered":"https:\/\/gevelridder.nl\/product\/cabo-de-aco-gancho-grande-gevelridder-xl\/"},"modified":"2026-05-08T12:09:03","modified_gmt":"2026-05-08T12:09:03","slug":"cabo-de-aco-gancho-grande-gevelridder-xl","status":"publish","type":"product","link":"https:\/\/gevelridder.nl\/pt-pt\/produto\/cabo-de-aco-gancho-grande-gevelridder-xl\/","title":{"rendered":"Cabo de a\u00e7o gancho grande Gevelridder XL"},"content":{"rendered":"\n<h2 class=\"wp-block-heading\">Cabo de a\u00e7o gancho grande Gevelridder XL<\/h2>\n\n<p>Membros da Ordem dos Cavaleiros, \u00e9 claro que pode acontecer que o cabo de a\u00e7o com gancho grande para o Gevelridder XL se avarie depois de um longo e \u00e1rduo torneio, o que \u00e9 uma pena. O Cavaleiro Facade (Gevelridder) pode ajudar-te a voltar \u00e0 batalha na tua cruzada o mais depressa poss\u00edvel com um novo cabo. Este cabo \u00e9 adequado para <a href=\"https:\/\/gevelridder.nl\/?post_type=product&amp;p=131339\">o Gevelridder XL<\/a>. Poupa dinheiro encomendando j\u00e1 outras <a href=\"https:\/\/gevelridder.nl\/product\/glaskar-250-platenwagen\/\">armas de Cavaleiro<\/a> da nossa cole\u00e7\u00e3o. O<a href=\"https:\/\/gevelridder.nl\/?post_type=product&amp;p=131321\"> Gevelridder XL<\/a> est\u00e1 equipado com um cabo de a\u00e7o com um grande gancho de seguran\u00e7a e um contrapeso no qual podes pendurar objectos. O cabo de a\u00e7o com um pequeno gancho para o Gevelridder M \u00e9 caro, o que \u00e9 um desperd\u00edcio de ducados. Como podes prolongar a vida \u00fatil do cabo? Depois de um trabalho com o Cavaleiro de Fachada (Gevelridder), \u00e9 claro que queres ir para casa o mais depressa poss\u00edvel, para que a m\u00e3e e a mulher te ajudem a despir a pesada cota de malha, afinal de contas, a vida de um Cavaleiro sem dores nas costas n\u00e3o consiste apenas em torneios. No entanto, muitas vezes, o cabo \u00e9 aumentado demasiado depressa e descarregado. Isto pode criar la\u00e7os no tambor, causando dobras e, consequentemente, danos. Certifica-te de que o cabo \u00e9 enrolado com cuidado e bem apertado, de modo a prolongar a sua vida \u00fatil. O cabo \u00e9 feito de a\u00e7o de alta qualidade. Al\u00e9m disso, \u00e9 fino e flex\u00edvel. Durante o torneio, n\u00e3o te esque\u00e7as de verificar se o teu equipamento de prote\u00e7\u00e3o pessoal tamb\u00e9m est\u00e1 em boas condi\u00e7\u00f5es?             <\/p>\n\n<h2 class=\"wp-block-heading\"><strong>equipamento de prote\u00e7\u00e3o Cabo de a\u00e7o gancho grande Gevelridder XL<\/strong><\/h2>\n\n<p>A Lei sobre as Condi\u00e7\u00f5es de Trabalho (Arbowet) exige que a entidade patronal forne\u00e7a o equipamento de prote\u00e7\u00e3o individual (EPI) necess\u00e1rio. O invent\u00e1rio e a avalia\u00e7\u00e3o dos riscos (RI&amp;E) devem indicar quando \u00e9 que o EPI deve ser utilizado. O trabalhador tem a obriga\u00e7\u00e3o de usar o EPI fornecido pelo empregador. O Cavaleiro da Ordem pode adquirir este equipamento de prote\u00e7\u00e3o na Fachada do Cavaleiro. Tanto uma <a href=\"https:\/\/gevelridder.nl\/product\/werkhandschoenen-activgrip-omega-maat-xl\/\">luva<\/a> como um <a href=\"https:\/\/gevelridder.nl\/product\/polsbescherming\/\">protetor de pulso<\/a>.    <\/p>\n\n<ul class=\"wp-block-list\">\n<li>\u00c9 obrigat\u00f3rio o uso de vestu\u00e1rio de trabalho e de cal\u00e7ado de seguran\u00e7a (classe S3) para a coloca\u00e7\u00e3o de vidros\/montagem, devido ao risco de ferimentos por corte. A chuva exige vestu\u00e1rio imperme\u00e1vel.  <\/li>\n<\/ul>\n\n<ul class=\"wp-block-list\">\n<li>Prote\u00e7\u00e3o auditiva (com atenua\u00e7\u00e3o adequada) durante a colagem e a remo\u00e7\u00e3o do selante.<\/li>\n\n\n\n<li>Os \u00f3culos de seguran\u00e7a protegem contra estilha\u00e7os de vidro quando se trabalha manualmente e se retira vidro.<\/li>\n\n\n\n<li>Capacete de seguran\u00e7a se houver risco de ser atingido por objectos em queda ou impactos na cabe\u00e7a.<\/li>\n\n\n\n<li>Prote\u00e7\u00e3o contra quedas, como um arn\u00eas com cabo de seguran\u00e7a, quando se trabalha em altura, se n\u00e3o tiverem sido tomadas medidas t\u00e9cnicas que impe\u00e7am as quedas.<\/li>\n\n\n\n<li>As luvas resistentes ao corte (pelo menos classe de corte 3) protegem contra ferimentos provocados por cortes em vidro. As luvas que s\u00e3o confort\u00e1veis para trabalhar s\u00e3o feitas de kevlar, fibras de aramida, fio dyneema ou fio spectra. Estas luvas s\u00e3o altamente resistentes aos cortes e flex\u00edveis. Um revestimento de borracha garante uma \u00f3ptima ader\u00eancia. Um bom ajuste, a aus\u00eancia de costuras e a prote\u00e7\u00e3o do pulso s\u00e3o importantes. Ver explica\u00e7\u00e3o na caixa de texto.     <\/li>\n\n\n\n<li>O protetor de pulso oferece prote\u00e7\u00e3o contra ferimentos provocados por cortes no vidro.<\/li>\n<\/ul>\n\n<p>Para mais informa\u00e7\u00f5es, clica <a href=\"https:\/\/www.volandis.nl\/media\/1125\/16063832-a-blad-glaszetten-hr.pdf\">aqui.<\/a><\/p>\n","protected":false},"excerpt":{"rendered":"<p>Membros da Ordem dos Cavaleiros, \u00e9 claro que pode acontecer que, ap\u00f3s um longo e \u00e1rduo torneio, o cabo se avarie, o que \u00e9 uma pena. A Gevelridder pode ajudar-te a voltar \u00e0 batalha o mais depressa poss\u00edvel na tua cruzada com um novo cabo. Este cabo \u00e9 adequado para <a href=\"https:\/\/gevelridder.nl\/?post_type=product&#038;p=131339\">o Gevelridder XL<\/a>. Poupa dinheiro encomendando j\u00e1 outras <a href=\"https:\/\/gevelridder.nl\/product\/glaskar-250-platenwagen\/\">armas de cavaleiro<\/a> da nossa cole\u00e7\u00e3o.   <\/p>\n","protected":false},"featured_media":0,"template":"","meta":{"_acf_changed":false,"_seopress_robots_primary_cat":"none","_seopress_titles_title":"","_seopress_titles_desc":"","_seopress_robots_index":""},"product_brand":[],"product_cat":[2658],"product_tag":[2677,2659],"class_list":{"0":"post-141149","1":"product","2":"type-product","3":"status-publish","5":"product_cat-pecas","6":"product_tag-cabo-de-aco","7":"product_tag-cavaleiro-de-fachada-gevelridder","8":"product_shipping_class-25-euros","10":"first","11":"instock","12":"taxable","13":"shipping-taxable","14":"purchasable","15":"product-type-simple"},"acf":[],"_links":{"self":[{"href":"https:\/\/gevelridder.nl\/pt-pt\/wp-json\/wp\/v2\/product\/141149","targetHints":{"allow":["GET"]}}],"collection":[{"href":"https:\/\/gevelridder.nl\/pt-pt\/wp-json\/wp\/v2\/product"}],"about":[{"href":"https:\/\/gevelridder.nl\/pt-pt\/wp-json\/wp\/v2\/types\/product"}],"wp:attachment":[{"href":"https:\/\/gevelridder.nl\/pt-pt\/wp-json\/wp\/v2\/media?parent=141149"}],"wp:term":[{"taxonomy":"product_brand","embeddable":true,"href":"https:\/\/gevelridder.nl\/pt-pt\/wp-json\/wp\/v2\/product_brand?post=141149"},{"taxonomy":"product_cat","embeddable":true,"href":"https:\/\/gevelridder.nl\/pt-pt\/wp-json\/wp\/v2\/product_cat?post=141149"},{"taxonomy":"product_tag","embeddable":true,"href":"https:\/\/gevelridder.nl\/pt-pt\/wp-json\/wp\/v2\/product_tag?post=141149"}],"curies":[{"name":"wp","href":"https:\/\/api.w.org\/{rel}","templated":true}]}}