
{"id":141146,"date":"2026-04-03T09:37:20","date_gmt":"2026-04-03T09:37:20","guid":{"rendered":"https:\/\/gevelridder.nl\/product\/guincho-manual-para-o-gable-knight\/"},"modified":"2026-04-03T09:37:20","modified_gmt":"2026-04-03T09:37:20","slug":"guincho-manual-para-o-gable-knight","status":"publish","type":"product","link":"https:\/\/gevelridder.nl\/pt-pt\/produto\/guincho-manual-para-o-gable-knight\/","title":{"rendered":"Guincho manual para o Gable Knight"},"content":{"rendered":"<p>Ol\u00e1 membros da Ordem dos Cavaleiros, \u00e9 claro que pode acontecer que o guincho de m\u00e3o se estrague depois de um longo torneio, \u00e9 pena. A Gable Knight pode ajudar-te a voltar \u00e0 batalha na tua cruzada o mais depressa poss\u00edvel com um novo guincho de m\u00e3o. Este guincho de m\u00e3o \u00e9 adequado para todos os tipos de Cavaleiros de Gable e consiste em engrenagens endurecidas numa grande fogueira a lenha, por isso o cavalo teve de esperar algum tempo por ferros novos para os seus cascos. Poupa dinheiro encomendando j\u00e1 outras <a href=\"https:\/\/gevelridder.nl\/product\/glaskar-250-platenwagen\/\">armas de Cavaleiro<\/a> da nossa cole\u00e7\u00e3o.   <\/p>\n<p>A roda dentada deste guincho est\u00e1 protegida. Nota: Se o guincho n\u00e3o chocalhar durante o guincho, o trav\u00e3o est\u00e1 avariado. P\u00e1ra de guinchar e manda reparar o guincho.  <\/p>\n<p>Temos os seguintes Gable Knights para os quais este guincho manual \u00e9 adequado.<\/p>\n<p><a href=\"https:\/\/gevelridder.nl\/product\/gevelridder-s-incl-afstandhouder\/\">-1. Gable Knight S<\/a><\/p>\n<p><a href=\"https:\/\/gevelridder.nl\/?post_type=product&#038;p=131321\">-2. Gable Knight M<\/a><\/p>\n<p><a href=\"https:\/\/gevelridder.nl\/product\/gevelridder-l\/\">-3. Gable Knight L<\/a><\/p>\n<p><a href=\"https:\/\/gevelridder.nl\/?post_type=product&#038;p=131339\">-4. Cavaleiro Gable XL<\/a><\/p>\n<p>&nbsp;<\/p>\n<h2>Papel dos fabricantes na marca\u00e7\u00e3o CE Guincho manual<\/h2>\n<p>Os fabricantes devem determinar se um produto cumpre os requisitos.<\/p>\n<h2>Marca\u00e7\u00e3o CE para produtos de fora do EEE<\/h2>\n<p>O produto \u00e9 fabricado fora do EEE? Nesse caso, o importador do produto deve verificar se o produto cumpre os requisitos. E, por conseguinte, se o produto deve ter a marca\u00e7\u00e3o CE.  <\/p>\n<p>O importador comercializa os produtos em seu pr\u00f3prio nome? Em caso afirmativo, assume a responsabilidade do fabricante. Tamb\u00e9m neste caso, tem de ser ele a colocar a marca\u00e7\u00e3o CE.  <\/p>\n<h2>Marca\u00e7\u00e3o CE obrigat\u00f3ria para mais de 20 grupos de produtos<\/h2>\n<p>A marca\u00e7\u00e3o CE aplica-se a mais de 20 grupos de produtos. Estes incluem: <\/p>\n<ul>\n<li>produtos de constru\u00e7\u00e3o;<\/li>\n<li>aparelhos a g\u00e1s;<\/li>\n<li>brinquedos;<\/li>\n<li>instrumentos de medi\u00e7\u00e3o;<\/li>\n<li>telem\u00f3veis;<\/li>\n<li>levanta-te.<\/li>\n<\/ul>\n<p>Aconselhamos os nossos clientes a seguirem o <a href=\"https:\/\/www.nlarbeidsinspectie.nl\/onderwerpen\/arbocatalogus\" target=\"_blank\" rel=\"noopener\">Cat\u00e1logo de Sa\u00fade e Seguran\u00e7a<\/a>. O cat\u00e1logo de sa\u00fade e seguran\u00e7a \u00e9 visto como uma &#8220;receita&#8221; reconhecida e amplamente apoiada, escrita pelos pr\u00f3prios parceiros sociais para promover condi\u00e7\u00f5es de trabalho saud\u00e1veis e seguras. <\/p>\n<p>&nbsp;<\/p>\n","protected":false},"excerpt":{"rendered":"<p>Ol\u00e1 membros da Ordem dos Cavaleiros, \u00e9 claro que pode acontecer que o guincho manual se avarie ap\u00f3s uma longa utiliza\u00e7\u00e3o. Gable Knight pode ajudar-te a ir para a guerra o mais r\u00e1pido poss\u00edvel com um novo guincho manual. Este guincho manual \u00e9 adequado para todos os tipos de Gable Knights e \u00e9 composto por engrenagens endurecidas num grande fogo de lenha com um trav\u00e3o autom\u00e1tico de press\u00e3o de carga. Encomenda-o aqui! Poupa dinheiro encomendando j\u00e1 outras <a href=\"https:\/\/gevelridder.nl\/product\/glaskar-250-platenwagen\/\">armas de Cavaleiro<\/a> da nossa cole\u00e7\u00e3o.    <\/p>\n","protected":false},"featured_media":132958,"template":"","meta":{"_acf_changed":false,"_seopress_robots_primary_cat":"none","_seopress_titles_title":"","_seopress_titles_desc":"","_seopress_robots_index":""},"product_brand":[],"product_cat":[2671,2672,2658],"product_tag":[2659,2674,2662,2673],"class_list":{"0":"post-141146","1":"product","2":"type-product","3":"status-publish","4":"has-post-thumbnail","6":"product_cat-ferramentas","7":"product_cat-ferramentas-de-vidro","8":"product_cat-pecas","9":"product_tag-cavaleiro-de-fachada-gevelridder","10":"product_tag-elevacao-segura","11":"product_tag-guincho","12":"product_tag-guincho-manual","14":"first","15":"instock","16":"taxable","17":"shipping-taxable","18":"purchasable","19":"product-type-simple"},"acf":[],"_links":{"self":[{"href":"https:\/\/gevelridder.nl\/pt-pt\/wp-json\/wp\/v2\/product\/141146","targetHints":{"allow":["GET"]}}],"collection":[{"href":"https:\/\/gevelridder.nl\/pt-pt\/wp-json\/wp\/v2\/product"}],"about":[{"href":"https:\/\/gevelridder.nl\/pt-pt\/wp-json\/wp\/v2\/types\/product"}],"wp:featuredmedia":[{"embeddable":true,"href":"https:\/\/gevelridder.nl\/pt-pt\/wp-json\/wp\/v2\/media\/132958"}],"wp:attachment":[{"href":"https:\/\/gevelridder.nl\/pt-pt\/wp-json\/wp\/v2\/media?parent=141146"}],"wp:term":[{"taxonomy":"product_brand","embeddable":true,"href":"https:\/\/gevelridder.nl\/pt-pt\/wp-json\/wp\/v2\/product_brand?post=141146"},{"taxonomy":"product_cat","embeddable":true,"href":"https:\/\/gevelridder.nl\/pt-pt\/wp-json\/wp\/v2\/product_cat?post=141146"},{"taxonomy":"product_tag","embeddable":true,"href":"https:\/\/gevelridder.nl\/pt-pt\/wp-json\/wp\/v2\/product_tag?post=141146"}],"curies":[{"name":"wp","href":"https:\/\/api.w.org\/{rel}","templated":true}]}}