
{"id":141144,"date":"2026-03-24T08:17:10","date_gmt":"2026-03-24T08:17:10","guid":{"rendered":"https:\/\/gevelridder.nl\/product\/conjunto-de-borracha-para-pes-gevelridder-1\/"},"modified":"2026-05-08T12:06:10","modified_gmt":"2026-05-08T12:06:10","slug":"conjunto-de-borracha-para-pes-gevelridder-1","status":"publish","type":"product","link":"https:\/\/gevelridder.nl\/pt-pt\/produto\/conjunto-de-borracha-para-pes-gevelridder-1\/","title":{"rendered":"Conjunto de borracha para p\u00e9s Gevelridder 1"},"content":{"rendered":"\n<h2 class=\"wp-block-heading\">Conjunto de borracha para p\u00e9s Gevelridder 1<\/h2>\n\n<p>Substitui regularmente o Conjunto de Borracha do P\u00e9 de Gevelridder 1. Um Cavaleiro sabe melhor do que ningu\u00e9m como \u00e9 importante manter o seu armamento corretamente, e isto tamb\u00e9m se aplica ao Conjunto de Borracha para P\u00e9s de Gevelridder 1. Muitas vezes, a tua arma est\u00e1 em p\u00e9 ou em baixo com os detalhes. Isto deve ser feito tanto na inspe\u00e7\u00e3o anual como durante a utiliza\u00e7\u00e3o do Cavaleiro de Fachada (Gevelridder). Deves mandar inspecionar o Gevelridder todos os anos. Antes de utilizar o Gevelridder, deves tamb\u00e9m verificar visualmente as borrachas dos p\u00e9s. Se o perfil estiver gasto, as borrachas dos p\u00e9s devem ser substitu\u00eddas em ambos os lados, para que o Gevelridder se mantenha est\u00e1vel e n\u00e3o se possa mover. O conjunto 1 de borrachas para os p\u00e9s do Gevelridder \u00e9 adequado para os Facade Knights (Gevelridder) comprados antes de 2022. Nota: Conjunto 1= Cavaleiro de fachada (Gevelridder) comprado antes de 2021 Conjunto 2= para Cavaleiro de fachada (Gevelridder) comprado em ou ap\u00f3s 2022 O conjunto est\u00e1 dispon\u00edvel para os seguintes Cavaleiros de fachada (Gevelridder), clica <a href=\"https:\/\/gevelridder.nl\/gevelridders\/gevelridders-gevelridders\/\">aqui. <\/a>Precisas de um conjunto para um Cavaleiro de Fachada! O Gevelridder vem com marca\u00e7\u00e3o CE. A pr\u00f3pria Gevelridder \u00e9 o fabricante do Gevelridder e, por isso, \u00e9 especialista para emitir uma marca\u00e7\u00e3o CE. Um perito deve inspecionar o Gevelridder todos os anos.           <\/p>\n\n<p>CE significa &#8220;Conformit\u00e9 Europ\u00e9enne&#8221; (Conformidade Europeia). A marca\u00e7\u00e3o CE \u00e9 um r\u00f3tulo que indica que um produto cumpre os requisitos das diretivas europeias. As diretivas abrangem requisitos legais de seguran\u00e7a, sa\u00fade e ambiente.  <\/p>\n\n<h2 class=\"wp-block-heading\">Target CE Marking Gevelridder Foot Rubber Set 1<\/h2>\n\n<p>O objetivo da marca\u00e7\u00e3o CE \u00e9 promover o com\u00e9rcio livre de mercadorias entre os Estados-Membros da UE e a harmoniza\u00e7\u00e3o da legisla\u00e7\u00e3o dos pa\u00edses da UE em mat\u00e9ria de seguran\u00e7a e sa\u00fade dos produtos. Um produto com marca\u00e7\u00e3o CE tem acesso ao mercado internacional dentro da Europa. A marca\u00e7\u00e3o CE &#8211; reconhec\u00edvel pelas letras C e E &#8211; tem de estar no produto ou numa placa de dados sobre o mesmo.  <\/p>\n\n<h2 class=\"wp-block-heading\">Aplica\u00e7\u00e3o ou aplica\u00e7\u00e3o da marca\u00e7\u00e3o CE<\/h2>\n\n<p>O pedido de marca\u00e7\u00e3o CE n\u00e3o \u00e9 poss\u00edvel; destina-se a ser aplicado pelos pr\u00f3prios fabricantes ou importadores. Com esta marca\u00e7\u00e3o, o fabricante ou importador declara que o produto cumpre os requisitos. Os produtos para os quais existe uma diretiva europeia devem estar sempre em conformidade com a diretiva e ter a marca\u00e7\u00e3o CE. A coloca\u00e7\u00e3o do produto no mercado s\u00f3 \u00e9 poss\u00edvel se tiver sido comprovado, atrav\u00e9s de uma avalia\u00e7\u00e3o de conformidade, que o produto cumpre a diretiva, pelo que um Gevelridder tamb\u00e9m tem de ter boas borrachas. O fabricante ou importador declara, atrav\u00e9s de uma declara\u00e7\u00e3o CE de conformidade, que o produto cumpre os requisitos e pode aplicar a marca\u00e7\u00e3o CE.    <\/p>\n\n<p><a href=\"https:\/\/kader-advies.nl\/begrippen\/ce-markering\/\">V\u00ea tamb\u00e9m.<\/a><\/p>\n","protected":false},"excerpt":{"rendered":"<div class=\"woocommerce-product-details__short-description\">\n<p>Caros artes\u00e3os da Cavalaria, Caros Cavaleiros, Um Cavaleiro sabe melhor do que ningu\u00e9m como \u00e9 importante manter o seu armamento corretamente. Muitas vezes, a manuten\u00e7\u00e3o depende dos pormenores. Por exemplo, na inspe\u00e7\u00e3o anual \u00e9 importante que as borrachas dos p\u00e9s sejam devidamente verificadas quanto ao seu desgaste, antes de usares o Cavaleiro de Fachada (Gevelridder) este tamb\u00e9m deve ser devidamente verificado. Se o perfil estiver desgastado, as borrachas dos p\u00e9s devem ser substitu\u00eddas em ambos os lados, para que o Gevelridder permane\u00e7a est\u00e1vel e n\u00e3o se possa mover. Aten\u00e7\u00e3o: Conjunto 1= para Cavaleiros de fachada (Gevelridder) comprados antes de 2021 Conjunto 2= para Cavaleiros de fachada (Gevelridder) comprados em ou ap\u00f3s 2022 Precisas de 1 conjunto para um Cavaleiro de fachada!    <\/p>\n<\/div>\n","protected":false},"featured_media":0,"template":"","meta":{"_acf_changed":false,"_seopress_robots_primary_cat":"none","_seopress_titles_title":"","_seopress_titles_desc":"","_seopress_robots_index":""},"product_brand":[],"product_cat":[2658],"product_tag":[2670],"class_list":{"0":"post-141144","1":"product","2":"type-product","3":"status-publish","5":"product_cat-pecas","6":"product_tag-pe-de-borracha-cavaleiro-de-empena","8":"first","9":"instock","10":"taxable","11":"shipping-taxable","12":"purchasable","13":"product-type-simple"},"acf":[],"_links":{"self":[{"href":"https:\/\/gevelridder.nl\/pt-pt\/wp-json\/wp\/v2\/product\/141144","targetHints":{"allow":["GET"]}}],"collection":[{"href":"https:\/\/gevelridder.nl\/pt-pt\/wp-json\/wp\/v2\/product"}],"about":[{"href":"https:\/\/gevelridder.nl\/pt-pt\/wp-json\/wp\/v2\/types\/product"}],"wp:attachment":[{"href":"https:\/\/gevelridder.nl\/pt-pt\/wp-json\/wp\/v2\/media?parent=141144"}],"wp:term":[{"taxonomy":"product_brand","embeddable":true,"href":"https:\/\/gevelridder.nl\/pt-pt\/wp-json\/wp\/v2\/product_brand?post=141144"},{"taxonomy":"product_cat","embeddable":true,"href":"https:\/\/gevelridder.nl\/pt-pt\/wp-json\/wp\/v2\/product_cat?post=141144"},{"taxonomy":"product_tag","embeddable":true,"href":"https:\/\/gevelridder.nl\/pt-pt\/wp-json\/wp\/v2\/product_tag?post=141144"}],"curies":[{"name":"wp","href":"https:\/\/api.w.org\/{rel}","templated":true}]}}